{"id":2122,"date":"2023-12-05T15:26:35","date_gmt":"2023-12-05T14:26:35","guid":{"rendered":"https:\/\/hultsfredstrandcamping.se\/offnungszeiten\/"},"modified":"2026-03-12T04:11:16","modified_gmt":"2026-03-12T03:11:16","slug":"offnungszeiten","status":"publish","type":"page","link":"https:\/\/hultsfredstrandcamping.se\/de\/offnungszeiten\/","title":{"rendered":"\u00d6ffnungszeiten"},"content":{"rendered":"<p>[et_pb_section fb_built=&#8220;1&#8243; module_id=&#8220;hero3&#8243; _builder_version=&#8220;4.24.0&#8243; _module_preset=&#8220;default&#8220; locked=&#8220;off&#8220; global_colors_info=&#8220;{}&#8220;][et_pb_row column_structure=&#8220;1_2,1_2&#8243; use_custom_gutter=&#8220;on&#8220; gutter_width=&#8220;1&#8243; make_equal=&#8220;on&#8220; _builder_version=&#8220;4.24.0&#8243; _module_preset=&#8220;default&#8220; width=&#8220;100%&#8220; max_width=&#8220;100%&#8220; custom_margin=&#8220;0px||0px||false|false&#8220; custom_padding=&#8220;0px||0px||false|false&#8220; global_colors_info=&#8220;{}&#8220;][et_pb_column type=&#8220;1_2&#8243; module_class=&#8220;vertical-align&#8220; _builder_version=&#8220;4.24.0&#8243; _module_preset=&#8220;default&#8220; background_color=&#8220;#FFFFFF&#8220; custom_padding=&#8220;100px||100px||false|false&#8220; global_colors_info=&#8220;{}&#8220;][et_pb_icon font_icon=&#8220;&#xf017;||fa||900&#8243; icon_color=&#8220;#F3D226&#8243; _builder_version=&#8220;4.24.0&#8243; _module_preset=&#8220;default&#8220; locked=&#8220;off&#8220; global_colors_info=&#8220;{}&#8220;][\/et_pb_icon][et_pb_text _builder_version=&#8220;4.27.2&#8243; _module_preset=&#8220;default&#8220; header_font=&#8220;|700|||||||&#8220; header_text_align=&#8220;center&#8220; header_font_size=&#8220;50px&#8220; header_2_font=&#8220;|700|||||||&#8220; header_2_text_align=&#8220;center&#8220; hover_enabled=&#8220;0&#8243; locked=&#8220;off&#8220; global_colors_info=&#8220;{}&#8220; sticky_enabled=&#8220;0&#8243;]<\/p>\n<h1>\u00d6ffnungszeiten<\/h1>\n<h2><span>Rezeption &amp; Waffelcaf\u00e9<\/span><\/h2>\n<p><span>Hier finden Sie die \u00d6ffnungszeiten f\u00fcr die diesj\u00e4hrige Saison auf dem Campingplatz Hultsfred Strandcamping. Nat\u00fcrlich kann es aufgrund von Wetter, Veranstaltungen usw. zu gewissen Zeitabweichungen kommen.<\/span><\/p>\n<p>[\/et_pb_text][\/et_pb_column][et_pb_column type=&#8220;1_2&#8243; module_class=&#8220;image&#8220; _builder_version=&#8220;4.24.0&#8243; _module_preset=&#8220;default&#8220; global_colors_info=&#8220;{}&#8220;][et_pb_image src=&#8220;https:\/\/hultsfredstrandcamping.se\/wp-content\/uploads\/cafe-03.jpg&#8220; alt=&#8220;\u00d6ffnungszeiten &#8211; Hultsfred Strandcamping&#8220; title_text=&#8220;\u00d6ffnungszeiten &#8211; Hultsfred Strandcamping&#8220; force_fullwidth=&#8220;on&#8220; module_class=&#8220;cover&#8220; _builder_version=&#8220;4.24.2&#8243; _module_preset=&#8220;default&#8220; global_colors_info=&#8220;{}&#8220;][\/et_pb_image][\/et_pb_column][\/et_pb_row][\/et_pb_section][et_pb_section fb_built=&#8220;1&#8243; module_class=&#8220;graybg&#8220; _builder_version=&#8220;4.23.1&#8243; _module_preset=&#8220;default&#8220; custom_padding=&#8220;60px||100px|||&#8220; global_colors_info=&#8220;{}&#8220;][et_pb_row column_structure=&#8220;1_2,1_2&#8243; use_custom_gutter=&#8220;on&#8220; gutter_width=&#8220;2&#8243; make_equal=&#8220;on&#8220; _builder_version=&#8220;4.23.1&#8243; _module_preset=&#8220;default&#8220; custom_padding=&#8220;40px||0px|||&#8220; global_colors_info=&#8220;{}&#8220;][et_pb_column type=&#8220;1_2&#8243; _builder_version=&#8220;4.23.1&#8243; _module_preset=&#8220;default&#8220; background_color=&#8220;#FFFFFF&#8220; global_colors_info=&#8220;{}&#8220;][et_pb_image src=&#8220;https:\/\/hultsfredstrandcamping.se\/wp-content\/uploads\/Reception.jpg&#8220; alt=&#8220;Rezeption&#8220; title_text=&#8220;Rezeption&#8220; show_bottom_space=&#8220;off&#8220; force_fullwidth=&#8220;on&#8220; module_class=&#8220;image-resize&#8220; _builder_version=&#8220;4.27.4&#8243; _module_preset=&#8220;default&#8220; global_colors_info=&#8220;{}&#8220;][\/et_pb_image][et_pb_text _builder_version=&#8220;4.27.6&#8243; _module_preset=&#8220;default&#8220; header_2_font=&#8220;|700|||||||&#8220; header_3_font=&#8220;|700||on|||||&#8220; header_3_font_size=&#8220;14px&#8220; custom_margin=&#8220;||0px||false|false&#8220; custom_padding=&#8220;||||false|false&#8220; hover_enabled=&#8220;0&#8243; global_colors_info=&#8220;{}&#8220; admin_label=&#8220;Text&#8220; sticky_enabled=&#8220;0&#8243;]<\/p>\n<h2>Rezeption<\/h2>\n<h3>\u00d6ffnungszeiten f\u00fcr 2026<\/h3>\n<table style=\"border-collapse: collapse; width: 100%; margin: 30px 0 0;\" border=\"1\">\n<tbody>\n<tr>\n<td style=\"width: 50%;\" colspan=\"2\"><strong>Check-in \/ Check-out<\/strong><\/td>\n<\/tr>\n<tr>\n<td style=\"width: 50%;\">30. april &#8211; 13 september<\/td>\n<td style=\"width: 50%;\">\n<p><strong>Check-in:<\/strong> ab 15 Uhr<\/p>\n<p><strong>Check-out:<\/strong><br \/>H\u00fctten &#8211; bis 11 Uhr<br \/>Camping &#8211; bis 13 Uhr<\/p>\n<\/td>\n<\/tr>\n<tr>\n<td class=\"highlight separator\" style=\"width: 50%;\" colspan=\"2\"><strong>30. April \u2013 29. Mai<\/strong><\/td>\n<\/tr>\n<tr>\n<td class=\"highlight\" style=\"width: 50%;\">Alle Tage<\/td>\n<td class=\"highlight\" style=\"width: 50%;\">11\u201313 &amp; 15\u201319<\/td>\n<\/tr>\n<tr>\n<td class=\"separator\" style=\"width: 50%;\" colspan=\"2\"><strong>30. Mai \u2013 12. Juni<\/strong><\/td>\n<\/tr>\n<tr>\n<td style=\"width: 50%;\">Alle Tage<\/td>\n<td style=\"width: 50%;\">9 &#8211; 19<\/td>\n<\/tr>\n<tr>\n<td class=\"highlight separator\" style=\"width: 50%;\" colspan=\"2\"><strong>12. juni &#8211; 16. August<\/strong><\/td>\n<\/tr>\n<tr>\n<td class=\"highlight\" style=\"width: 50%;\">Alle Tage<\/td>\n<td class=\"highlight\" style=\"width: 50%;\">8 &#8211; 21<\/td>\n<\/tr>\n<tr>\n<td class=\"separator\" style=\"width: 50%;\" colspan=\"2\"><strong>17. August- 30. August<\/strong><\/td>\n<\/tr>\n<tr>\n<td style=\"width: 50%;\">Alle Tage<\/td>\n<td style=\"width: 50%;\">9 &#8211; 19<\/td>\n<\/tr>\n<tr>\n<td class=\"highlight separator\" style=\"width: 50%;\" colspan=\"2\"><strong>31. August &#8211; 12. September<\/strong><\/td>\n<\/tr>\n<tr>\n<td class=\"highlight\" style=\"width: 50%;\">Alle Tage<\/td>\n<td class=\"highlight\" style=\"width: 50%;\">11 &#8211; 19<\/td>\n<\/tr>\n<\/tbody>\n<\/table>\n<p>[\/et_pb_text][et_pb_blurb use_icon=&#8220;on&#8220; font_icon=&#8220;&#xf05a;||fa||900&#8243; icon_placement=&#8220;left&#8220; image_icon_width=&#8220;50px&#8220; content_max_width=&#8220;100%&#8220; _builder_version=&#8220;4.24.0&#8243; _module_preset=&#8220;default&#8220; custom_margin=&#8220;||30px||false|false&#8220; custom_padding=&#8220;|30px||30px|false|false&#8220; global_colors_info=&#8220;{}&#8220;]<\/p>\n<p>Kaffee und Eis sind w\u00e4hrend dieser \u00d6ffnungszeiten immer erh\u00e4ltlich!<\/p>\n<p>Wenn Sie gebucht haben und zum Check-in kommen, wenn die Rezeption geschlossen ist, organisieren wir dies f\u00fcr Sie.<\/p>\n<p>[\/et_pb_blurb][\/et_pb_column][et_pb_column type=&#8220;1_2&#8243; _builder_version=&#8220;4.23.1&#8243; _module_preset=&#8220;default&#8220; background_color=&#8220;#FFFFFF&#8220; global_colors_info=&#8220;{}&#8220;][et_pb_image src=&#8220;https:\/\/hultsfredstrandcamping.se\/wp-content\/uploads\/cafe-02.jpg&#8220; alt=&#8220;Waffelcaf\u00e9&#8220; title_text=&#8220;Waffelcaf\u00e9&#8220; show_bottom_space=&#8220;off&#8220; force_fullwidth=&#8220;on&#8220; module_class=&#8220;image-resize&#8220; _builder_version=&#8220;4.24.0&#8243; _module_preset=&#8220;default&#8220; global_colors_info=&#8220;{}&#8220;][\/et_pb_image][et_pb_text _builder_version=&#8220;4.27.4&#8243; _module_preset=&#8220;default&#8220; header_2_font=&#8220;|700|||||||&#8220; header_3_font=&#8220;|700||on|||||&#8220; header_3_font_size=&#8220;14px&#8220; custom_margin=&#8220;||0px||false|false&#8220; custom_padding=&#8220;||||false|false&#8220; global_colors_info=&#8220;{}&#8220;]<\/p>\n<h2>Waffelcaf\u00e9<\/h2>\n<h3>\u00d6ffnungszeiten f\u00fcr 2026<\/h3>\n<table style=\"border-collapse: collapse; width: 100%; margin: 30px 0 0;\" border=\"1\">\n<tbody>\n<tr>\n<td style=\"width: 50%;\" colspan=\"2\"><strong>9. mai &#8211; 10. mai<\/strong><\/td>\n<\/tr>\n<tr>\n<td style=\"width: 50%;\">Montag &#8211; Freitag<\/td>\n<td style=\"width: 50%;\">Geschlossen<\/td>\n<\/tr>\n<tr>\n<td style=\"width: 50%;\">Samstag &amp; Sonntag<\/td>\n<td style=\"width: 50%;\">12 &#8211; 20<\/td>\n<\/tr>\n<tr>\n<td class=\"highlight separator\" style=\"width: 50%;\" colspan=\"2\"><strong>11. mai &#8211; 11. juni<\/strong><\/td>\n<\/tr>\n<tr>\n<td class=\"highlight\" style=\"width: 50%;\">Montag &#8211; Freitag<\/td>\n<td class=\"highlight\" style=\"width: 50%;\">Geschlossen<\/td>\n<\/tr>\n<tr>\n<td class=\"highlight\" style=\"width: 50%;\">Samstag &amp; Sonntag<\/td>\n<td class=\"highlight\" style=\"width: 50%;\">12 &#8211; 20<\/td>\n<\/tr>\n<tr>\n<td class=\"highlight\" style=\"width: 50%;\">und Christi Himmelfahrt 14. &amp; 15. mai<\/td>\n<td class=\"highlight\" style=\"width: 50%;\">12 &#8211; 20<\/td>\n<\/tr>\n<tr>\n<td class=\"separator\" style=\"width: 50%;\" colspan=\"2\"><strong>12. juni &#8211; 16. August<\/strong><\/td>\n<\/tr>\n<tr>\n<td style=\"width: 50%;\">Montag<\/td>\n<td style=\"width: 50%;\">Geschlossen<\/td>\n<\/tr>\n<tr>\n<td style=\"width: 50%;\">Dienstag &#8211; Sonntag<\/td>\n<td style=\"width: 50%;\">12 &#8211; 21<\/td>\n<\/tr>\n<tr>\n<td class=\"highlight separator\" style=\"width: 50%;\" colspan=\"2\"><strong>17. August- 30. August<\/strong><\/td>\n<\/tr>\n<tr>\n<td class=\"highlight\" style=\"width: 50%;\">Montag &#8211; Freitag<\/td>\n<td class=\"highlight\" style=\"width: 50%;\">Geschlossen<\/td>\n<\/tr>\n<tr>\n<td class=\"highlight\" style=\"width: 50%;\"><\/td>\n<td class=\"highlight\" style=\"width: 50%;\"><\/td>\n<\/tr>\n<tr>\n<td class=\"highlight\" style=\"width: 50%;\">Samstag &#8211; Sonntag<\/td>\n<td class=\"highlight\" style=\"width: 50%;\">12 &#8211; 20<\/td>\n<\/tr>\n<\/tbody>\n<\/table>\n<p>[\/et_pb_text][et_pb_blurb use_icon=&#8220;on&#8220; font_icon=&#8220;&#xf05a;||fa||900&#8243; icon_placement=&#8220;left&#8220; image_icon_width=&#8220;50px&#8220; content_max_width=&#8220;100%&#8220; _builder_version=&#8220;4.24.0&#8243; _module_preset=&#8220;default&#8220; custom_margin=&#8220;||30px||false|false&#8220; custom_padding=&#8220;|30px||30px|false|false&#8220; global_colors_info=&#8220;{}&#8220;]<\/p>\n<p>Nat\u00fcrlich kann es aufgrund von Wetter, Veranstaltungen usw. zu gewissen Zeitabweichungen kommen. Folgen Sie uns auf Facebook f\u00fcr aktuelle Informationen.<\/p>\n<p>[\/et_pb_blurb][\/et_pb_column][\/et_pb_row][\/et_pb_section]<\/p>\n","protected":false},"excerpt":{"rendered":"<p>\u00d6ffnungszeiten Rezeption &amp; Waffelcaf\u00e9 Hier finden Sie die \u00d6ffnungszeiten f\u00fcr die diesj\u00e4hrige Saison auf dem Campingplatz Hultsfred Strandcamping. Nat\u00fcrlich kann es aufgrund von Wetter, Veranstaltungen usw. zu gewissen Zeitabweichungen kommen.Rezeption \u00d6ffnungszeiten f\u00fcr 2026 Check-in \/ Check-out 30. april &#8211; 13 september Check-in: ab 15 Uhr Check-out:H\u00fctten &#8211; bis 11 UhrCamping &#8211; bis 13 Uhr 30. [&hellip;]<\/p>\n","protected":false},"author":1,"featured_media":0,"parent":0,"menu_order":0,"comment_status":"closed","ping_status":"closed","template":"","meta":{"_acf_changed":false,"_et_pb_use_builder":"on","_et_pb_old_content":"","_et_gb_content_width":"","footnotes":""},"class_list":["post-2122","page","type-page","status-publish","hentry"],"acf":[],"yoast_head":"<!-- This site is optimized with the Yoast SEO plugin v27.4 - https:\/\/yoast.com\/product\/yoast-seo-wordpress\/ -->\n<title>\u00d6ffnungszeiten - Hultsfred Strandcamping<\/title>\n<meta name=\"description\" content=\"\u00d6ffnungszeiten der Rezeption und unseres beliebten Waffelcaf\u00e9s f\u00fcr die diesj\u00e4hrige Saison im Hultsfred Strandcamping, Sm\u00e5land.\" \/>\n<meta name=\"robots\" content=\"index, follow, max-snippet:-1, max-image-preview:large, max-video-preview:-1\" \/>\n<link rel=\"canonical\" href=\"https:\/\/hultsfredstrandcamping.se\/de\/offnungszeiten\/\" \/>\n<meta property=\"og:locale\" content=\"de_DE\" \/>\n<meta property=\"og:type\" content=\"article\" \/>\n<meta property=\"og:title\" content=\"\u00d6ffnungszeiten - Hultsfred Strandcamping\" \/>\n<meta property=\"og:description\" content=\"\u00d6ffnungszeiten der Rezeption und unseres beliebten Waffelcaf\u00e9s f\u00fcr die diesj\u00e4hrige Saison im Hultsfred Strandcamping, Sm\u00e5land.\" \/>\n<meta property=\"og:url\" content=\"https:\/\/hultsfredstrandcamping.se\/de\/offnungszeiten\/\" \/>\n<meta property=\"og:site_name\" content=\"Hultsfred Strandcamping\" \/>\n<meta property=\"article:publisher\" content=\"https:\/\/www.facebook.com\/hultsfredstrandcamping\" \/>\n<meta property=\"article:modified_time\" content=\"2026-03-12T03:11:16+00:00\" \/>\n<script type=\"application\/ld+json\" class=\"yoast-schema-graph\">{\"@context\":\"https:\\\/\\\/schema.org\",\"@graph\":[{\"@type\":\"WebPage\",\"@id\":\"https:\\\/\\\/hultsfredstrandcamping.se\\\/de\\\/offnungszeiten\\\/\",\"url\":\"https:\\\/\\\/hultsfredstrandcamping.se\\\/de\\\/offnungszeiten\\\/\",\"name\":\"\u00d6ffnungszeiten - Hultsfred Strandcamping\",\"isPartOf\":{\"@id\":\"https:\\\/\\\/hultsfredstrandcamping.se\\\/#website\"},\"datePublished\":\"2023-12-05T14:26:35+00:00\",\"dateModified\":\"2026-03-12T03:11:16+00:00\",\"description\":\"\u00d6ffnungszeiten der Rezeption und unseres beliebten Waffelcaf\u00e9s f\u00fcr die diesj\u00e4hrige Saison im Hultsfred Strandcamping, Sm\u00e5land.\",\"breadcrumb\":{\"@id\":\"https:\\\/\\\/hultsfredstrandcamping.se\\\/de\\\/offnungszeiten\\\/#breadcrumb\"},\"inLanguage\":\"de\",\"potentialAction\":[{\"@type\":\"ReadAction\",\"target\":[\"https:\\\/\\\/hultsfredstrandcamping.se\\\/de\\\/offnungszeiten\\\/\"]}]},{\"@type\":\"BreadcrumbList\",\"@id\":\"https:\\\/\\\/hultsfredstrandcamping.se\\\/de\\\/offnungszeiten\\\/#breadcrumb\",\"itemListElement\":[{\"@type\":\"ListItem\",\"position\":1,\"name\":\"Hem\",\"item\":\"https:\\\/\\\/hultsfredstrandcamping.se\\\/de\\\/startsida\\\/\"},{\"@type\":\"ListItem\",\"position\":2,\"name\":\"\u00d6ffnungszeiten\"}]},{\"@type\":\"WebSite\",\"@id\":\"https:\\\/\\\/hultsfredstrandcamping.se\\\/#website\",\"url\":\"https:\\\/\\\/hultsfredstrandcamping.se\\\/\",\"name\":\"Hultsfred Strandcamping\",\"description\":\"Hultsfred Strandcamping\",\"publisher\":{\"@id\":\"https:\\\/\\\/hultsfredstrandcamping.se\\\/#organization\"},\"potentialAction\":[{\"@type\":\"SearchAction\",\"target\":{\"@type\":\"EntryPoint\",\"urlTemplate\":\"https:\\\/\\\/hultsfredstrandcamping.se\\\/?s={search_term_string}\"},\"query-input\":{\"@type\":\"PropertyValueSpecification\",\"valueRequired\":true,\"valueName\":\"search_term_string\"}}],\"inLanguage\":\"de\"},{\"@type\":\"Organization\",\"@id\":\"https:\\\/\\\/hultsfredstrandcamping.se\\\/#organization\",\"name\":\"Hultsfred Strandcamping\",\"url\":\"https:\\\/\\\/hultsfredstrandcamping.se\\\/\",\"logo\":{\"@type\":\"ImageObject\",\"inLanguage\":\"de\",\"@id\":\"https:\\\/\\\/hultsfredstrandcamping.se\\\/#\\\/schema\\\/logo\\\/image\\\/\",\"url\":\"https:\\\/\\\/hultsfredstrandcamping.se\\\/wp-content\\\/uploads\\\/Hultsfred.Strandcamping-logo.png\",\"contentUrl\":\"https:\\\/\\\/hultsfredstrandcamping.se\\\/wp-content\\\/uploads\\\/Hultsfred.Strandcamping-logo.png\",\"width\":340,\"height\":187,\"caption\":\"Hultsfred Strandcamping\"},\"image\":{\"@id\":\"https:\\\/\\\/hultsfredstrandcamping.se\\\/#\\\/schema\\\/logo\\\/image\\\/\"},\"sameAs\":[\"https:\\\/\\\/www.facebook.com\\\/hultsfredstrandcamping\",\"https:\\\/\\\/www.instagram.com\\\/hultsfredstrandcamping\\\/\"]}]}<\/script>\n<!-- \/ Yoast SEO plugin. -->","yoast_head_json":{"title":"\u00d6ffnungszeiten - Hultsfred Strandcamping","description":"\u00d6ffnungszeiten der Rezeption und unseres beliebten Waffelcaf\u00e9s f\u00fcr die diesj\u00e4hrige Saison im Hultsfred Strandcamping, Sm\u00e5land.","robots":{"index":"index","follow":"follow","max-snippet":"max-snippet:-1","max-image-preview":"max-image-preview:large","max-video-preview":"max-video-preview:-1"},"canonical":"https:\/\/hultsfredstrandcamping.se\/de\/offnungszeiten\/","og_locale":"de_DE","og_type":"article","og_title":"\u00d6ffnungszeiten - Hultsfred Strandcamping","og_description":"\u00d6ffnungszeiten der Rezeption und unseres beliebten Waffelcaf\u00e9s f\u00fcr die diesj\u00e4hrige Saison im Hultsfred Strandcamping, Sm\u00e5land.","og_url":"https:\/\/hultsfredstrandcamping.se\/de\/offnungszeiten\/","og_site_name":"Hultsfred Strandcamping","article_publisher":"https:\/\/www.facebook.com\/hultsfredstrandcamping","article_modified_time":"2026-03-12T03:11:16+00:00","schema":{"@context":"https:\/\/schema.org","@graph":[{"@type":"WebPage","@id":"https:\/\/hultsfredstrandcamping.se\/de\/offnungszeiten\/","url":"https:\/\/hultsfredstrandcamping.se\/de\/offnungszeiten\/","name":"\u00d6ffnungszeiten - Hultsfred Strandcamping","isPartOf":{"@id":"https:\/\/hultsfredstrandcamping.se\/#website"},"datePublished":"2023-12-05T14:26:35+00:00","dateModified":"2026-03-12T03:11:16+00:00","description":"\u00d6ffnungszeiten der Rezeption und unseres beliebten Waffelcaf\u00e9s f\u00fcr die diesj\u00e4hrige Saison im Hultsfred Strandcamping, Sm\u00e5land.","breadcrumb":{"@id":"https:\/\/hultsfredstrandcamping.se\/de\/offnungszeiten\/#breadcrumb"},"inLanguage":"de","potentialAction":[{"@type":"ReadAction","target":["https:\/\/hultsfredstrandcamping.se\/de\/offnungszeiten\/"]}]},{"@type":"BreadcrumbList","@id":"https:\/\/hultsfredstrandcamping.se\/de\/offnungszeiten\/#breadcrumb","itemListElement":[{"@type":"ListItem","position":1,"name":"Hem","item":"https:\/\/hultsfredstrandcamping.se\/de\/startsida\/"},{"@type":"ListItem","position":2,"name":"\u00d6ffnungszeiten"}]},{"@type":"WebSite","@id":"https:\/\/hultsfredstrandcamping.se\/#website","url":"https:\/\/hultsfredstrandcamping.se\/","name":"Hultsfred Strandcamping","description":"Hultsfred Strandcamping","publisher":{"@id":"https:\/\/hultsfredstrandcamping.se\/#organization"},"potentialAction":[{"@type":"SearchAction","target":{"@type":"EntryPoint","urlTemplate":"https:\/\/hultsfredstrandcamping.se\/?s={search_term_string}"},"query-input":{"@type":"PropertyValueSpecification","valueRequired":true,"valueName":"search_term_string"}}],"inLanguage":"de"},{"@type":"Organization","@id":"https:\/\/hultsfredstrandcamping.se\/#organization","name":"Hultsfred Strandcamping","url":"https:\/\/hultsfredstrandcamping.se\/","logo":{"@type":"ImageObject","inLanguage":"de","@id":"https:\/\/hultsfredstrandcamping.se\/#\/schema\/logo\/image\/","url":"https:\/\/hultsfredstrandcamping.se\/wp-content\/uploads\/Hultsfred.Strandcamping-logo.png","contentUrl":"https:\/\/hultsfredstrandcamping.se\/wp-content\/uploads\/Hultsfred.Strandcamping-logo.png","width":340,"height":187,"caption":"Hultsfred Strandcamping"},"image":{"@id":"https:\/\/hultsfredstrandcamping.se\/#\/schema\/logo\/image\/"},"sameAs":["https:\/\/www.facebook.com\/hultsfredstrandcamping","https:\/\/www.instagram.com\/hultsfredstrandcamping\/"]}]}},"_links":{"self":[{"href":"https:\/\/hultsfredstrandcamping.se\/de\/wp-json\/wp\/v2\/pages\/2122","targetHints":{"allow":["GET"]}}],"collection":[{"href":"https:\/\/hultsfredstrandcamping.se\/de\/wp-json\/wp\/v2\/pages"}],"about":[{"href":"https:\/\/hultsfredstrandcamping.se\/de\/wp-json\/wp\/v2\/types\/page"}],"author":[{"embeddable":true,"href":"https:\/\/hultsfredstrandcamping.se\/de\/wp-json\/wp\/v2\/users\/1"}],"replies":[{"embeddable":true,"href":"https:\/\/hultsfredstrandcamping.se\/de\/wp-json\/wp\/v2\/comments?post=2122"}],"version-history":[{"count":33,"href":"https:\/\/hultsfredstrandcamping.se\/de\/wp-json\/wp\/v2\/pages\/2122\/revisions"}],"predecessor-version":[{"id":3384,"href":"https:\/\/hultsfredstrandcamping.se\/de\/wp-json\/wp\/v2\/pages\/2122\/revisions\/3384"}],"wp:attachment":[{"href":"https:\/\/hultsfredstrandcamping.se\/de\/wp-json\/wp\/v2\/media?parent=2122"}],"curies":[{"name":"wp","href":"https:\/\/api.w.org\/{rel}","templated":true}]}}