{"id":2125,"date":"2024-01-26T12:57:41","date_gmt":"2024-01-26T11:57:41","guid":{"rendered":"https:\/\/hultsfredstrandcamping.se\/geschaeftsordnung\/"},"modified":"2025-11-05T17:32:00","modified_gmt":"2025-11-05T16:32:00","slug":"geschaeftsordnung","status":"publish","type":"page","link":"https:\/\/hultsfredstrandcamping.se\/de\/geschaeftsordnung\/","title":{"rendered":"Gesch\u00e4ftsordnung"},"content":{"rendered":"<p>[et_pb_section fb_built=&#8220;1&#8243; module_id=&#8220;hero3&#8243; _builder_version=&#8220;4.24.0&#8243; _module_preset=&#8220;default&#8220; locked=&#8220;off&#8220; global_colors_info=&#8220;{}&#8220;][et_pb_row column_structure=&#8220;1_2,1_2&#8243; use_custom_gutter=&#8220;on&#8220; gutter_width=&#8220;1&#8243; make_equal=&#8220;on&#8220; _builder_version=&#8220;4.24.0&#8243; _module_preset=&#8220;default&#8220; width=&#8220;100%&#8220; max_width=&#8220;100%&#8220; custom_margin=&#8220;0px||0px||false|false&#8220; custom_padding=&#8220;0px||0px||false|false&#8220; global_colors_info=&#8220;{}&#8220;][et_pb_column type=&#8220;1_2&#8243; module_class=&#8220;vertical-align&#8220; _builder_version=&#8220;4.24.0&#8243; _module_preset=&#8220;default&#8220; background_color=&#8220;#FFFFFF&#8220; custom_padding=&#8220;100px||100px||false|false&#8220; global_colors_info=&#8220;{}&#8220;][et_pb_icon font_icon=&#8220;&#xf004;||fa||900&#8243; icon_color=&#8220;#F3D226&#8243; _builder_version=&#8220;4.24.0&#8243; _module_preset=&#8220;default&#8220; locked=&#8220;off&#8220; global_colors_info=&#8220;{}&#8220;][\/et_pb_icon][et_pb_text _builder_version=&#8220;4.24.0&#8243; _module_preset=&#8220;default&#8220; header_font=&#8220;|700|||||||&#8220; header_text_align=&#8220;center&#8220; header_font_size=&#8220;50px&#8220; header_2_font=&#8220;|700|||||||&#8220; header_2_text_align=&#8220;center&#8220; locked=&#8220;off&#8220; global_colors_info=&#8220;{}&#8220;]<\/p>\n<h1 class=\"av-special-heading-tag\" itemprop=\"headline\">Unsere Gesch\u00e4ftsordnung<\/h1>\n<h2>Willkommen auf unserem Campingplatz!<\/h2>\n<p>Als Mitglied des schwedischen Branchenverbandes SCR f\u00fcr Camping gelten f\u00fcr uns die gleichen Verfahrensregeln.<\/p>\n<p>Die folgenden Regeln dienen Ihrem Komfort und dem der anderen G\u00e4ste. Wir hoffen, dass Sie damit einen angenehmen Aufenthalt auf unserem Campingplatz verbringen werden.<\/p>\n<p>[\/et_pb_text][\/et_pb_column][et_pb_column type=&#8220;1_2&#8243; module_class=&#8220;image&#8220; _builder_version=&#8220;4.24.0&#8243; _module_preset=&#8220;default&#8220; global_colors_info=&#8220;{}&#8220;][et_pb_image src=&#8220;https:\/\/hultsfredstrandcamping.se\/wp-content\/uploads\/hultsfred-strandcamping-flygfoto-08.avif&#8220; alt=&#8220;Gesch\u00e4ftsordnung &#8211; Hultsfred Strandcamping&#8220; title_text=&#8220;Gesch\u00e4ftsordnung &#8211; Hultsfred Strandcamping&#8220; force_fullwidth=&#8220;on&#8220; module_class=&#8220;cover&#8220; _builder_version=&#8220;4.24.2&#8243; _module_preset=&#8220;default&#8220; global_colors_info=&#8220;{}&#8220;][\/et_pb_image][\/et_pb_column][\/et_pb_row][\/et_pb_section][et_pb_section fb_built=&#8220;1&#8243; module_class=&#8220;graybg&#8220; _builder_version=&#8220;4.23.1&#8243; _module_preset=&#8220;default&#8220; custom_padding=&#8220;60px||100px|||&#8220; global_colors_info=&#8220;{}&#8220;][et_pb_row use_custom_gutter=&#8220;on&#8220; gutter_width=&#8220;1&#8243; make_equal=&#8220;on&#8220; _builder_version=&#8220;4.24.0&#8243; _module_preset=&#8220;default&#8220; background_color=&#8220;#FFFFFF&#8220; custom_margin=&#8220;40px||0px||false|false&#8220; custom_padding=&#8220;0px||0px||false|false&#8220; global_colors_info=&#8220;{}&#8220;][et_pb_column type=&#8220;4_4&#8243; _builder_version=&#8220;4.24.0&#8243; _module_preset=&#8220;default&#8220; global_colors_info=&#8220;{}&#8220;][et_pb_text _builder_version=&#8220;4.24.0&#8243; _module_preset=&#8220;default&#8220; custom_padding=&#8220;||0px|||&#8220; global_colors_info=&#8220;{}&#8220;]<\/p>\n<h2 style=\"text-align: left;\">Gesch\u00e4ftsordnung<\/h2>\n<p>[\/et_pb_text][\/et_pb_column][\/et_pb_row][et_pb_row column_structure=&#8220;1_2,1_2&#8243; use_custom_gutter=&#8220;on&#8220; gutter_width=&#8220;1&#8243; make_equal=&#8220;on&#8220; _builder_version=&#8220;4.24.0&#8243; _module_preset=&#8220;default&#8220; background_color=&#8220;#FFFFFF&#8220; custom_margin=&#8220;0px||||false|false&#8220; custom_padding=&#8220;0px||50px||false|false&#8220; global_colors_info=&#8220;{}&#8220;][et_pb_column type=&#8220;1_2&#8243; _builder_version=&#8220;4.24.0&#8243; _module_preset=&#8220;default&#8220; global_colors_info=&#8220;{}&#8220;][et_pb_text _builder_version=&#8220;4.24.2&#8243; _module_preset=&#8220;default&#8220; custom_padding=&#8220;0px||0px|||&#8220; global_colors_info=&#8220;{}&#8220;]<\/p>\n<ol>\n<li>Melden Sie sich gleich nach Ihrer Ankunft an der Rezeption an. Gruppen werden vom Gruppenleiter gemeldet. Geben Sie direkt bei der Anmeldung an, ob Sie ein zus\u00e4tzliches Zelt, Boot etc. dabei haben.<\/li>\n<li>Tempor\u00e4re Besucher werden gebeten, ihr Fahrzeug auf einem Parkplatz au\u00dferhalb des Gel\u00e4ndes oder an einem daf\u00fcr vorgesehenen Ort innerhalb des Gel\u00e4ndes abzustellen. Der Campingplatz hat das Recht, von vor\u00fcbergehenden Besuchern eine Geb\u00fchr zu erheben. Siehe separate Preisliste.<\/li>\n<li>Das Campingplatzpersonal sorgt f\u00fcr Ruhe und Ordnung und hilft bei Problemen.<\/li>\n<li>Es darf jede Zeltausr\u00fcstung normaler Art und Gr\u00f6\u00dfe verwendet werden. Die Errichtung sogenannter Zelth\u00e4user mit dauerhaftem Charakter ist jedoch nicht gestattet. Wohnwagen m\u00fcssen f\u00fcr die Nutzung mit einem motorisierten Fahrzeug angemeldet sein.<\/li>\n<li>Eigene ortsfeste Einrichtungen f\u00fcr Zelte oder Wohnwagen, wie z. B. Z\u00e4une und Schutzrampen, sind nicht gestattet. Fragen Sie, wenn Sie Zweifel haben, wozu Sie das Recht haben. Stellen Sie sicher, dass Fl\u00fcssiggas und Elektroger\u00e4te gem\u00e4\u00df den geltenden Vorschriften gepr\u00fcft und zugelassen sind.<\/li>\n<li>St\u00f6ren Sie die Ruhe des Campingplatzes nicht mehr als unbedingt n\u00f6tig mit einem motorisierten Fahrzeug. Fahren Sie mit Schrittgeschwindigkeit und m\u00f6glichst kurzen Strecken.<\/li>\n<li>Auf Campingpl\u00e4tzen gilt generell R\u00fccksichtnahme. St\u00f6rendes Verhalten ist nicht gestattet. Zwischen 23.00 und 07.00 Uhr muss es auf dem Campingplatz ruhig sein.<\/li>\n<li>Helfen Sie den Kindern, geeignete Orte zum Spielen und Ballspielen zu finden. An den meisten Orten wurden spezielle Spiel- und Ballspielpl\u00e4tze eingerichtet. Das Werfen oder Treten eines Balls zwischen den Zelten und Wohnwagen ist nicht gestattet.<\/li>\n<\/ol>\n<p>[\/et_pb_text][\/et_pb_column][et_pb_column type=&#8220;1_2&#8243; _builder_version=&#8220;4.24.0&#8243; _module_preset=&#8220;default&#8220; background_enable_color=&#8220;off&#8220; global_colors_info=&#8220;{}&#8220;][et_pb_text _builder_version=&#8220;4.24.2&#8243; _module_preset=&#8220;default&#8220; custom_padding=&#8220;0px||0px|||&#8220; global_colors_info=&#8220;{}&#8220;]<\/p>\n<ol start=\"9\">\n<li>Hundebesitzer werden gebeten, gr\u00f6\u00dftm\u00f6gliche R\u00fccksicht auf andere G\u00e4ste zu nehmen. F\u00fchren Sie den Hund an der kurzen Leine und ruhen Sie ihn an einem daf\u00fcr vorgesehenen Ort oder au\u00dferhalb des Bereichs aus.<\/li>\n<li>Der Verkauf auf und innerhalb des Campingplatzes darf nur mit Genehmigung des Verantwortlichen des Campingplatzes erfolgen.<\/li>\n<li>Helfen Sie mit, den Campingplatz sauber und m\u00fcllfrei zu halten. Benutzen Sie die in der Umgebung verf\u00fcgbaren Beh\u00e4lter. Denken Sie daran, niemals gl\u00fchende Grillkohle oder andere brennbare Gegenst\u00e4nde in den M\u00fclleimer zu werfen.<\/li>\n<li>Hinterlassen Sie die Gemeinschaftsr\u00e4ume (Toiletten, Wasch- und Duschr\u00e4ume, K\u00fcche und Geschirr etc.) in dem Zustand, in dem Sie sie vorfinden m\u00f6chten.<\/li>\n<li>Die Autow\u00e4sche darf nur am daf\u00fcr vorgesehenen Ort stattfinden.<\/li>\n<li>Sofern nichts anderes mit der Rezeption vereinbart wurde, muss der Campingplatz am Abreisetag vor 13:00 Uhr ger\u00e4umt und gereinigt sein. F\u00fcr die Abreise aus den H\u00fctten muss die Abreise vor 11 Uhr erfolgen. Dies im Hinblick auf neue G\u00e4ste.<\/li>\n<li>Der Campingplatz und sein Personal haften nicht f\u00fcr Sch\u00e4den oder Verlust des Eigentums der Campingg\u00e4ste. Wer Geb\u00e4ude, Materialien oder das Eigentum der G\u00e4ste besch\u00e4digt, kann schadenersatzpflichtig gemacht werden.<\/li>\n<li>Wir gehen davon aus, dass alle Campingg\u00e4ste aufeinander R\u00fccksicht nehmen und f\u00fcr Ordnung sorgen. Das Personal ist zum Handeln verpflichtet, wenn ein Gast diese Ordnungsregeln nicht beachtet.<\/li>\n<li>Gehen Sie vorsichtig mit der Natur um \u2013 sie braucht Ihren Schutz.<\/li>\n<\/ol>\n<p>[\/et_pb_text][\/et_pb_column][\/et_pb_row][et_pb_row column_structure=&#8220;1_2,1_2&#8243; use_custom_gutter=&#8220;on&#8220; gutter_width=&#8220;1&#8243; make_equal=&#8220;on&#8220; _builder_version=&#8220;4.24.0&#8243; _module_preset=&#8220;default&#8220; background_color=&#8220;#FFFFFF&#8220; custom_margin=&#8220;40px||||false|false&#8220; custom_padding=&#8220;0px||0px||false|false&#8220; global_colors_info=&#8220;{}&#8220;][et_pb_column type=&#8220;1_2&#8243; module_class=&#8220;vertical-align&#8220; _builder_version=&#8220;4.23.1&#8243; _module_preset=&#8220;default&#8220; background_enable_color=&#8220;off&#8220; global_colors_info=&#8220;{}&#8220;][et_pb_text _builder_version=&#8220;4.24.0&#8243; _module_preset=&#8220;default&#8220; custom_padding=&#8220;||30px||false|false&#8220; global_colors_info=&#8220;{}&#8220;]<\/p>\n<h2>SCR Swedish Camping<\/h2>\n<p>Dieser Campingplatz ist Mitglied der Branchenorganisation SCR Svensk Camping und befolgt die gemeinsamen ethischen Regeln der Branche. Ehrlichkeit und R\u00fccksichtnahme gegen\u00fcber G\u00e4sten und Mitarbeitern sowie der Respekt vor den Spielregeln der Gesellschaft stehen f\u00fcr sie im Mittelpunkt.<\/p>\n<p style=\"text-align: center;\"><a class=\"button\" href=\"https:\/\/www.scr.se\" target=\"_blank\" rel=\"noopener\">SCR Swedish Camping<\/a><\/p>\n<p>[\/et_pb_text][\/et_pb_column][et_pb_column type=&#8220;1_2&#8243; module_class=&#8220;image&#8220; _builder_version=&#8220;4.24.0&#8243; _module_preset=&#8220;default&#8220; global_colors_info=&#8220;{}&#8220;][et_pb_image src=&#8220;https:\/\/hultsfredstrandcamping.se\/wp-content\/uploads\/hultsfred-strandcamping-flygfoto-09.avif&#8220; alt=&#8220;Hultsfred Strandcamping &#8211; Luftbild&#8220; title_text=&#8220;Hultsfred Strandcamping &#8211; Luftbild&#8220; force_fullwidth=&#8220;on&#8220; module_class=&#8220;cover &#8220; _builder_version=&#8220;4.27.4&#8243; _module_preset=&#8220;default&#8220; global_colors_info=&#8220;{}&#8220;][\/et_pb_image][\/et_pb_column][\/et_pb_row][\/et_pb_section]<\/p>\n","protected":false},"excerpt":{"rendered":"<p>Unsere Gesch\u00e4ftsordnung Willkommen auf unserem Campingplatz! Als Mitglied des schwedischen Branchenverbandes SCR f\u00fcr Camping gelten f\u00fcr uns die gleichen Verfahrensregeln. Die folgenden Regeln dienen Ihrem Komfort und dem der anderen G\u00e4ste. Wir hoffen, dass Sie damit einen angenehmen Aufenthalt auf unserem Campingplatz verbringen werden.Gesch\u00e4ftsordnung Melden Sie sich gleich nach Ihrer Ankunft an der Rezeption an. [&hellip;]<\/p>\n","protected":false},"author":1,"featured_media":0,"parent":0,"menu_order":0,"comment_status":"closed","ping_status":"closed","template":"","meta":{"_acf_changed":false,"_et_pb_use_builder":"on","_et_pb_old_content":"","_et_gb_content_width":"","footnotes":""},"class_list":["post-2125","page","type-page","status-publish","hentry"],"acf":[],"yoast_head":"<!-- This site is optimized with the Yoast SEO plugin v27.4 - https:\/\/yoast.com\/product\/yoast-seo-wordpress\/ -->\n<title>Gesch\u00e4ftsordnung - Hultsfred Strandcamping<\/title>\n<meta name=\"description\" content=\"F\u00fcr den Komfort aller wenden wir die gleichen Bestellregeln wie SCR an. Wir hoffen, dass Sie damit einen angenehmen Aufenthalt auf unserem Campingplatz verbringen werden.\" \/>\n<meta name=\"robots\" content=\"index, follow, max-snippet:-1, max-image-preview:large, max-video-preview:-1\" \/>\n<link rel=\"canonical\" href=\"https:\/\/hultsfredstrandcamping.se\/de\/geschaeftsordnung\/\" \/>\n<meta property=\"og:locale\" content=\"de_DE\" \/>\n<meta property=\"og:type\" content=\"article\" \/>\n<meta property=\"og:title\" content=\"Gesch\u00e4ftsordnung - Hultsfred Strandcamping\" \/>\n<meta property=\"og:description\" content=\"F\u00fcr den Komfort aller wenden wir die gleichen Bestellregeln wie SCR an. Wir hoffen, dass Sie damit einen angenehmen Aufenthalt auf unserem Campingplatz verbringen werden.\" \/>\n<meta property=\"og:url\" content=\"https:\/\/hultsfredstrandcamping.se\/de\/geschaeftsordnung\/\" \/>\n<meta property=\"og:site_name\" content=\"Hultsfred Strandcamping\" \/>\n<meta property=\"article:publisher\" content=\"https:\/\/www.facebook.com\/hultsfredstrandcamping\" \/>\n<meta property=\"article:modified_time\" content=\"2025-11-05T16:32:00+00:00\" \/>\n<script type=\"application\/ld+json\" class=\"yoast-schema-graph\">{\"@context\":\"https:\\\/\\\/schema.org\",\"@graph\":[{\"@type\":\"WebPage\",\"@id\":\"https:\\\/\\\/hultsfredstrandcamping.se\\\/de\\\/geschaeftsordnung\\\/\",\"url\":\"https:\\\/\\\/hultsfredstrandcamping.se\\\/de\\\/geschaeftsordnung\\\/\",\"name\":\"Gesch\u00e4ftsordnung - Hultsfred Strandcamping\",\"isPartOf\":{\"@id\":\"https:\\\/\\\/hultsfredstrandcamping.se\\\/#website\"},\"datePublished\":\"2024-01-26T11:57:41+00:00\",\"dateModified\":\"2025-11-05T16:32:00+00:00\",\"description\":\"F\u00fcr den Komfort aller wenden wir die gleichen Bestellregeln wie SCR an. Wir hoffen, dass Sie damit einen angenehmen Aufenthalt auf unserem Campingplatz verbringen werden.\",\"breadcrumb\":{\"@id\":\"https:\\\/\\\/hultsfredstrandcamping.se\\\/de\\\/geschaeftsordnung\\\/#breadcrumb\"},\"inLanguage\":\"de\",\"potentialAction\":[{\"@type\":\"ReadAction\",\"target\":[\"https:\\\/\\\/hultsfredstrandcamping.se\\\/de\\\/geschaeftsordnung\\\/\"]}]},{\"@type\":\"BreadcrumbList\",\"@id\":\"https:\\\/\\\/hultsfredstrandcamping.se\\\/de\\\/geschaeftsordnung\\\/#breadcrumb\",\"itemListElement\":[{\"@type\":\"ListItem\",\"position\":1,\"name\":\"Hem\",\"item\":\"https:\\\/\\\/hultsfredstrandcamping.se\\\/de\\\/startsida\\\/\"},{\"@type\":\"ListItem\",\"position\":2,\"name\":\"Gesch\u00e4ftsordnung\"}]},{\"@type\":\"WebSite\",\"@id\":\"https:\\\/\\\/hultsfredstrandcamping.se\\\/#website\",\"url\":\"https:\\\/\\\/hultsfredstrandcamping.se\\\/\",\"name\":\"Hultsfred Strandcamping\",\"description\":\"Hultsfred Strandcamping\",\"publisher\":{\"@id\":\"https:\\\/\\\/hultsfredstrandcamping.se\\\/#organization\"},\"potentialAction\":[{\"@type\":\"SearchAction\",\"target\":{\"@type\":\"EntryPoint\",\"urlTemplate\":\"https:\\\/\\\/hultsfredstrandcamping.se\\\/?s={search_term_string}\"},\"query-input\":{\"@type\":\"PropertyValueSpecification\",\"valueRequired\":true,\"valueName\":\"search_term_string\"}}],\"inLanguage\":\"de\"},{\"@type\":\"Organization\",\"@id\":\"https:\\\/\\\/hultsfredstrandcamping.se\\\/#organization\",\"name\":\"Hultsfred Strandcamping\",\"url\":\"https:\\\/\\\/hultsfredstrandcamping.se\\\/\",\"logo\":{\"@type\":\"ImageObject\",\"inLanguage\":\"de\",\"@id\":\"https:\\\/\\\/hultsfredstrandcamping.se\\\/#\\\/schema\\\/logo\\\/image\\\/\",\"url\":\"https:\\\/\\\/hultsfredstrandcamping.se\\\/wp-content\\\/uploads\\\/Hultsfred.Strandcamping-logo.png\",\"contentUrl\":\"https:\\\/\\\/hultsfredstrandcamping.se\\\/wp-content\\\/uploads\\\/Hultsfred.Strandcamping-logo.png\",\"width\":340,\"height\":187,\"caption\":\"Hultsfred Strandcamping\"},\"image\":{\"@id\":\"https:\\\/\\\/hultsfredstrandcamping.se\\\/#\\\/schema\\\/logo\\\/image\\\/\"},\"sameAs\":[\"https:\\\/\\\/www.facebook.com\\\/hultsfredstrandcamping\",\"https:\\\/\\\/www.instagram.com\\\/hultsfredstrandcamping\\\/\"]}]}<\/script>\n<!-- \/ Yoast SEO plugin. -->","yoast_head_json":{"title":"Gesch\u00e4ftsordnung - Hultsfred Strandcamping","description":"F\u00fcr den Komfort aller wenden wir die gleichen Bestellregeln wie SCR an. Wir hoffen, dass Sie damit einen angenehmen Aufenthalt auf unserem Campingplatz verbringen werden.","robots":{"index":"index","follow":"follow","max-snippet":"max-snippet:-1","max-image-preview":"max-image-preview:large","max-video-preview":"max-video-preview:-1"},"canonical":"https:\/\/hultsfredstrandcamping.se\/de\/geschaeftsordnung\/","og_locale":"de_DE","og_type":"article","og_title":"Gesch\u00e4ftsordnung - Hultsfred Strandcamping","og_description":"F\u00fcr den Komfort aller wenden wir die gleichen Bestellregeln wie SCR an. Wir hoffen, dass Sie damit einen angenehmen Aufenthalt auf unserem Campingplatz verbringen werden.","og_url":"https:\/\/hultsfredstrandcamping.se\/de\/geschaeftsordnung\/","og_site_name":"Hultsfred Strandcamping","article_publisher":"https:\/\/www.facebook.com\/hultsfredstrandcamping","article_modified_time":"2025-11-05T16:32:00+00:00","schema":{"@context":"https:\/\/schema.org","@graph":[{"@type":"WebPage","@id":"https:\/\/hultsfredstrandcamping.se\/de\/geschaeftsordnung\/","url":"https:\/\/hultsfredstrandcamping.se\/de\/geschaeftsordnung\/","name":"Gesch\u00e4ftsordnung - Hultsfred Strandcamping","isPartOf":{"@id":"https:\/\/hultsfredstrandcamping.se\/#website"},"datePublished":"2024-01-26T11:57:41+00:00","dateModified":"2025-11-05T16:32:00+00:00","description":"F\u00fcr den Komfort aller wenden wir die gleichen Bestellregeln wie SCR an. Wir hoffen, dass Sie damit einen angenehmen Aufenthalt auf unserem Campingplatz verbringen werden.","breadcrumb":{"@id":"https:\/\/hultsfredstrandcamping.se\/de\/geschaeftsordnung\/#breadcrumb"},"inLanguage":"de","potentialAction":[{"@type":"ReadAction","target":["https:\/\/hultsfredstrandcamping.se\/de\/geschaeftsordnung\/"]}]},{"@type":"BreadcrumbList","@id":"https:\/\/hultsfredstrandcamping.se\/de\/geschaeftsordnung\/#breadcrumb","itemListElement":[{"@type":"ListItem","position":1,"name":"Hem","item":"https:\/\/hultsfredstrandcamping.se\/de\/startsida\/"},{"@type":"ListItem","position":2,"name":"Gesch\u00e4ftsordnung"}]},{"@type":"WebSite","@id":"https:\/\/hultsfredstrandcamping.se\/#website","url":"https:\/\/hultsfredstrandcamping.se\/","name":"Hultsfred Strandcamping","description":"Hultsfred Strandcamping","publisher":{"@id":"https:\/\/hultsfredstrandcamping.se\/#organization"},"potentialAction":[{"@type":"SearchAction","target":{"@type":"EntryPoint","urlTemplate":"https:\/\/hultsfredstrandcamping.se\/?s={search_term_string}"},"query-input":{"@type":"PropertyValueSpecification","valueRequired":true,"valueName":"search_term_string"}}],"inLanguage":"de"},{"@type":"Organization","@id":"https:\/\/hultsfredstrandcamping.se\/#organization","name":"Hultsfred Strandcamping","url":"https:\/\/hultsfredstrandcamping.se\/","logo":{"@type":"ImageObject","inLanguage":"de","@id":"https:\/\/hultsfredstrandcamping.se\/#\/schema\/logo\/image\/","url":"https:\/\/hultsfredstrandcamping.se\/wp-content\/uploads\/Hultsfred.Strandcamping-logo.png","contentUrl":"https:\/\/hultsfredstrandcamping.se\/wp-content\/uploads\/Hultsfred.Strandcamping-logo.png","width":340,"height":187,"caption":"Hultsfred Strandcamping"},"image":{"@id":"https:\/\/hultsfredstrandcamping.se\/#\/schema\/logo\/image\/"},"sameAs":["https:\/\/www.facebook.com\/hultsfredstrandcamping","https:\/\/www.instagram.com\/hultsfredstrandcamping\/"]}]}},"_links":{"self":[{"href":"https:\/\/hultsfredstrandcamping.se\/de\/wp-json\/wp\/v2\/pages\/2125","targetHints":{"allow":["GET"]}}],"collection":[{"href":"https:\/\/hultsfredstrandcamping.se\/de\/wp-json\/wp\/v2\/pages"}],"about":[{"href":"https:\/\/hultsfredstrandcamping.se\/de\/wp-json\/wp\/v2\/types\/page"}],"author":[{"embeddable":true,"href":"https:\/\/hultsfredstrandcamping.se\/de\/wp-json\/wp\/v2\/users\/1"}],"replies":[{"embeddable":true,"href":"https:\/\/hultsfredstrandcamping.se\/de\/wp-json\/wp\/v2\/comments?post=2125"}],"version-history":[{"count":9,"href":"https:\/\/hultsfredstrandcamping.se\/de\/wp-json\/wp\/v2\/pages\/2125\/revisions"}],"predecessor-version":[{"id":3287,"href":"https:\/\/hultsfredstrandcamping.se\/de\/wp-json\/wp\/v2\/pages\/2125\/revisions\/3287"}],"wp:attachment":[{"href":"https:\/\/hultsfredstrandcamping.se\/de\/wp-json\/wp\/v2\/media?parent=2125"}],"curies":[{"name":"wp","href":"https:\/\/api.w.org\/{rel}","templated":true}]}}