{"id":2128,"date":"2024-01-12T12:45:58","date_gmt":"2024-01-12T11:45:58","guid":{"rendered":"https:\/\/hultsfredstrandcamping.se\/einrichtungen\/"},"modified":"2025-06-12T13:56:15","modified_gmt":"2025-06-12T11:56:15","slug":"einrichtungen","status":"publish","type":"page","link":"https:\/\/hultsfredstrandcamping.se\/de\/einrichtungen\/","title":{"rendered":"Service &amp; Einrichtungen"},"content":{"rendered":"<p>[et_pb_section fb_built=&#8220;1&#8243; module_id=&#8220;hero3&#8243; _builder_version=&#8220;4.24.0&#8243; _module_preset=&#8220;default&#8220; locked=&#8220;off&#8220; global_colors_info=&#8220;{}&#8220;][et_pb_row column_structure=&#8220;1_2,1_2&#8243; use_custom_gutter=&#8220;on&#8220; gutter_width=&#8220;1&#8243; make_equal=&#8220;on&#8220; _builder_version=&#8220;4.24.0&#8243; _module_preset=&#8220;default&#8220; width=&#8220;100%&#8220; max_width=&#8220;100%&#8220; custom_margin=&#8220;0px||0px||false|false&#8220; custom_padding=&#8220;0px||0px||false|false&#8220; global_colors_info=&#8220;{}&#8220;][et_pb_column type=&#8220;1_2&#8243; module_class=&#8220;vertical-align&#8220; _builder_version=&#8220;4.24.0&#8243; _module_preset=&#8220;default&#8220; background_color=&#8220;#FFFFFF&#8220; custom_padding=&#8220;100px||100px||false|false&#8220; global_colors_info=&#8220;{}&#8220;][et_pb_icon font_icon=&#8220;&#xe033;||divi||400&#8243; icon_color=&#8220;#F3D226&#8243; _builder_version=&#8220;4.23.1&#8243; _module_preset=&#8220;default&#8220; locked=&#8220;off&#8220; global_colors_info=&#8220;{}&#8220;][\/et_pb_icon][et_pb_text _builder_version=&#8220;4.24.0&#8243; _module_preset=&#8220;default&#8220; header_font=&#8220;|700|||||||&#8220; header_text_align=&#8220;center&#8220; header_font_size=&#8220;50px&#8220; header_2_font=&#8220;|700|||||||&#8220; header_2_text_align=&#8220;center&#8220; locked=&#8220;off&#8220; global_colors_info=&#8220;{}&#8220;]<\/p>\n<h1>Service &amp; Einrichtungen<\/h1>\n<p>Erfahren Sie mehr \u00fcber die Einrichtungen des Campingplatzes.<\/p>\n<p>[\/et_pb_text][\/et_pb_column][et_pb_column type=&#8220;1_2&#8243; module_class=&#8220;image&#8220; _builder_version=&#8220;4.24.0&#8243; _module_preset=&#8220;default&#8220; global_colors_info=&#8220;{}&#8220;][et_pb_image src=&#8220;https:\/\/hultsfredstrandcamping.se\/wp-content\/uploads\/flygfoto-2025-01.jpg&#8220; alt=&#8220;Hultsfred Strandcamping&#8220; title_text=&#8220;Hultsfred Strandcamping&#8220; force_fullwidth=&#8220;on&#8220; module_class=&#8220;cover&#8220; _builder_version=&#8220;4.27.4&#8243; _module_preset=&#8220;default&#8220; hover_enabled=&#8220;0&#8243; global_colors_info=&#8220;{}&#8220; sticky_enabled=&#8220;0&#8243;][\/et_pb_image][\/et_pb_column][\/et_pb_row][\/et_pb_section][et_pb_section fb_built=&#8220;1&#8243; module_class=&#8220;graybg&#8220; _builder_version=&#8220;4.23.1&#8243; _module_preset=&#8220;default&#8220; custom_padding=&#8220;60px||100px|||&#8220; global_colors_info=&#8220;{}&#8220;][et_pb_row column_structure=&#8220;1_2,1_2&#8243; use_custom_gutter=&#8220;on&#8220; gutter_width=&#8220;1&#8243; make_equal=&#8220;on&#8220; _builder_version=&#8220;4.24.2&#8243; _module_preset=&#8220;default&#8220; background_color=&#8220;#FFFFFF&#8220; custom_margin=&#8220;40px||||false|false&#8220; custom_padding=&#8220;0px||0px||false|false&#8220; global_colors_info=&#8220;{}&#8220;][et_pb_column type=&#8220;1_2&#8243; _builder_version=&#8220;4.23.1&#8243; _module_preset=&#8220;default&#8220; background_color=&#8220;#FFFFFF&#8220; global_colors_info=&#8220;{}&#8220;][et_pb_image src=&#8220;https:\/\/hultsfredstrandcamping.se\/wp-content\/uploads\/Reception.jpg&#8220; alt=&#8220;Rezeption&#8220; title_text=&#8220;Rezeption&#8220; show_bottom_space=&#8220;off&#8220; force_fullwidth=&#8220;on&#8220; module_class=&#8220;image-resize&#8220; _builder_version=&#8220;4.24.2&#8243; _module_preset=&#8220;default&#8220; global_colors_info=&#8220;{}&#8220;][\/et_pb_image][\/et_pb_column][et_pb_column type=&#8220;1_2&#8243; module_class=&#8220;vertical-align&#8220; _builder_version=&#8220;4.24.2&#8243; _module_preset=&#8220;default&#8220; background_color=&#8220;#FFFFFF&#8220; global_colors_info=&#8220;{}&#8220;][et_pb_text _builder_version=&#8220;4.24.2&#8243; _module_preset=&#8220;default&#8220; global_colors_info=&#8220;{}&#8220;]<\/p>\n<h2>Rezeption<\/h2>\n<h3>Check-in &amp; Check-out \/ Reservierungen \/ Fragen<\/h3>\n<p>Die Rezeption ist das erste Geb\u00e4ude, auf das Sie sto\u00dfen, wenn Sie ein St\u00fcck in die Gegend hineinfahren. Hier begr\u00fc\u00dfen wir Sie beim Check-in.<\/p>\n<p>Check-in nach 14:00<br \/>\nCheck-out vor 12:00<\/p>\n<h3>Fragen<\/h3>\n<p>Wenn Sie Fragen zu etwas haben, k\u00f6nnen Sie gerne an die Rezeption kommen und dort Hilfe bekommen. [\/et_pb_text][\/et_pb_column][\/et_pb_row][et_pb_row column_structure=&#8220;1_2,1_2&#8243; use_custom_gutter=&#8220;on&#8220; gutter_width=&#8220;2&#8243; make_equal=&#8220;on&#8220; _builder_version=&#8220;4.23.1&#8243; _module_preset=&#8220;default&#8220; custom_padding=&#8220;40px||40px||false|false&#8220; global_colors_info=&#8220;{}&#8220;][et_pb_column type=&#8220;1_2&#8243; _builder_version=&#8220;4.23.1&#8243; _module_preset=&#8220;default&#8220; background_color=&#8220;#FFFFFF&#8220; global_colors_info=&#8220;{}&#8220;][et_pb_image src=&#8220;https:\/\/hultsfredstrandcamping.se\/wp-content\/uploads\/nya_servicehuset_inne_nara.jpg&#8220; alt=&#8220;Das Servicehaus&#8220; title_text=&#8220;Das Servicehaus&#8220; show_bottom_space=&#8220;off&#8220; force_fullwidth=&#8220;on&#8220; module_class=&#8220;image-resize&#8220; _builder_version=&#8220;4.24.0&#8243; _module_preset=&#8220;default&#8220; global_colors_info=&#8220;{}&#8220;][\/et_pb_image][et_pb_text _builder_version=&#8220;4.23.1&#8243; _module_preset=&#8220;default&#8220; global_colors_info=&#8220;{}&#8220;]<\/p>\n<h2>Servicehaus<\/h2>\n<p>Wir sind super stolz auf unsere netten Serviceh\u00e4user! Wir bekommen jede Menge Komplimente daf\u00fcr, wie sauber und sch\u00f6n sie sind. Unser Standpunkt ist, dass Sauberkeit und Ordnung nicht zu vernachl\u00e4ssigen sind und das Ergebnis dementsprechend ist.<\/p>\n<p>Neben getrennten Bereichen f\u00fcr Frauen\/M\u00e4nner gibt es auch Familienzimmer und einen Behindertenbereich.<\/p>\n<p>Die Serviceh\u00e4user stehen ausschlie\u00dflich unseren Campingg\u00e4sten zur Verf\u00fcgung. W\u00e4hrend der \u00d6ffnungszeiten der Rezeption stehen unseren Tagesg\u00e4sten einige separate, offene Toiletten zur Verf\u00fcgung.<\/p>\n<p>[\/et_pb_text][\/et_pb_column][et_pb_column type=&#8220;1_2&#8243; _builder_version=&#8220;4.23.1&#8243; _module_preset=&#8220;default&#8220; background_color=&#8220;#FFFFFF&#8220; global_colors_info=&#8220;{}&#8220;][et_pb_image src=&#8220;https:\/\/hultsfredstrandcamping.se\/wp-content\/uploads\/servicekok_hultsfred_strandcamping.jpg&#8220; alt=&#8220;Gemeinsame K\u00fcche&#8220; title_text=&#8220;Gemeinsame K\u00fcche&#8220; show_bottom_space=&#8220;off&#8220; force_fullwidth=&#8220;on&#8220; module_class=&#8220;image-resize&#8220; _builder_version=&#8220;4.24.0&#8243; _module_preset=&#8220;default&#8220; global_colors_info=&#8220;{}&#8220;][\/et_pb_image][et_pb_text _builder_version=&#8220;4.24.2&#8243; _module_preset=&#8220;default&#8220; global_colors_info=&#8220;{}&#8220;]<\/p>\n<h2 class=\"av-special-heading-tag\" itemprop=\"headline\">Gemeinsame K\u00fcche \/ Waschbecken<\/h2>\n<p>Willkommen in unserer K\u00fcche und Thekenfl\u00e4che! Es gibt einen Backofen, einen Herd, eine Mikrowelle, einen K\u00fchl-\/Gefrierschrank und 8 Sp\u00fclbecken. Die K\u00fcche ist mit T\u00f6pfen, Pfannen und diversen K\u00fcchenutensilien ausgestattet.<\/p>\n<p>Die T\u00fcren lassen sich von beiden Seiten \u00f6ffnen und sorgen so f\u00fcr ein sch\u00f6nes Outdoor-Feeling im Thekenbereich!<\/p>\n<p>[\/et_pb_text][\/et_pb_column][\/et_pb_row][et_pb_row column_structure=&#8220;1_2,1_2&#8243; use_custom_gutter=&#8220;on&#8220; gutter_width=&#8220;2&#8243; make_equal=&#8220;on&#8220; _builder_version=&#8220;4.23.1&#8243; _module_preset=&#8220;default&#8220; custom_padding=&#8220;40px||40px||false|false&#8220; global_colors_info=&#8220;{}&#8220;][et_pb_column type=&#8220;1_2&#8243; _builder_version=&#8220;4.23.1&#8243; _module_preset=&#8220;default&#8220; background_color=&#8220;#FFFFFF&#8220; global_colors_info=&#8220;{}&#8220;][et_pb_image src=&#8220;https:\/\/hultsfredstrandcamping.se\/wp-content\/uploads\/Tvattstuga.jpg&#8220; alt=&#8220;W\u00e4scherei&#8220; title_text=&#8220;W\u00e4scherei&#8220; show_bottom_space=&#8220;off&#8220; force_fullwidth=&#8220;on&#8220; module_class=&#8220;image-resize&#8220; _builder_version=&#8220;4.24.0&#8243; _module_preset=&#8220;default&#8220; global_colors_info=&#8220;{}&#8220;][\/et_pb_image][et_pb_text _builder_version=&#8220;4.23.4&#8243; _module_preset=&#8220;default&#8220; global_colors_info=&#8220;{}&#8220;]<\/p>\n<h2>W\u00e4scherei<\/h2>\n<h3>Waschen: 60 SEK \/ Trockner: 40 SEK<\/h3>\n<p>Schnelle und effiziente Waschmaschinen und Trockner! Sie laden Ihre Duschkarte an der Rezeption auf, um Ihre W\u00e4sche mit dem gleichen Kartensystem wie in den Duschen zu bezahlen. Das Waschmittel ist enthalten und wird automatisch dosiert, wenn Sie Ihr Programm ausgew\u00e4hlt haben.<\/p>\n<p>[\/et_pb_text][\/et_pb_column][et_pb_column type=&#8220;1_2&#8243; _builder_version=&#8220;4.23.1&#8243; _module_preset=&#8220;default&#8220; background_color=&#8220;#FFFFFF&#8220; global_colors_info=&#8220;{}&#8220;][et_pb_image src=&#8220;https:\/\/hultsfredstrandcamping.se\/wp-content\/uploads\/ica.jpg&#8220; alt=&#8220;Ica N\u00e4ra Hultsfred&#8220; title_text=&#8220;Ica N\u00e4ra Hultsfred&#8220; show_bottom_space=&#8220;off&#8220; force_fullwidth=&#8220;on&#8220; module_class=&#8220;image-resize&#8220; _builder_version=&#8220;4.24.0&#8243; _module_preset=&#8220;default&#8220; global_colors_info=&#8220;{}&#8220;][\/et_pb_image][et_pb_text _builder_version=&#8220;4.24.2&#8243; _module_preset=&#8220;default&#8220; global_colors_info=&#8220;{}&#8220;]<\/p>\n<h2>Lebensmittelgesch\u00e4ft<\/h2>\n<h3>15 Minuten zu Fu\u00df \/ 3 Minuten mit dem Auto<\/h3>\n<p><strong>Ica N\u00e4ra Hultsfred<\/strong><br \/>\nT\u00e4glich ge\u00f6ffnet: 7.00-21.00 Uhr<\/p>\n<p>Nur 1 km vom Campingplatz entfernt finden Sie ein Lebensmittelgesch\u00e4ft mit allem, was Sie brauchen.<\/p>\n<p style=\"text-align: center;\"><a target=\"_blank\" rel=\"noopener\" class=\"button\" href=\"https:\/\/www.google.com\/maps\/dir\/Hultsfred+Strandcamping,+Folkparksv%C3%A4gen+10,+577+34+Hultsfred,+Sverige\/ICA+N%C3%A4ra+Hultsfred,+Vagngatan+4,+577+34+Hultsfred\/@57.4955242,15.8551916,16z\/data=!3m1!4b1!4m14!4m13!1m5!1m1!1s0x4659d33dd9414209:0x84dbc157fec72a3f!2m2!1d15.863227!2d57.492029!1m5!1m1!1s0x4659d3174af633f7:0x1b4b8d40633bf4e3!2m2!1d15.8543583!2d57.4973725!3e0\">Richtungen <\/a><\/p>\n<p>[\/et_pb_text][\/et_pb_column][\/et_pb_row][et_pb_row column_structure=&#8220;1_2,1_2&#8243; use_custom_gutter=&#8220;on&#8220; gutter_width=&#8220;1&#8243; make_equal=&#8220;on&#8220; _builder_version=&#8220;4.23.4&#8243; _module_preset=&#8220;default&#8220; background_color=&#8220;#FFFFFF&#8220; custom_margin=&#8220;||||false|false&#8220; custom_padding=&#8220;0px||0px||false|false&#8220; global_colors_info=&#8220;{}&#8220;][et_pb_column type=&#8220;1_2&#8243; _builder_version=&#8220;4.23.4&#8243; _module_preset=&#8220;default&#8220; global_colors_info=&#8220;{}&#8220;][et_pb_image src=&#8220;https:\/\/hultsfredstrandcamping.se\/wp-content\/uploads\/hyra-cykel.jpg&#8220; alt=&#8220;Fahrrad mieten&#8220; title_text=&#8220;Fahrrad mieten&#8220; force_fullwidth=&#8220;on&#8220; module_class=&#8220;cover&#8220; _builder_version=&#8220;4.24.0&#8243; _module_preset=&#8220;default&#8220; global_colors_info=&#8220;{}&#8220;][\/et_pb_image][\/et_pb_column][et_pb_column type=&#8220;1_2&#8243; module_class=&#8220;vertical-align&#8220; _builder_version=&#8220;4.23.1&#8243; _module_preset=&#8220;default&#8220; background_enable_color=&#8220;off&#8220; global_colors_info=&#8220;{}&#8220;][et_pb_text _builder_version=&#8220;4.23.4&#8243; _module_preset=&#8220;default&#8220; global_colors_info=&#8220;{}&#8220;]<\/p>\n<h2 style=\"text-align: center;\">Fahrrad mieten<\/h2>\n<p style=\"text-align: center;\">Wir vermieten Citybikes.<\/p>\n<p style=\"text-align: center;\">Preis:<br \/>1 Tag \u2013 130 SEK<br \/>2 Tage \u2013 200 SEK<br \/>1 Woche \u2013 600 SEK<\/p>\n<p>[\/et_pb_text][\/et_pb_column][\/et_pb_row][\/et_pb_section]<\/p>\n","protected":false},"excerpt":{"rendered":"<p>Service &amp; Einrichtungen Erfahren Sie mehr \u00fcber die Einrichtungen des Campingplatzes.Rezeption Check-in &amp; Check-out \/ Reservierungen \/ Fragen Die Rezeption ist das erste Geb\u00e4ude, auf das Sie sto\u00dfen, wenn Sie ein St\u00fcck in die Gegend hineinfahren. Hier begr\u00fc\u00dfen wir Sie beim Check-in. Check-in nach 14:00 Check-out vor 12:00 Fragen Wenn Sie Fragen zu etwas haben, [&hellip;]<\/p>\n","protected":false},"author":1,"featured_media":0,"parent":0,"menu_order":0,"comment_status":"closed","ping_status":"closed","template":"","meta":{"_acf_changed":false,"_et_pb_use_builder":"on","_et_pb_old_content":"","_et_gb_content_width":"","footnotes":""},"class_list":["post-2128","page","type-page","status-publish","hentry"],"acf":[],"yoast_head":"<!-- This site is optimized with the Yoast SEO plugin v27.6 - https:\/\/yoast.com\/product\/yoast-seo-wordpress\/ -->\n<title>Service &amp; Einrichtungen - Hultsfred Strandcamping<\/title>\n<meta name=\"description\" content=\"Sch\u00f6ne, frisch gepflegte H\u00e4user. Kinderfreundlicher Campingplatz in Hultsfred mitten in Sm\u00e5land. Hier wohnen Sie sch\u00f6n nah am See und der Natur direkt neben der Badestelle.\" \/>\n<meta name=\"robots\" content=\"index, follow, max-snippet:-1, max-image-preview:large, max-video-preview:-1\" \/>\n<link rel=\"canonical\" href=\"https:\/\/hultsfredstrandcamping.se\/de\/einrichtungen\/\" \/>\n<meta property=\"og:locale\" content=\"de_DE\" \/>\n<meta property=\"og:type\" content=\"article\" \/>\n<meta property=\"og:title\" content=\"Service &amp; Einrichtungen - Hultsfred Strandcamping\" \/>\n<meta property=\"og:description\" content=\"Sch\u00f6ne, frisch gepflegte H\u00e4user. Kinderfreundlicher Campingplatz in Hultsfred mitten in Sm\u00e5land. Hier wohnen Sie sch\u00f6n nah am See und der Natur direkt neben der Badestelle.\" \/>\n<meta property=\"og:url\" content=\"https:\/\/hultsfredstrandcamping.se\/de\/einrichtungen\/\" \/>\n<meta property=\"og:site_name\" content=\"Hultsfred Strandcamping\" \/>\n<meta property=\"article:publisher\" content=\"https:\/\/www.facebook.com\/hultsfredstrandcamping\" \/>\n<meta property=\"article:modified_time\" content=\"2025-06-12T11:56:15+00:00\" \/>\n<script type=\"application\/ld+json\" class=\"yoast-schema-graph\">{\"@context\":\"https:\\\/\\\/schema.org\",\"@graph\":[{\"@type\":\"WebPage\",\"@id\":\"https:\\\/\\\/hultsfredstrandcamping.se\\\/de\\\/einrichtungen\\\/\",\"url\":\"https:\\\/\\\/hultsfredstrandcamping.se\\\/de\\\/einrichtungen\\\/\",\"name\":\"Service &amp; Einrichtungen - Hultsfred Strandcamping\",\"isPartOf\":{\"@id\":\"https:\\\/\\\/hultsfredstrandcamping.se\\\/#website\"},\"datePublished\":\"2024-01-12T11:45:58+00:00\",\"dateModified\":\"2025-06-12T11:56:15+00:00\",\"description\":\"Sch\u00f6ne, frisch gepflegte H\u00e4user. Kinderfreundlicher Campingplatz in Hultsfred mitten in Sm\u00e5land. Hier wohnen Sie sch\u00f6n nah am See und der Natur direkt neben der Badestelle.\",\"breadcrumb\":{\"@id\":\"https:\\\/\\\/hultsfredstrandcamping.se\\\/de\\\/einrichtungen\\\/#breadcrumb\"},\"inLanguage\":\"de\",\"potentialAction\":[{\"@type\":\"ReadAction\",\"target\":[\"https:\\\/\\\/hultsfredstrandcamping.se\\\/de\\\/einrichtungen\\\/\"]}]},{\"@type\":\"BreadcrumbList\",\"@id\":\"https:\\\/\\\/hultsfredstrandcamping.se\\\/de\\\/einrichtungen\\\/#breadcrumb\",\"itemListElement\":[{\"@type\":\"ListItem\",\"position\":1,\"name\":\"Hem\",\"item\":\"https:\\\/\\\/hultsfredstrandcamping.se\\\/de\\\/startsida\\\/\"},{\"@type\":\"ListItem\",\"position\":2,\"name\":\"Service &amp; Einrichtungen\"}]},{\"@type\":\"WebSite\",\"@id\":\"https:\\\/\\\/hultsfredstrandcamping.se\\\/#website\",\"url\":\"https:\\\/\\\/hultsfredstrandcamping.se\\\/\",\"name\":\"Hultsfred Strandcamping\",\"description\":\"Hultsfred Strandcamping\",\"publisher\":{\"@id\":\"https:\\\/\\\/hultsfredstrandcamping.se\\\/#organization\"},\"potentialAction\":[{\"@type\":\"SearchAction\",\"target\":{\"@type\":\"EntryPoint\",\"urlTemplate\":\"https:\\\/\\\/hultsfredstrandcamping.se\\\/?s={search_term_string}\"},\"query-input\":{\"@type\":\"PropertyValueSpecification\",\"valueRequired\":true,\"valueName\":\"search_term_string\"}}],\"inLanguage\":\"de\"},{\"@type\":\"Organization\",\"@id\":\"https:\\\/\\\/hultsfredstrandcamping.se\\\/#organization\",\"name\":\"Hultsfred Strandcamping\",\"url\":\"https:\\\/\\\/hultsfredstrandcamping.se\\\/\",\"logo\":{\"@type\":\"ImageObject\",\"inLanguage\":\"de\",\"@id\":\"https:\\\/\\\/hultsfredstrandcamping.se\\\/#\\\/schema\\\/logo\\\/image\\\/\",\"url\":\"https:\\\/\\\/hultsfredstrandcamping.se\\\/wp-content\\\/uploads\\\/Hultsfred.Strandcamping-logo.png\",\"contentUrl\":\"https:\\\/\\\/hultsfredstrandcamping.se\\\/wp-content\\\/uploads\\\/Hultsfred.Strandcamping-logo.png\",\"width\":340,\"height\":187,\"caption\":\"Hultsfred Strandcamping\"},\"image\":{\"@id\":\"https:\\\/\\\/hultsfredstrandcamping.se\\\/#\\\/schema\\\/logo\\\/image\\\/\"},\"sameAs\":[\"https:\\\/\\\/www.facebook.com\\\/hultsfredstrandcamping\",\"https:\\\/\\\/www.instagram.com\\\/hultsfredstrandcamping\\\/\"]}]}<\/script>\n<!-- \/ Yoast SEO plugin. -->","yoast_head_json":{"title":"Service &amp; Einrichtungen - Hultsfred Strandcamping","description":"Sch\u00f6ne, frisch gepflegte H\u00e4user. Kinderfreundlicher Campingplatz in Hultsfred mitten in Sm\u00e5land. Hier wohnen Sie sch\u00f6n nah am See und der Natur direkt neben der Badestelle.","robots":{"index":"index","follow":"follow","max-snippet":"max-snippet:-1","max-image-preview":"max-image-preview:large","max-video-preview":"max-video-preview:-1"},"canonical":"https:\/\/hultsfredstrandcamping.se\/de\/einrichtungen\/","og_locale":"de_DE","og_type":"article","og_title":"Service &amp; Einrichtungen - Hultsfred Strandcamping","og_description":"Sch\u00f6ne, frisch gepflegte H\u00e4user. Kinderfreundlicher Campingplatz in Hultsfred mitten in Sm\u00e5land. Hier wohnen Sie sch\u00f6n nah am See und der Natur direkt neben der Badestelle.","og_url":"https:\/\/hultsfredstrandcamping.se\/de\/einrichtungen\/","og_site_name":"Hultsfred Strandcamping","article_publisher":"https:\/\/www.facebook.com\/hultsfredstrandcamping","article_modified_time":"2025-06-12T11:56:15+00:00","schema":{"@context":"https:\/\/schema.org","@graph":[{"@type":"WebPage","@id":"https:\/\/hultsfredstrandcamping.se\/de\/einrichtungen\/","url":"https:\/\/hultsfredstrandcamping.se\/de\/einrichtungen\/","name":"Service &amp; Einrichtungen - Hultsfred Strandcamping","isPartOf":{"@id":"https:\/\/hultsfredstrandcamping.se\/#website"},"datePublished":"2024-01-12T11:45:58+00:00","dateModified":"2025-06-12T11:56:15+00:00","description":"Sch\u00f6ne, frisch gepflegte H\u00e4user. Kinderfreundlicher Campingplatz in Hultsfred mitten in Sm\u00e5land. Hier wohnen Sie sch\u00f6n nah am See und der Natur direkt neben der Badestelle.","breadcrumb":{"@id":"https:\/\/hultsfredstrandcamping.se\/de\/einrichtungen\/#breadcrumb"},"inLanguage":"de","potentialAction":[{"@type":"ReadAction","target":["https:\/\/hultsfredstrandcamping.se\/de\/einrichtungen\/"]}]},{"@type":"BreadcrumbList","@id":"https:\/\/hultsfredstrandcamping.se\/de\/einrichtungen\/#breadcrumb","itemListElement":[{"@type":"ListItem","position":1,"name":"Hem","item":"https:\/\/hultsfredstrandcamping.se\/de\/startsida\/"},{"@type":"ListItem","position":2,"name":"Service &amp; Einrichtungen"}]},{"@type":"WebSite","@id":"https:\/\/hultsfredstrandcamping.se\/#website","url":"https:\/\/hultsfredstrandcamping.se\/","name":"Hultsfred Strandcamping","description":"Hultsfred Strandcamping","publisher":{"@id":"https:\/\/hultsfredstrandcamping.se\/#organization"},"potentialAction":[{"@type":"SearchAction","target":{"@type":"EntryPoint","urlTemplate":"https:\/\/hultsfredstrandcamping.se\/?s={search_term_string}"},"query-input":{"@type":"PropertyValueSpecification","valueRequired":true,"valueName":"search_term_string"}}],"inLanguage":"de"},{"@type":"Organization","@id":"https:\/\/hultsfredstrandcamping.se\/#organization","name":"Hultsfred Strandcamping","url":"https:\/\/hultsfredstrandcamping.se\/","logo":{"@type":"ImageObject","inLanguage":"de","@id":"https:\/\/hultsfredstrandcamping.se\/#\/schema\/logo\/image\/","url":"https:\/\/hultsfredstrandcamping.se\/wp-content\/uploads\/Hultsfred.Strandcamping-logo.png","contentUrl":"https:\/\/hultsfredstrandcamping.se\/wp-content\/uploads\/Hultsfred.Strandcamping-logo.png","width":340,"height":187,"caption":"Hultsfred Strandcamping"},"image":{"@id":"https:\/\/hultsfredstrandcamping.se\/#\/schema\/logo\/image\/"},"sameAs":["https:\/\/www.facebook.com\/hultsfredstrandcamping","https:\/\/www.instagram.com\/hultsfredstrandcamping\/"]}]}},"_links":{"self":[{"href":"https:\/\/hultsfredstrandcamping.se\/de\/wp-json\/wp\/v2\/pages\/2128","targetHints":{"allow":["GET"]}}],"collection":[{"href":"https:\/\/hultsfredstrandcamping.se\/de\/wp-json\/wp\/v2\/pages"}],"about":[{"href":"https:\/\/hultsfredstrandcamping.se\/de\/wp-json\/wp\/v2\/types\/page"}],"author":[{"embeddable":true,"href":"https:\/\/hultsfredstrandcamping.se\/de\/wp-json\/wp\/v2\/users\/1"}],"replies":[{"embeddable":true,"href":"https:\/\/hultsfredstrandcamping.se\/de\/wp-json\/wp\/v2\/comments?post=2128"}],"version-history":[{"count":3,"href":"https:\/\/hultsfredstrandcamping.se\/de\/wp-json\/wp\/v2\/pages\/2128\/revisions"}],"predecessor-version":[{"id":3119,"href":"https:\/\/hultsfredstrandcamping.se\/de\/wp-json\/wp\/v2\/pages\/2128\/revisions\/3119"}],"wp:attachment":[{"href":"https:\/\/hultsfredstrandcamping.se\/de\/wp-json\/wp\/v2\/media?parent=2128"}],"curies":[{"name":"wp","href":"https:\/\/api.w.org\/{rel}","templated":true}]}}