{"id":2136,"date":"2023-12-05T14:38:18","date_gmt":"2023-12-05T13:38:18","guid":{"rendered":"https:\/\/hultsfredstrandcamping.se\/unterkunft\/"},"modified":"2024-04-22T14:22:21","modified_gmt":"2024-04-22T12:22:21","slug":"unterkunft","status":"publish","type":"page","link":"https:\/\/hultsfredstrandcamping.se\/de\/unterkunft\/","title":{"rendered":"Unterkunft"},"content":{"rendered":"<p>[et_pb_section fb_built=&#8220;1&#8243; module_id=&#8220;hero3&#8243; _builder_version=&#8220;4.24.0&#8243; _module_preset=&#8220;default&#8220; locked=&#8220;off&#8220; global_colors_info=&#8220;{}&#8220;][et_pb_row column_structure=&#8220;1_2,1_2&#8243; use_custom_gutter=&#8220;on&#8220; gutter_width=&#8220;1&#8243; make_equal=&#8220;on&#8220; _builder_version=&#8220;4.24.0&#8243; _module_preset=&#8220;default&#8220; width=&#8220;100%&#8220; max_width=&#8220;100%&#8220; custom_margin=&#8220;0px||0px||false|false&#8220; custom_padding=&#8220;0px||0px||false|false&#8220; global_colors_info=&#8220;{}&#8220;][et_pb_column type=&#8220;1_2&#8243; module_class=&#8220;vertical-align&#8220; _builder_version=&#8220;4.24.0&#8243; _module_preset=&#8220;default&#8220; background_color=&#8220;#FFFFFF&#8220; custom_padding=&#8220;100px||100px||false|false&#8220; global_colors_info=&#8220;{}&#8220;][et_pb_icon font_icon=&#8220;&#xf8ff;||fa||900&#8243; icon_color=&#8220;#F3D226&#8243; _builder_version=&#8220;4.23.4&#8243; _module_preset=&#8220;default&#8220; locked=&#8220;off&#8220; global_colors_info=&#8220;{}&#8220;][\/et_pb_icon][et_pb_text _builder_version=&#8220;4.24.3&#8243; _module_preset=&#8220;default&#8220; header_font=&#8220;|700|||||||&#8220; header_text_align=&#8220;center&#8220; header_font_size=&#8220;50px&#8220; header_2_font=&#8220;|700|||||||&#8220; header_2_text_align=&#8220;center&#8220; hover_enabled=&#8220;0&#8243; locked=&#8220;off&#8220; global_colors_info=&#8220;{}&#8220; sticky_enabled=&#8220;0&#8243;]<\/p>\n<h1>Unsere Unterk\u00fcnfte<\/h1>\n<h2>Wir haben Ihre Ferienunterkunft<\/h2>\n<p>Stellpl\u00e4tze f\u00fcr Wohnwagen, Wohnmobile und Zelte, alle mit Blick auf den See. Alle unsere Campingpl\u00e4tze sind ger\u00e4umig und mindestens 10 x 10 Meter gro\u00df. Strom ist im Preis inbegriffen und an vielen Orten ist Trinkwasser an den Mast angeschlossen, der mit dem Nachbarn geteilt wird. <\/p>\n<p>Die Campingh\u00fctten sind einfach, aber funktional und wundersch\u00f6n gelegen mit Seeblick. <\/p>\n<p>Wir verbringen viel Zeit damit, unsere Servicer\u00e4ume sauber und frisch zu halten!<\/p>\n<p>[\/et_pb_text][\/et_pb_column][et_pb_column type=&#8220;1_2&#8243; module_class=&#8220;image&#8220; _builder_version=&#8220;4.24.0&#8243; _module_preset=&#8220;default&#8220; global_colors_info=&#8220;{}&#8220;][et_pb_image src=&#8220;https:\/\/hultsfredstrandcamping.se\/wp-content\/uploads\/hultsfred-strandcamping-flygfoto-10.avif&#8220; alt=&#8220;Ferienunterk\u00fcnfte &#8211; Hultsfred Strandcamping&#8220; title_text=&#8220;Ferienunterk\u00fcnfte &#8211; Hultsfred Strandcamping&#8220; force_fullwidth=&#8220;on&#8220; module_class=&#8220;cover&#8220; _builder_version=&#8220;4.24.2&#8243; _module_preset=&#8220;default&#8220; global_colors_info=&#8220;{}&#8220;][\/et_pb_image][\/et_pb_column][\/et_pb_row][\/et_pb_section][et_pb_section fb_built=&#8220;1&#8243; module_class=&#8220;graybg&#8220; _builder_version=&#8220;4.23.1&#8243; _module_preset=&#8220;default&#8220; custom_padding=&#8220;60px||100px|||&#8220; global_colors_info=&#8220;{}&#8220;][et_pb_row column_structure=&#8220;1_2,1_2&#8243; use_custom_gutter=&#8220;on&#8220; gutter_width=&#8220;2&#8243; make_equal=&#8220;on&#8220; _builder_version=&#8220;4.23.1&#8243; _module_preset=&#8220;default&#8220; custom_padding=&#8220;40px||0px|||&#8220; global_colors_info=&#8220;{}&#8220;][et_pb_column type=&#8220;1_2&#8243; _builder_version=&#8220;4.23.1&#8243; _module_preset=&#8220;default&#8220; background_color=&#8220;#FFFFFF&#8220; global_colors_info=&#8220;{}&#8220;][et_pb_image src=&#8220;https:\/\/hultsfredstrandcamping.se\/wp-content\/uploads\/boende-stuga.avif&#8220; alt=&#8220;H\u00fctte &#8211; Hultsfred Strandcamping&#8220; title_text=&#8220;H\u00fctte &#8211; Hultsfred Strandcamping&#8220; show_bottom_space=&#8220;off&#8220; force_fullwidth=&#8220;on&#8220; module_class=&#8220;image-resize&#8220; _builder_version=&#8220;4.24.2&#8243; _module_preset=&#8220;default&#8220; global_colors_info=&#8220;{}&#8220;][\/et_pb_image][et_pb_text _builder_version=&#8220;4.24.0&#8243; _module_preset=&#8220;default&#8220; global_colors_info=&#8220;{}&#8220;]<\/p>\n<h2>H\u00fctte<\/h2>\n<h3>Campingh\u00fctte f\u00fcr 1-4 Personen<\/h3>\n<p>Starten Sie die Kaffeemaschine, \u00f6ffnen Sie die T\u00fcr und beginnen Sie den Tag bestm\u00f6glich mit einer Tasse auf der Terrasse mit Blick auf den See. H\u00f6rt sich toll an, nicht wahr? <\/p>\n<p style=\"text-align: center;\"><a class=\"button\" href=\"https:\/\/hultsfredstrandcamping.se\/de\/unterkunft\/hutte\/\">Mehr lesen<\/a><\/p>\n<p>[\/et_pb_text][\/et_pb_column][et_pb_column type=&#8220;1_2&#8243; _builder_version=&#8220;4.23.1&#8243; _module_preset=&#8220;default&#8220; background_color=&#8220;#FFFFFF&#8220; global_colors_info=&#8220;{}&#8220;][et_pb_image src=&#8220;https:\/\/hultsfredstrandcamping.se\/wp-content\/uploads\/boende-campingtomt.avif&#8220; alt=&#8220;Campingplatz &#8211; Hultsfred Strandcamping&#8220; title_text=&#8220;Campingplatz &#8211; Hultsfred Strandcamping&#8220; show_bottom_space=&#8220;off&#8220; force_fullwidth=&#8220;on&#8220; module_class=&#8220;image-resize&#8220; _builder_version=&#8220;4.24.2&#8243; _module_preset=&#8220;default&#8220; global_colors_info=&#8220;{}&#8220;][\/et_pb_image][et_pb_text _builder_version=&#8220;4.24.0&#8243; _module_preset=&#8220;default&#8220; global_colors_info=&#8220;{}&#8220;]<\/p>\n<h2>Campingplatz<\/h2>\n<h3>Wohnwagen \/ Wohnmobil \/ Zelt mit Strom<\/h3>\n<p>Wo campen Sie lieber, am n\u00e4chsten am See oder in der N\u00e4he des Sanit\u00e4rgeb\u00e4udes? Wir haben verschiedene Arten von Campingpl\u00e4tzen, alle mit sch\u00f6ner Aussicht auf den See. <\/p>\n<p style=\"text-align: center;\"><a class=\"button\" href=\"https:\/\/hultsfredstrandcamping.se\/de\/unterkunft\/campingplatz\/\">Mehr lesen<\/a><\/p>\n<p>[\/et_pb_text][\/et_pb_column][\/et_pb_row][et_pb_row column_structure=&#8220;1_2,1_2&#8243; use_custom_gutter=&#8220;on&#8220; gutter_width=&#8220;2&#8243; make_equal=&#8220;on&#8220; _builder_version=&#8220;4.23.1&#8243; _module_preset=&#8220;default&#8220; custom_padding=&#8220;40px||40px||false|false&#8220; global_colors_info=&#8220;{}&#8220;][et_pb_column type=&#8220;1_2&#8243; _builder_version=&#8220;4.23.1&#8243; _module_preset=&#8220;default&#8220; background_color=&#8220;#FFFFFF&#8220; global_colors_info=&#8220;{}&#8220;][et_pb_image src=&#8220;https:\/\/hultsfredstrandcamping.se\/wp-content\/uploads\/taltplats_vid_vatten_smaland.avif&#8220; alt=&#8220;Zeltbereich &#8211; Hultsfred Strandcamping&#8220; title_text=&#8220;Zeltbereich &#8211; Hultsfred Strandcamping&#8220; show_bottom_space=&#8220;off&#8220; force_fullwidth=&#8220;on&#8220; module_class=&#8220;image-resize&#8220; _builder_version=&#8220;4.24.2&#8243; _module_preset=&#8220;default&#8220; global_colors_info=&#8220;{}&#8220;][\/et_pb_image][et_pb_text _builder_version=&#8220;4.24.0&#8243; _module_preset=&#8220;default&#8220; global_colors_info=&#8220;{}&#8220;]<\/p>\n<h2>Zeltbereich<\/h2>\n<h3>Zelt ohne Strom<\/h3>\n<p>Suchen Sie sich einen guten Platz in unserem Zeltbereich aus und schlagen Sie Ihr Zelt auf! Es ist erlaubt, Ihr Fahrrad\/Motorrad\/Auto neben Ihrem Zelt abzustellen.  <em>Wenn Sie n\u00e4her am See oder Stromanschluss sein m\u00f6chten, w\u00e4hlen Sie einen Campingplatz.<\/em><\/p>\n<p style=\"text-align: center;\"><a class=\"button\" href=\"https:\/\/hultsfredstrandcamping.se\/de\/unterkunft\/zeltbereich\/\">Mehr lesen<\/a><\/p>\n<p>[\/et_pb_text][\/et_pb_column][et_pb_column type=&#8220;1_2&#8243; _builder_version=&#8220;4.23.1&#8243; _module_preset=&#8220;default&#8220; background_color=&#8220;#FFFFFF&#8220; global_colors_info=&#8220;{}&#8220;][et_pb_image src=&#8220;https:\/\/hultsfredstrandcamping.se\/wp-content\/uploads\/boende-atlantis.jpg&#8220; alt=&#8220;Wohnmobilparkplatz Atlantis &#8211; Unterkunft &#8211; Hultsfred Strandcamping&#8220; title_text=&#8220;Wohnmobilparkplatz Atlantis&#8220; show_bottom_space=&#8220;off&#8220; force_fullwidth=&#8220;on&#8220; module_class=&#8220;image-resize&#8220; _builder_version=&#8220;4.24.2&#8243; _module_preset=&#8220;default&#8220; global_colors_info=&#8220;{}&#8220;][\/et_pb_image][et_pb_text _builder_version=&#8220;4.24.0&#8243; _module_preset=&#8220;default&#8220; global_colors_info=&#8220;{}&#8220;]<\/p>\n<h2>Wohnmobilparkplatz Atlantis<\/h2>\n<h3>Wohnmobil mit oder ohne Strom<\/h3>\n<p>Die vorherige Etappe beim Hultsfred Festival in Atlantis wurde zum Wohnmobilparkplatz in Atlantis! Auf diesem Boden haben mehrere gro\u00dfe K\u00fcnstler gespielt, darunter Robyn.  F\u00fcr Sie mit einem Wohnmobil, das auf gepflasterten harten Oberfl\u00e4chen stehen m\u00f6chte.<\/p>\n<p style=\"text-align: center;\"><a class=\"button\" href=\"https:\/\/hultsfredstrandcamping.se\/de\/unterkunft\/stellplatz-atlantis\/\">Mehr lesen<\/a><\/p>\n<p>[\/et_pb_text][\/et_pb_column][\/et_pb_row][et_pb_row column_structure=&#8220;1_2,1_2&#8243; use_custom_gutter=&#8220;on&#8220; gutter_width=&#8220;1&#8243; make_equal=&#8220;on&#8220; _builder_version=&#8220;4.24.0&#8243; _module_preset=&#8220;default&#8220; background_color=&#8220;#FFFFFF&#8220; custom_margin=&#8220;||||false|false&#8220; custom_padding=&#8220;0px||0px||false|false&#8220; global_colors_info=&#8220;{}&#8220;][et_pb_column type=&#8220;1_2&#8243; _builder_version=&#8220;4.23.4&#8243; _module_preset=&#8220;default&#8220; global_colors_info=&#8220;{}&#8220;][et_pb_image src=&#8220;https:\/\/hultsfredstrandcamping.se\/wp-content\/uploads\/sasongscamping-02.jpg&#8220; alt=&#8220;Saisonaler Campingplatz&#8220; title_text=&#8220;Saisonaler Campingplatz&#8220; force_fullwidth=&#8220;on&#8220; module_class=&#8220;image-resize cover&#8220; _builder_version=&#8220;4.24.2&#8243; _module_preset=&#8220;default&#8220; global_colors_info=&#8220;{}&#8220;][\/et_pb_image][\/et_pb_column][et_pb_column type=&#8220;1_2&#8243; module_class=&#8220;vertical-align&#8220; _builder_version=&#8220;4.24.0&#8243; _module_preset=&#8220;default&#8220; background_color=&#8220;#FFFFFF&#8220; global_colors_info=&#8220;{}&#8220;][et_pb_cta button_url=&#8220;https:\/\/hultsfredstrandcamping.se\/de\/unterkunft\/saisonaler-campingplatz\/&#8220; button_text=&#8220;Mehr lesen&#8220; _builder_version=&#8220;4.24.0&#8243; _module_preset=&#8220;default&#8220; header_font=&#8220;|700|||||||&#8220; header_font_size=&#8220;40px&#8220; background_enable_color=&#8220;off&#8220; background_layout=&#8220;light&#8220; custom_padding=&#8220;30px||||false|false&#8220; global_colors_info=&#8220;{}&#8220;]<\/p>\n<h2>Saisonaler Campingplatz<\/h2>\n<p>Verl\u00e4ngern Sie den Sommer mit Camping die ganze Saison zu einem g\u00fcnstigen Preis!<\/p>\n<p>[\/et_pb_cta][\/et_pb_column][\/et_pb_row][\/et_pb_section]<\/p>\n","protected":false},"excerpt":{"rendered":"<p>Unsere Unterk\u00fcnfte Wir haben Ihre Ferienunterkunft Stellpl\u00e4tze f\u00fcr Wohnwagen, Wohnmobile und Zelte, alle mit Blick auf den See. Alle unsere Campingpl\u00e4tze sind ger\u00e4umig und mindestens 10 x 10 Meter gro\u00df. Strom ist im Preis inbegriffen und an vielen Orten ist Trinkwasser an den Mast angeschlossen, der mit dem Nachbarn geteilt wird. Die Campingh\u00fctten sind einfach, [&hellip;]<\/p>\n","protected":false},"author":1,"featured_media":0,"parent":0,"menu_order":0,"comment_status":"closed","ping_status":"closed","template":"","meta":{"_acf_changed":false,"_et_pb_use_builder":"on","_et_pb_old_content":"","_et_gb_content_width":"","footnotes":""},"class_list":["post-2136","page","type-page","status-publish","hentry"],"acf":[],"yoast_head":"<!-- This site is optimized with the Yoast SEO plugin v27.4 - https:\/\/yoast.com\/product\/yoast-seo-wordpress\/ -->\n<title>Unterkunft - Hultsfred Strandcamping<\/title>\n<meta name=\"description\" content=\"Kinderfreundlicher Campingplatz in Hultsfred, Sm\u00e5land. Hier wohnen Sie am See mit Badestelle als Nachbar. 20 Min Fahrt bis zu Astrid Lindgrens Welt.\" \/>\n<meta name=\"robots\" content=\"index, follow, max-snippet:-1, max-image-preview:large, max-video-preview:-1\" \/>\n<link rel=\"canonical\" href=\"https:\/\/hultsfredstrandcamping.se\/de\/unterkunft\/\" \/>\n<meta property=\"og:locale\" content=\"de_DE\" \/>\n<meta property=\"og:type\" content=\"article\" \/>\n<meta property=\"og:title\" content=\"Unterkunft - Hultsfred Strandcamping\" \/>\n<meta property=\"og:description\" content=\"Kinderfreundlicher Campingplatz in Hultsfred, Sm\u00e5land. Hier wohnen Sie am See mit Badestelle als Nachbar. 20 Min Fahrt bis zu Astrid Lindgrens Welt.\" \/>\n<meta property=\"og:url\" content=\"https:\/\/hultsfredstrandcamping.se\/de\/unterkunft\/\" \/>\n<meta property=\"og:site_name\" content=\"Hultsfred Strandcamping\" \/>\n<meta property=\"article:publisher\" content=\"https:\/\/www.facebook.com\/hultsfredstrandcamping\" \/>\n<meta property=\"article:modified_time\" content=\"2024-04-22T12:22:21+00:00\" \/>\n<script type=\"application\/ld+json\" class=\"yoast-schema-graph\">{\"@context\":\"https:\\\/\\\/schema.org\",\"@graph\":[{\"@type\":\"WebPage\",\"@id\":\"https:\\\/\\\/hultsfredstrandcamping.se\\\/de\\\/unterkunft\\\/\",\"url\":\"https:\\\/\\\/hultsfredstrandcamping.se\\\/de\\\/unterkunft\\\/\",\"name\":\"Unterkunft - Hultsfred Strandcamping\",\"isPartOf\":{\"@id\":\"https:\\\/\\\/hultsfredstrandcamping.se\\\/#website\"},\"datePublished\":\"2023-12-05T13:38:18+00:00\",\"dateModified\":\"2024-04-22T12:22:21+00:00\",\"description\":\"Kinderfreundlicher Campingplatz in Hultsfred, Sm\u00e5land. Hier wohnen Sie am See mit Badestelle als Nachbar. 20 Min Fahrt bis zu Astrid Lindgrens Welt.\",\"breadcrumb\":{\"@id\":\"https:\\\/\\\/hultsfredstrandcamping.se\\\/de\\\/unterkunft\\\/#breadcrumb\"},\"inLanguage\":\"de\",\"potentialAction\":[{\"@type\":\"ReadAction\",\"target\":[\"https:\\\/\\\/hultsfredstrandcamping.se\\\/de\\\/unterkunft\\\/\"]}]},{\"@type\":\"BreadcrumbList\",\"@id\":\"https:\\\/\\\/hultsfredstrandcamping.se\\\/de\\\/unterkunft\\\/#breadcrumb\",\"itemListElement\":[{\"@type\":\"ListItem\",\"position\":1,\"name\":\"Hem\",\"item\":\"https:\\\/\\\/hultsfredstrandcamping.se\\\/de\\\/startsida\\\/\"},{\"@type\":\"ListItem\",\"position\":2,\"name\":\"Unterkunft\"}]},{\"@type\":\"WebSite\",\"@id\":\"https:\\\/\\\/hultsfredstrandcamping.se\\\/#website\",\"url\":\"https:\\\/\\\/hultsfredstrandcamping.se\\\/\",\"name\":\"Hultsfred Strandcamping\",\"description\":\"Hultsfred Strandcamping\",\"publisher\":{\"@id\":\"https:\\\/\\\/hultsfredstrandcamping.se\\\/#organization\"},\"potentialAction\":[{\"@type\":\"SearchAction\",\"target\":{\"@type\":\"EntryPoint\",\"urlTemplate\":\"https:\\\/\\\/hultsfredstrandcamping.se\\\/?s={search_term_string}\"},\"query-input\":{\"@type\":\"PropertyValueSpecification\",\"valueRequired\":true,\"valueName\":\"search_term_string\"}}],\"inLanguage\":\"de\"},{\"@type\":\"Organization\",\"@id\":\"https:\\\/\\\/hultsfredstrandcamping.se\\\/#organization\",\"name\":\"Hultsfred Strandcamping\",\"url\":\"https:\\\/\\\/hultsfredstrandcamping.se\\\/\",\"logo\":{\"@type\":\"ImageObject\",\"inLanguage\":\"de\",\"@id\":\"https:\\\/\\\/hultsfredstrandcamping.se\\\/#\\\/schema\\\/logo\\\/image\\\/\",\"url\":\"https:\\\/\\\/hultsfredstrandcamping.se\\\/wp-content\\\/uploads\\\/Hultsfred.Strandcamping-logo.png\",\"contentUrl\":\"https:\\\/\\\/hultsfredstrandcamping.se\\\/wp-content\\\/uploads\\\/Hultsfred.Strandcamping-logo.png\",\"width\":340,\"height\":187,\"caption\":\"Hultsfred Strandcamping\"},\"image\":{\"@id\":\"https:\\\/\\\/hultsfredstrandcamping.se\\\/#\\\/schema\\\/logo\\\/image\\\/\"},\"sameAs\":[\"https:\\\/\\\/www.facebook.com\\\/hultsfredstrandcamping\",\"https:\\\/\\\/www.instagram.com\\\/hultsfredstrandcamping\\\/\"]}]}<\/script>\n<!-- \/ Yoast SEO plugin. -->","yoast_head_json":{"title":"Unterkunft - Hultsfred Strandcamping","description":"Kinderfreundlicher Campingplatz in Hultsfred, Sm\u00e5land. Hier wohnen Sie am See mit Badestelle als Nachbar. 20 Min Fahrt bis zu Astrid Lindgrens Welt.","robots":{"index":"index","follow":"follow","max-snippet":"max-snippet:-1","max-image-preview":"max-image-preview:large","max-video-preview":"max-video-preview:-1"},"canonical":"https:\/\/hultsfredstrandcamping.se\/de\/unterkunft\/","og_locale":"de_DE","og_type":"article","og_title":"Unterkunft - Hultsfred Strandcamping","og_description":"Kinderfreundlicher Campingplatz in Hultsfred, Sm\u00e5land. Hier wohnen Sie am See mit Badestelle als Nachbar. 20 Min Fahrt bis zu Astrid Lindgrens Welt.","og_url":"https:\/\/hultsfredstrandcamping.se\/de\/unterkunft\/","og_site_name":"Hultsfred Strandcamping","article_publisher":"https:\/\/www.facebook.com\/hultsfredstrandcamping","article_modified_time":"2024-04-22T12:22:21+00:00","schema":{"@context":"https:\/\/schema.org","@graph":[{"@type":"WebPage","@id":"https:\/\/hultsfredstrandcamping.se\/de\/unterkunft\/","url":"https:\/\/hultsfredstrandcamping.se\/de\/unterkunft\/","name":"Unterkunft - Hultsfred Strandcamping","isPartOf":{"@id":"https:\/\/hultsfredstrandcamping.se\/#website"},"datePublished":"2023-12-05T13:38:18+00:00","dateModified":"2024-04-22T12:22:21+00:00","description":"Kinderfreundlicher Campingplatz in Hultsfred, Sm\u00e5land. Hier wohnen Sie am See mit Badestelle als Nachbar. 20 Min Fahrt bis zu Astrid Lindgrens Welt.","breadcrumb":{"@id":"https:\/\/hultsfredstrandcamping.se\/de\/unterkunft\/#breadcrumb"},"inLanguage":"de","potentialAction":[{"@type":"ReadAction","target":["https:\/\/hultsfredstrandcamping.se\/de\/unterkunft\/"]}]},{"@type":"BreadcrumbList","@id":"https:\/\/hultsfredstrandcamping.se\/de\/unterkunft\/#breadcrumb","itemListElement":[{"@type":"ListItem","position":1,"name":"Hem","item":"https:\/\/hultsfredstrandcamping.se\/de\/startsida\/"},{"@type":"ListItem","position":2,"name":"Unterkunft"}]},{"@type":"WebSite","@id":"https:\/\/hultsfredstrandcamping.se\/#website","url":"https:\/\/hultsfredstrandcamping.se\/","name":"Hultsfred Strandcamping","description":"Hultsfred Strandcamping","publisher":{"@id":"https:\/\/hultsfredstrandcamping.se\/#organization"},"potentialAction":[{"@type":"SearchAction","target":{"@type":"EntryPoint","urlTemplate":"https:\/\/hultsfredstrandcamping.se\/?s={search_term_string}"},"query-input":{"@type":"PropertyValueSpecification","valueRequired":true,"valueName":"search_term_string"}}],"inLanguage":"de"},{"@type":"Organization","@id":"https:\/\/hultsfredstrandcamping.se\/#organization","name":"Hultsfred Strandcamping","url":"https:\/\/hultsfredstrandcamping.se\/","logo":{"@type":"ImageObject","inLanguage":"de","@id":"https:\/\/hultsfredstrandcamping.se\/#\/schema\/logo\/image\/","url":"https:\/\/hultsfredstrandcamping.se\/wp-content\/uploads\/Hultsfred.Strandcamping-logo.png","contentUrl":"https:\/\/hultsfredstrandcamping.se\/wp-content\/uploads\/Hultsfred.Strandcamping-logo.png","width":340,"height":187,"caption":"Hultsfred Strandcamping"},"image":{"@id":"https:\/\/hultsfredstrandcamping.se\/#\/schema\/logo\/image\/"},"sameAs":["https:\/\/www.facebook.com\/hultsfredstrandcamping","https:\/\/www.instagram.com\/hultsfredstrandcamping\/"]}]}},"_links":{"self":[{"href":"https:\/\/hultsfredstrandcamping.se\/de\/wp-json\/wp\/v2\/pages\/2136","targetHints":{"allow":["GET"]}}],"collection":[{"href":"https:\/\/hultsfredstrandcamping.se\/de\/wp-json\/wp\/v2\/pages"}],"about":[{"href":"https:\/\/hultsfredstrandcamping.se\/de\/wp-json\/wp\/v2\/types\/page"}],"author":[{"embeddable":true,"href":"https:\/\/hultsfredstrandcamping.se\/de\/wp-json\/wp\/v2\/users\/1"}],"replies":[{"embeddable":true,"href":"https:\/\/hultsfredstrandcamping.se\/de\/wp-json\/wp\/v2\/comments?post=2136"}],"version-history":[{"count":0,"href":"https:\/\/hultsfredstrandcamping.se\/de\/wp-json\/wp\/v2\/pages\/2136\/revisions"}],"wp:attachment":[{"href":"https:\/\/hultsfredstrandcamping.se\/de\/wp-json\/wp\/v2\/media?parent=2136"}],"curies":[{"name":"wp","href":"https:\/\/api.w.org\/{rel}","templated":true}]}}