{"id":2142,"date":"2024-01-22T13:04:00","date_gmt":"2024-01-22T12:04:00","guid":{"rendered":"https:\/\/hultsfredstrandcamping.se\/unterkunft\/hutte\/"},"modified":"2025-11-05T13:19:16","modified_gmt":"2025-11-05T12:19:16","slug":"huette","status":"publish","type":"page","link":"https:\/\/hultsfredstrandcamping.se\/de\/unterkunft\/huette\/","title":{"rendered":"H\u00fctte"},"content":{"rendered":"<p>[et_pb_section fb_built=&#8220;1&#8243; disabled_on=&#8220;off|off|off&#8220; module_id=&#8220;hero3&#8243; _builder_version=&#8220;4.24.0&#8243; _module_preset=&#8220;default&#8220; custom_margin=&#8220;0px||0px||false|false&#8220; custom_padding=&#8220;0px||0px||false|false&#8220; locked=&#8220;off&#8220; global_colors_info=&#8220;{}&#8220;][et_pb_row column_structure=&#8220;1_2,1_2&#8243; use_custom_gutter=&#8220;on&#8220; gutter_width=&#8220;1&#8243; make_equal=&#8220;on&#8220; _builder_version=&#8220;4.24.0&#8243; _module_preset=&#8220;default&#8220; width=&#8220;100%&#8220; max_width=&#8220;100%&#8220; custom_margin=&#8220;||||false|false&#8220; custom_padding=&#8220;||||false|false&#8220; global_colors_info=&#8220;{}&#8220;][et_pb_column type=&#8220;1_2&#8243; module_class=&#8220;vertical-align&#8220; _builder_version=&#8220;4.24.0&#8243; _module_preset=&#8220;default&#8220; background_color=&#8220;#FFFFFF&#8220; custom_padding=&#8220;||||false|false&#8220; global_colors_info=&#8220;{}&#8220;][et_pb_icon font_icon=&#8220;&#xf015;||fa||900&#8243; icon_color=&#8220;#F3D226&#8243; _builder_version=&#8220;4.24.0&#8243; _module_preset=&#8220;default&#8220; global_colors_info=&#8220;{}&#8220;][\/et_pb_icon][et_pb_text _builder_version=&#8220;4.24.3&#8243; _module_preset=&#8220;default&#8220; header_font=&#8220;|700|||||||&#8220; header_text_align=&#8220;center&#8220; header_font_size=&#8220;50px&#8220; header_2_font=&#8220;|700|||||||&#8220; header_2_text_align=&#8220;center&#8220; global_colors_info=&#8220;{}&#8220;]<\/p>\n<h1>H\u00fctte<\/h1>\n<h2>Campingh\u00fctte f\u00fcr 1-4 Personen<\/h2>\n<p>Beginnen Sie den Tag mit einer Tasse Kaffee auf der Terrasse. Sp\u00fcren Sie die Natur und genie\u00dfen Sie den Blick auf den See. \u00dcbernachten Sie diesen Sommer bei uns in einer H\u00fctte!<\/p>\n<p style=\"text-align: center;\"><a class=\"button\" href=\"https:\/\/hultsfredstrandcamping.se\/de\/buchen\/\">Siehe Preise &amp; Buch<\/a><\/p>\n<p>[\/et_pb_text][\/et_pb_column][et_pb_column type=&#8220;1_2&#8243; module_class=&#8220;image&#8220; _builder_version=&#8220;4.24.0&#8243; _module_preset=&#8220;default&#8220; global_colors_info=&#8220;{}&#8220;][et_pb_image src=&#8220;https:\/\/hultsfredstrandcamping.se\/wp-content\/uploads\/boende-stuga.avif&#8220; alt=&#8220;H\u00fctte &#8211; Hultsfred Strandcamping&#8220; title_text=&#8220;H\u00fctte &#8211; Hultsfred Strandcamping&#8220; force_fullwidth=&#8220;on&#8220; module_class=&#8220;cover&#8220; _builder_version=&#8220;4.24.2&#8243; _module_preset=&#8220;default&#8220; global_colors_info=&#8220;{}&#8220;][\/et_pb_image][\/et_pb_column][\/et_pb_row][\/et_pb_section][et_pb_section fb_built=&#8220;1&#8243; module_class=&#8220;graybg&#8220; _builder_version=&#8220;4.23.1&#8243; _module_preset=&#8220;default&#8220; custom_padding=&#8220;60px||100px|||&#8220; global_colors_info=&#8220;{}&#8220;][et_pb_row column_structure=&#8220;1_2,1_2&#8243; use_custom_gutter=&#8220;on&#8220; gutter_width=&#8220;1&#8243; make_equal=&#8220;on&#8220; _builder_version=&#8220;4.24.2&#8243; _module_preset=&#8220;default&#8220; background_enable_color=&#8220;off&#8220; custom_margin=&#8220;40px||||false|false&#8220; custom_padding=&#8220;0px||0px||false|false&#8220; global_colors_info=&#8220;{}&#8220;][et_pb_column type=&#8220;1_2&#8243; _builder_version=&#8220;4.23.1&#8243; _module_preset=&#8220;default&#8220; global_colors_info=&#8220;{}&#8220;][et_pb_gallery gallery_ids=&#8220;1310,1304,1306,1308,1300&#8243; fullwidth=&#8220;on&#8220; _builder_version=&#8220;4.24.2&#8243; _module_preset=&#8220;default&#8220; background_layout=&#8220;dark&#8220; global_colors_info=&#8220;{}&#8220;][\/et_pb_gallery][\/et_pb_column][et_pb_column type=&#8220;1_2&#8243; module_class=&#8220;vertical-align&#8220; _builder_version=&#8220;4.23.1&#8243; _module_preset=&#8220;default&#8220; background_enable_color=&#8220;off&#8220; global_colors_info=&#8220;{}&#8220;][et_pb_text _builder_version=&#8220;4.24.0&#8243; _module_preset=&#8220;default&#8220; background_color=&#8220;#FFFFFF&#8220; global_colors_info=&#8220;{}&#8220;]<\/p>\n<h2>Unsere H\u00fctten in Hultsfred<\/h2>\n<h3>\u2013 \u00dcbernachten Sie in unseren Cottage<\/h3>\n<p>Die Ferienh\u00e4user bieten Platz f\u00fcr vier Personen in zwei Etagenbetten. Die H\u00fctte verf\u00fcgt \u00fcber eine Kaffeemaschine und einen K\u00fchlschrank. Es gibt Teller, Besteck, Tassen, Gl\u00e4ser, Kissen und Decke f\u00fcr vier Personen. Bettw\u00e4sche bringen Sie selbst mit oder f\u00fcgen diese Ihrer Buchung hinzu. Sie reinigen die H\u00fctte selbst, bevor Sie auschecken, oder w\u00e4hlen bei Ihrer Buchung die Endreinigung aus.<\/p>\n<p>In der H\u00fctte gibt es kein flie\u00dfendes Wasser, aber eine Gemeinschaftsk\u00fcche in der N\u00e4he, in der Sie kochen und Geschirr sp\u00fclen k\u00f6nnen. Die K\u00fcche verf\u00fcgt \u00fcber einen Backofen, einen Herd und eine Mikrowelle. Bratpfannen, T\u00f6pfe und K\u00fcchenutensilien k\u00f6nnen Sie ausleihen. Dusche und WC stehen Ihnen in unserem frischen Servicegeb\u00e4ude zur Verf\u00fcgung.<\/p>\n<p>Haustiere sind in allen unseren Campingh\u00fctten willkommen! Wir haben auch einen Hundestrand und sch\u00f6ne Wanderwege.<\/p>\n<p><em>Pssst .. bestellen Sie am Vortag gez\u00fcchtete Br\u00f6tchen im Caf\u00e9 und wir haben sie fertig und frisch gebacken, wenn wir \u00f6ffnen!<\/em><\/p>\n<p>[\/et_pb_text][\/et_pb_column][\/et_pb_row][et_pb_row column_structure=&#8220;1_2,1_2&#8243; use_custom_gutter=&#8220;on&#8220; gutter_width=&#8220;1&#8243; make_equal=&#8220;on&#8220; _builder_version=&#8220;4.24.2&#8243; _module_preset=&#8220;default&#8220; background_enable_color=&#8220;off&#8220; custom_margin=&#8220;40px||||false|false&#8220; custom_padding=&#8220;0px||0px||false|false&#8220; global_colors_info=&#8220;{}&#8220;][et_pb_column type=&#8220;1_2&#8243; module_class=&#8220;vertical-align&#8220; _builder_version=&#8220;4.24.2&#8243; _module_preset=&#8220;default&#8220; background_color=&#8220;#FFFFFF&#8220; global_colors_info=&#8220;{}&#8220;][et_pb_text _builder_version=&#8220;4.27.2&#8243; _module_preset=&#8220;default&#8220; global_colors_info=&#8220;{}&#8220;]<\/p>\n<h2>Preise pro Nacht<\/h2>\n<table border=\"1\" style=\"border-collapse: collapse; width: 100%; margin-top: 20px;\">\n<tbody>\n<tr>\n<td style=\"width: 50%;\" colspan=\"2\">\n<h3>Fr\u00fch-\/Sp\u00e4tsommer 2026 (30. April \u2013 11. Juni &amp; 31. August \u2013 12. September)<\/h3>\n<\/td>\n<\/tr>\n<tr>\n<td style=\"width: 50%;\">BAS<\/td>\n<td style=\"width: 50%;\">795 SEK<\/td>\n<\/tr>\n<tr style=\"height: 10px;\">\n<td style=\"width: 50%;\">FLEX<\/td>\n<td style=\"width: 50%;\">875 SEK<\/td>\n<\/tr>\n<\/tbody>\n<\/table>\n<table border=\"1\" style=\"border-collapse: collapse; width: 100%;\">\n<tbody>\n<tr>\n<td style=\"width: 50%;\" colspan=\"2\">\n<h3>Sommer 2026 (12. Juni \u2013 5. Juli &amp; 10. August \u2013 30. August)<\/h3>\n<\/td>\n<\/tr>\n<tr>\n<td style=\"width: 50%;\">BAS<\/td>\n<td style=\"width: 50%;\">995 SEK<\/td>\n<\/tr>\n<tr>\n<td style=\"width: 50%;\">FLEX<\/td>\n<td style=\"width: 50%;\">1.095 SEK<\/td>\n<\/tr>\n<\/tbody>\n<\/table>\n<table border=\"1\" style=\"border-collapse: collapse; width: 100%;\">\n<tbody>\n<tr>\n<td style=\"width: 50%;\" colspan=\"2\">\n<h3>Hochsommer 2026 (6. Juli \u2013 9. August)<\/h3>\n<\/td>\n<\/tr>\n<tr>\n<td style=\"width: 50%;\">BAS<\/td>\n<td style=\"width: 50%;\">1.195 SEK<\/td>\n<\/tr>\n<tr>\n<td style=\"width: 50%;\">FLEX<\/td>\n<td style=\"width: 50%;\">1.315 SEK<\/td>\n<\/tr>\n<\/tbody>\n<\/table>\n<table border=\"1\" style=\"border-collapse: collapse; width: 100%;\">\n<tbody>\n<tr>\n<td style=\"width: 50%;\" colspan=\"2\">\n<h3>Optionale Add-Ons<\/h3>\n<\/td>\n<\/tr>\n<tr>\n<td style=\"width: 50%;\">Endreinigung<\/td>\n<td style=\"width: 50%;\">590 SEK<\/td>\n<\/tr>\n<tr>\n<td style=\"width: 50%;\">Bettw\u00e4sche<\/td>\n<td style=\"width: 50%;\">150 SEK pro Bett<\/td>\n<\/tr>\n<\/tbody>\n<\/table>\n<p>[\/et_pb_text][et_pb_toggle title=&#8220;Was ist der Unterschied zwischen BAS &amp; FLEX?&#8220; icon_color=&#8220;#F3D226&#8243; toggle_icon=&#8220;&#x3b;||divi||400&#8243; open_icon_color=&#8220;#F3D226&#8243; open_toggle_icon=&#8220;&#x3a;||divi||400&#8243; _builder_version=&#8220;4.24.0&#8243; _module_preset=&#8220;default&#8220; title_level=&#8220;h3&#8243; title_font=&#8220;|700|||||||&#8220; title_font_size=&#8220;16px&#8220; background_color=&#8220;#FFFFFF&#8220; custom_margin=&#8220;0px|40px|40px|40px|false|false&#8220; border_color_all=&#8220;#dddddd&#8220; global_colors_info=&#8220;{}&#8220;]<\/p>\n<p>\u2013 BAS ist die billigere Alternative und passt zu Ihnen, die sich \u00fcber Reisetage und -daten absolut sicher sind. Im Falle einer Stornierung wird kein Teil des von Ihnen gezahlten Betrags zur\u00fcckerstattet.<\/p>\n<p>\u2013 FLEX ist die flexible Option f\u00fcr Sie, die mehr Freiheit bei Ihrer Buchung w\u00fcnschen. Sie k\u00f6nnen Ihre Buchung bis 12:00 Uhr am Tag vor Ihrer Ankunft stornieren und \u00e4ndern, wobei der Buchungsbetrag vollst\u00e4ndig zur\u00fcckerstattet wird (abz\u00fcglich einer Verwaltungsgeb\u00fchr von 100 SEK pro Unterkunft).<\/p>\n<p>[\/et_pb_toggle][\/et_pb_column][et_pb_column type=&#8220;1_2&#8243; module_class=&#8220;image&#8220; _builder_version=&#8220;4.24.0&#8243; _module_preset=&#8220;default&#8220; global_colors_info=&#8220;{}&#8220;][et_pb_image src=&#8220;https:\/\/hultsfredstrandcamping.se\/wp-content\/uploads\/hultsfred-strandcamping-flygfoto-09.avif&#8220; alt=&#8220;Hultsfred Strandcamping &#8211; Luftbild&#8220; title_text=&#8220;Hultsfred Strandcamping &#8211; Luftbild&#8220; show_bottom_space=&#8220;off&#8220; force_fullwidth=&#8220;on&#8220; module_class=&#8220;image-square&#8220; _builder_version=&#8220;4.24.2&#8243; _module_preset=&#8220;default&#8220; global_colors_info=&#8220;{}&#8220;][\/et_pb_image][\/et_pb_column][\/et_pb_row][et_pb_row use_custom_gutter=&#8220;on&#8220; gutter_width=&#8220;2&#8243; make_equal=&#8220;on&#8220; _builder_version=&#8220;4.24.0&#8243; _module_preset=&#8220;default&#8220; background_enable_color=&#8220;off&#8220; custom_margin=&#8220;40px||0px||false|false&#8220; custom_padding=&#8220;0px||0px||false|false&#8220; global_colors_info=&#8220;{}&#8220;][et_pb_column type=&#8220;4_4&#8243; module_class=&#8220;vertical-align&#8220; _builder_version=&#8220;4.23.1&#8243; _module_preset=&#8220;default&#8220; background_enable_color=&#8220;off&#8220; global_colors_info=&#8220;{}&#8220;][et_pb_text _builder_version=&#8220;4.24.2&#8243; _module_preset=&#8220;default&#8220; header_2_font=&#8220;|700|||||||&#8220; header_3_font=&#8220;|700||on|||||&#8220; header_3_font_size=&#8220;14px&#8220; background_enable_color=&#8220;off&#8220; custom_margin=&#8220;0px||0px||false|false&#8220; custom_padding=&#8220;0px|30px|0px|30px|false|false&#8220; global_colors_info=&#8220;{}&#8220;]<\/p>\n<p style=\"text-align: center;\"><a class=\"button\" href=\"https:\/\/hultsfredstrandcamping.se\/de\/buchen\/\">Siehe Preise &amp; Buch<\/a><\/p>\n<p>[\/et_pb_text][\/et_pb_column][\/et_pb_row][\/et_pb_section]<\/p>\n","protected":false},"excerpt":{"rendered":"<p>H\u00fctte Campingh\u00fctte f\u00fcr 1-4 Personen Beginnen Sie den Tag mit einer Tasse Kaffee auf der Terrasse. Sp\u00fcren Sie die Natur und genie\u00dfen Sie den Blick auf den See. \u00dcbernachten Sie diesen Sommer bei uns in einer H\u00fctte! Siehe Preise &amp; BuchUnsere H\u00fctten in Hultsfred \u2013 \u00dcbernachten Sie in unseren Cottage Die Ferienh\u00e4user bieten Platz f\u00fcr [&hellip;]<\/p>\n","protected":false},"author":1,"featured_media":0,"parent":2136,"menu_order":0,"comment_status":"closed","ping_status":"closed","template":"","meta":{"_acf_changed":false,"_et_pb_use_builder":"on","_et_pb_old_content":"","_et_gb_content_width":"","footnotes":""},"class_list":["post-2142","page","type-page","status-publish","hentry"],"acf":[],"yoast_head":"<!-- This site is optimized with the Yoast SEO plugin v27.4 - https:\/\/yoast.com\/product\/yoast-seo-wordpress\/ -->\n<title>H\u00fctte - Hultsfred Strandcamping<\/title>\n<meta name=\"description\" content=\"Ferienh\u00e4user mit Blick auf den See und neben dem Badebereich. Eine H\u00fctte mit Platz f\u00fcr bis zu 4 Personen. Dusche\/WC in sch\u00f6nen Serviceh\u00e4usern.\" \/>\n<meta name=\"robots\" content=\"index, follow, max-snippet:-1, max-image-preview:large, max-video-preview:-1\" \/>\n<link rel=\"canonical\" href=\"https:\/\/hultsfredstrandcamping.se\/de\/unterkunft\/huette\/\" \/>\n<meta property=\"og:locale\" content=\"de_DE\" \/>\n<meta property=\"og:type\" content=\"article\" \/>\n<meta property=\"og:title\" content=\"H\u00fctte - Hultsfred Strandcamping\" \/>\n<meta property=\"og:description\" content=\"Ferienh\u00e4user mit Blick auf den See und neben dem Badebereich. Eine H\u00fctte mit Platz f\u00fcr bis zu 4 Personen. Dusche\/WC in sch\u00f6nen Serviceh\u00e4usern.\" \/>\n<meta property=\"og:url\" content=\"https:\/\/hultsfredstrandcamping.se\/de\/unterkunft\/huette\/\" \/>\n<meta property=\"og:site_name\" content=\"Hultsfred Strandcamping\" \/>\n<meta property=\"article:publisher\" content=\"https:\/\/www.facebook.com\/hultsfredstrandcamping\" \/>\n<meta property=\"article:modified_time\" content=\"2025-11-05T12:19:16+00:00\" \/>\n<script type=\"application\/ld+json\" class=\"yoast-schema-graph\">{\"@context\":\"https:\\\/\\\/schema.org\",\"@graph\":[{\"@type\":\"WebPage\",\"@id\":\"https:\\\/\\\/hultsfredstrandcamping.se\\\/de\\\/unterkunft\\\/huette\\\/\",\"url\":\"https:\\\/\\\/hultsfredstrandcamping.se\\\/de\\\/unterkunft\\\/huette\\\/\",\"name\":\"H\u00fctte - Hultsfred Strandcamping\",\"isPartOf\":{\"@id\":\"https:\\\/\\\/hultsfredstrandcamping.se\\\/#website\"},\"datePublished\":\"2024-01-22T12:04:00+00:00\",\"dateModified\":\"2025-11-05T12:19:16+00:00\",\"description\":\"Ferienh\u00e4user mit Blick auf den See und neben dem Badebereich. Eine H\u00fctte mit Platz f\u00fcr bis zu 4 Personen. Dusche\\\/WC in sch\u00f6nen Serviceh\u00e4usern.\",\"breadcrumb\":{\"@id\":\"https:\\\/\\\/hultsfredstrandcamping.se\\\/de\\\/unterkunft\\\/huette\\\/#breadcrumb\"},\"inLanguage\":\"de\",\"potentialAction\":[{\"@type\":\"ReadAction\",\"target\":[\"https:\\\/\\\/hultsfredstrandcamping.se\\\/de\\\/unterkunft\\\/huette\\\/\"]}]},{\"@type\":\"BreadcrumbList\",\"@id\":\"https:\\\/\\\/hultsfredstrandcamping.se\\\/de\\\/unterkunft\\\/huette\\\/#breadcrumb\",\"itemListElement\":[{\"@type\":\"ListItem\",\"position\":1,\"name\":\"Hem\",\"item\":\"https:\\\/\\\/hultsfredstrandcamping.se\\\/de\\\/startsida\\\/\"},{\"@type\":\"ListItem\",\"position\":2,\"name\":\"Unterkunft\",\"item\":\"https:\\\/\\\/hultsfredstrandcamping.se\\\/de\\\/unterkunft\\\/\"},{\"@type\":\"ListItem\",\"position\":3,\"name\":\"H\u00fctte\"}]},{\"@type\":\"WebSite\",\"@id\":\"https:\\\/\\\/hultsfredstrandcamping.se\\\/#website\",\"url\":\"https:\\\/\\\/hultsfredstrandcamping.se\\\/\",\"name\":\"Hultsfred Strandcamping\",\"description\":\"Hultsfred Strandcamping\",\"publisher\":{\"@id\":\"https:\\\/\\\/hultsfredstrandcamping.se\\\/#organization\"},\"potentialAction\":[{\"@type\":\"SearchAction\",\"target\":{\"@type\":\"EntryPoint\",\"urlTemplate\":\"https:\\\/\\\/hultsfredstrandcamping.se\\\/?s={search_term_string}\"},\"query-input\":{\"@type\":\"PropertyValueSpecification\",\"valueRequired\":true,\"valueName\":\"search_term_string\"}}],\"inLanguage\":\"de\"},{\"@type\":\"Organization\",\"@id\":\"https:\\\/\\\/hultsfredstrandcamping.se\\\/#organization\",\"name\":\"Hultsfred Strandcamping\",\"url\":\"https:\\\/\\\/hultsfredstrandcamping.se\\\/\",\"logo\":{\"@type\":\"ImageObject\",\"inLanguage\":\"de\",\"@id\":\"https:\\\/\\\/hultsfredstrandcamping.se\\\/#\\\/schema\\\/logo\\\/image\\\/\",\"url\":\"https:\\\/\\\/hultsfredstrandcamping.se\\\/wp-content\\\/uploads\\\/Hultsfred.Strandcamping-logo.png\",\"contentUrl\":\"https:\\\/\\\/hultsfredstrandcamping.se\\\/wp-content\\\/uploads\\\/Hultsfred.Strandcamping-logo.png\",\"width\":340,\"height\":187,\"caption\":\"Hultsfred Strandcamping\"},\"image\":{\"@id\":\"https:\\\/\\\/hultsfredstrandcamping.se\\\/#\\\/schema\\\/logo\\\/image\\\/\"},\"sameAs\":[\"https:\\\/\\\/www.facebook.com\\\/hultsfredstrandcamping\",\"https:\\\/\\\/www.instagram.com\\\/hultsfredstrandcamping\\\/\"]}]}<\/script>\n<!-- \/ Yoast SEO plugin. -->","yoast_head_json":{"title":"H\u00fctte - Hultsfred Strandcamping","description":"Ferienh\u00e4user mit Blick auf den See und neben dem Badebereich. Eine H\u00fctte mit Platz f\u00fcr bis zu 4 Personen. Dusche\/WC in sch\u00f6nen Serviceh\u00e4usern.","robots":{"index":"index","follow":"follow","max-snippet":"max-snippet:-1","max-image-preview":"max-image-preview:large","max-video-preview":"max-video-preview:-1"},"canonical":"https:\/\/hultsfredstrandcamping.se\/de\/unterkunft\/huette\/","og_locale":"de_DE","og_type":"article","og_title":"H\u00fctte - Hultsfred Strandcamping","og_description":"Ferienh\u00e4user mit Blick auf den See und neben dem Badebereich. Eine H\u00fctte mit Platz f\u00fcr bis zu 4 Personen. Dusche\/WC in sch\u00f6nen Serviceh\u00e4usern.","og_url":"https:\/\/hultsfredstrandcamping.se\/de\/unterkunft\/huette\/","og_site_name":"Hultsfred Strandcamping","article_publisher":"https:\/\/www.facebook.com\/hultsfredstrandcamping","article_modified_time":"2025-11-05T12:19:16+00:00","schema":{"@context":"https:\/\/schema.org","@graph":[{"@type":"WebPage","@id":"https:\/\/hultsfredstrandcamping.se\/de\/unterkunft\/huette\/","url":"https:\/\/hultsfredstrandcamping.se\/de\/unterkunft\/huette\/","name":"H\u00fctte - Hultsfred Strandcamping","isPartOf":{"@id":"https:\/\/hultsfredstrandcamping.se\/#website"},"datePublished":"2024-01-22T12:04:00+00:00","dateModified":"2025-11-05T12:19:16+00:00","description":"Ferienh\u00e4user mit Blick auf den See und neben dem Badebereich. Eine H\u00fctte mit Platz f\u00fcr bis zu 4 Personen. Dusche\/WC in sch\u00f6nen Serviceh\u00e4usern.","breadcrumb":{"@id":"https:\/\/hultsfredstrandcamping.se\/de\/unterkunft\/huette\/#breadcrumb"},"inLanguage":"de","potentialAction":[{"@type":"ReadAction","target":["https:\/\/hultsfredstrandcamping.se\/de\/unterkunft\/huette\/"]}]},{"@type":"BreadcrumbList","@id":"https:\/\/hultsfredstrandcamping.se\/de\/unterkunft\/huette\/#breadcrumb","itemListElement":[{"@type":"ListItem","position":1,"name":"Hem","item":"https:\/\/hultsfredstrandcamping.se\/de\/startsida\/"},{"@type":"ListItem","position":2,"name":"Unterkunft","item":"https:\/\/hultsfredstrandcamping.se\/de\/unterkunft\/"},{"@type":"ListItem","position":3,"name":"H\u00fctte"}]},{"@type":"WebSite","@id":"https:\/\/hultsfredstrandcamping.se\/#website","url":"https:\/\/hultsfredstrandcamping.se\/","name":"Hultsfred Strandcamping","description":"Hultsfred Strandcamping","publisher":{"@id":"https:\/\/hultsfredstrandcamping.se\/#organization"},"potentialAction":[{"@type":"SearchAction","target":{"@type":"EntryPoint","urlTemplate":"https:\/\/hultsfredstrandcamping.se\/?s={search_term_string}"},"query-input":{"@type":"PropertyValueSpecification","valueRequired":true,"valueName":"search_term_string"}}],"inLanguage":"de"},{"@type":"Organization","@id":"https:\/\/hultsfredstrandcamping.se\/#organization","name":"Hultsfred Strandcamping","url":"https:\/\/hultsfredstrandcamping.se\/","logo":{"@type":"ImageObject","inLanguage":"de","@id":"https:\/\/hultsfredstrandcamping.se\/#\/schema\/logo\/image\/","url":"https:\/\/hultsfredstrandcamping.se\/wp-content\/uploads\/Hultsfred.Strandcamping-logo.png","contentUrl":"https:\/\/hultsfredstrandcamping.se\/wp-content\/uploads\/Hultsfred.Strandcamping-logo.png","width":340,"height":187,"caption":"Hultsfred Strandcamping"},"image":{"@id":"https:\/\/hultsfredstrandcamping.se\/#\/schema\/logo\/image\/"},"sameAs":["https:\/\/www.facebook.com\/hultsfredstrandcamping","https:\/\/www.instagram.com\/hultsfredstrandcamping\/"]}]}},"_links":{"self":[{"href":"https:\/\/hultsfredstrandcamping.se\/de\/wp-json\/wp\/v2\/pages\/2142","targetHints":{"allow":["GET"]}}],"collection":[{"href":"https:\/\/hultsfredstrandcamping.se\/de\/wp-json\/wp\/v2\/pages"}],"about":[{"href":"https:\/\/hultsfredstrandcamping.se\/de\/wp-json\/wp\/v2\/types\/page"}],"author":[{"embeddable":true,"href":"https:\/\/hultsfredstrandcamping.se\/de\/wp-json\/wp\/v2\/users\/1"}],"replies":[{"embeddable":true,"href":"https:\/\/hultsfredstrandcamping.se\/de\/wp-json\/wp\/v2\/comments?post=2142"}],"version-history":[{"count":6,"href":"https:\/\/hultsfredstrandcamping.se\/de\/wp-json\/wp\/v2\/pages\/2142\/revisions"}],"predecessor-version":[{"id":3241,"href":"https:\/\/hultsfredstrandcamping.se\/de\/wp-json\/wp\/v2\/pages\/2142\/revisions\/3241"}],"up":[{"embeddable":true,"href":"https:\/\/hultsfredstrandcamping.se\/de\/wp-json\/wp\/v2\/pages\/2136"}],"wp:attachment":[{"href":"https:\/\/hultsfredstrandcamping.se\/de\/wp-json\/wp\/v2\/media?parent=2142"}],"curies":[{"name":"wp","href":"https:\/\/api.w.org\/{rel}","templated":true}]}}