{"id":2151,"date":"2024-01-22T16:09:33","date_gmt":"2024-01-22T15:09:33","guid":{"rendered":"https:\/\/hultsfredstrandcamping.se\/unterkunft\/stellplatz-atlantis\/"},"modified":"2025-11-05T16:52:21","modified_gmt":"2025-11-05T15:52:21","slug":"stellplatz-atlantis","status":"publish","type":"page","link":"https:\/\/hultsfredstrandcamping.se\/de\/unterkunft\/stellplatz-atlantis\/","title":{"rendered":"Wohnmobilparkplatz Atlantis"},"content":{"rendered":"<p>[et_pb_section fb_built=&#8220;1&#8243; disabled_on=&#8220;off|off|off&#8220; module_id=&#8220;hero3&#8243; _builder_version=&#8220;4.24.0&#8243; _module_preset=&#8220;default&#8220; custom_margin=&#8220;0px||0px||false|false&#8220; custom_padding=&#8220;0px||0px||false|false&#8220; locked=&#8220;off&#8220; global_colors_info=&#8220;{}&#8220;][et_pb_row column_structure=&#8220;1_2,1_2&#8243; use_custom_gutter=&#8220;on&#8220; gutter_width=&#8220;1&#8243; make_equal=&#8220;on&#8220; _builder_version=&#8220;4.24.0&#8243; _module_preset=&#8220;default&#8220; width=&#8220;100%&#8220; max_width=&#8220;100%&#8220; custom_margin=&#8220;||||false|false&#8220; custom_padding=&#8220;||||false|false&#8220; global_colors_info=&#8220;{}&#8220;][et_pb_column type=&#8220;1_2&#8243; module_class=&#8220;vertical-align&#8220; _builder_version=&#8220;4.24.0&#8243; _module_preset=&#8220;default&#8220; background_color=&#8220;#FFFFFF&#8220; custom_padding=&#8220;||||false|false&#8220; global_colors_info=&#8220;{}&#8220;][et_pb_image src=&#8220;https:\/\/hultsfredstrandcamping.se\/wp-content\/uploads\/icon-husbil.png&#8220; alt=&#8220;Wohnmobil&#8220; title_text=&#8220;Wohnmobil&#8220; align=&#8220;center&#8220; _builder_version=&#8220;4.24.2&#8243; _module_preset=&#8220;default&#8220; global_colors_info=&#8220;{}&#8220;][\/et_pb_image][et_pb_text _builder_version=&#8220;4.24.0&#8243; _module_preset=&#8220;default&#8220; header_font=&#8220;|700|||||||&#8220; header_text_align=&#8220;center&#8220; header_font_size=&#8220;50px&#8220; header_2_font=&#8220;|700|||||||&#8220; header_2_text_align=&#8220;center&#8220; global_colors_info=&#8220;{}&#8220;]<\/p>\n<h1 class=\"av-special-heading-tag\" itemprop=\"headline\">Wohnmobilparkplatz Atlantis<\/h1>\n<h2>Wohnmobil<\/h2>\n<p>Aus der B\u00fchne Atlantis des Hultsfredfestivalen ist Wohnmobilparkplatz Atlantis . K\u00fcnstler wie Robyn, Timbuktu und Lars Winnerb\u00e4ck sind hier w\u00e4hrend des Hultsfredfestivalen aufgetreten.<\/p>\n<p>[\/et_pb_text][\/et_pb_column][et_pb_column type=&#8220;1_2&#8243; module_class=&#8220;image&#8220; _builder_version=&#8220;4.24.0&#8243; _module_preset=&#8220;default&#8220; global_colors_info=&#8220;{}&#8220;][et_pb_image src=&#8220;https:\/\/hultsfredstrandcamping.se\/wp-content\/uploads\/boende-atlantis-02.avif&#8220; alt=&#8220;Wohnmobilparkplatz Atlantis &#8211; Hultsfred Strandcamping&#8220; title_text=&#8220;Wohnmobilparkplatz Atlantis &#8211; Hultsfred Strandcamping&#8220; force_fullwidth=&#8220;on&#8220; module_class=&#8220;cover&#8220; _builder_version=&#8220;4.24.2&#8243; _module_preset=&#8220;default&#8220; global_colors_info=&#8220;{}&#8220;][\/et_pb_image][\/et_pb_column][\/et_pb_row][\/et_pb_section][et_pb_section fb_built=&#8220;1&#8243; module_class=&#8220;graybg&#8220; _builder_version=&#8220;4.23.1&#8243; _module_preset=&#8220;default&#8220; custom_padding=&#8220;60px||100px|||&#8220; global_colors_info=&#8220;{}&#8220;][et_pb_row column_structure=&#8220;1_2,1_2&#8243; use_custom_gutter=&#8220;on&#8220; gutter_width=&#8220;1&#8243; make_equal=&#8220;on&#8220; _builder_version=&#8220;4.24.0&#8243; _module_preset=&#8220;default&#8220; background_color=&#8220;#FFFFFF&#8220; custom_margin=&#8220;40px||||false|false&#8220; custom_padding=&#8220;0px||0px||false|false&#8220; global_colors_info=&#8220;{}&#8220;][et_pb_column type=&#8220;1_2&#8243; _builder_version=&#8220;4.23.1&#8243; _module_preset=&#8220;default&#8220; global_colors_info=&#8220;{}&#8220;][et_pb_image src=&#8220;https:\/\/hultsfredstrandcamping.se\/wp-content\/uploads\/boende-atlantis.avif&#8220; alt=&#8220;Wohnmobilparkplatz Atlantis &#8211; Hultsfred Strandcamping&#8220; title_text=&#8220;Wohnmobilparkplatz Atlantis&#8220; force_fullwidth=&#8220;on&#8220; module_class=&#8220;image-resize cover &#8220; _builder_version=&#8220;4.24.2&#8243; _module_preset=&#8220;default&#8220; global_colors_info=&#8220;{}&#8220;][\/et_pb_image][\/et_pb_column][et_pb_column type=&#8220;1_2&#8243; module_class=&#8220;vertical-align&#8220; _builder_version=&#8220;4.23.1&#8243; _module_preset=&#8220;default&#8220; background_enable_color=&#8220;off&#8220; global_colors_info=&#8220;{}&#8220;][et_pb_text _builder_version=&#8220;4.24.0&#8243; _module_preset=&#8220;default&#8220; global_colors_info=&#8220;{}&#8220;]<\/p>\n<h2>Unser Wohnmobilparkplatz Atlantis<\/h2>\n<h3><span>\u2013 Camping auf klassischem Boden<\/span><\/h3>\n<p>Beim Wohnmobilstellplatz Atlantis erhalten Sie die Faltunterlage und die mitgelieferten Unterlagen. Gerne k\u00f6nnen Sie alle Einrichtungen des Campingplatzes wie K\u00fcche, Waschplatz und Servicehaus nutzen. Das Servicehaus ist frisch und wird oft gereinigt. Eine Familiendusche und eine Behindertentoilette sind vorhanden.<\/p>\n<p>Hunde sind auf dem gesamten Campingplatz willkommen, wir haben einen Hundestrand und sch\u00f6ne Spazierwege.<\/p>\n<p>[\/et_pb_text][\/et_pb_column][\/et_pb_row][et_pb_row column_structure=&#8220;1_2,1_2&#8243; use_custom_gutter=&#8220;on&#8220; gutter_width=&#8220;1&#8243; make_equal=&#8220;on&#8220; _builder_version=&#8220;4.24.0&#8243; _module_preset=&#8220;default&#8220; background_color=&#8220;#FFFFFF&#8220; custom_margin=&#8220;40px||||false|false&#8220; custom_padding=&#8220;0px||0px||false|false&#8220; global_colors_info=&#8220;{}&#8220;][et_pb_column type=&#8220;1_2&#8243; module_class=&#8220;vertical-align&#8220; _builder_version=&#8220;4.23.1&#8243; _module_preset=&#8220;default&#8220; background_enable_color=&#8220;off&#8220; global_colors_info=&#8220;{}&#8220;][et_pb_text _builder_version=&#8220;4.27.2&#8243; _module_preset=&#8220;default&#8220; custom_padding=&#8220;||30px||false|false&#8220; global_colors_info=&#8220;{}&#8220;]<\/p>\n<h2>Preise pro Nacht<\/h2>\n<table border=\"1\" style=\"border-collapse: collapse; width: 100%; margin-top: 20px;\">\n<tbody>\n<tr>\n<td style=\"width: 50%;\" colspan=\"2\">\n<h3>Fr\u00fch-\/Sp\u00e4tsommer 2026 (30. April \u2013 11. Juni &amp; 31. August \u2013 12. September)<\/h3>\n<\/td>\n<\/tr>\n<tr>\n<td style=\"width: 50%;\">Platz mit Strom<\/td>\n<td style=\"width: 50%;\">250 SEK<\/td>\n<\/tr>\n<\/tbody>\n<\/table>\n<table border=\"1\" style=\"border-collapse: collapse; width: 100%;\">\n<tbody>\n<tr>\n<td style=\"width: 50%;\" colspan=\"2\">\n<h3>Sommer 2026 (12. Juni \u2013 5. Juli &amp; 10. August \u2013 30. August)<\/h3>\n<\/td>\n<\/tr>\n<tr>\n<td style=\"width: 50%;\">Platz mit Strom<\/td>\n<td style=\"width: 50%;\">300 SEK<\/td>\n<\/tr>\n<\/tbody>\n<\/table>\n<table border=\"1\" style=\"border-collapse: collapse; width: 100%;\">\n<tbody>\n<tr>\n<td style=\"width: 50%;\" colspan=\"2\">\n<h3>Hochsommer 2026 (6. Juli \u2013 9. August)<\/h3>\n<\/td>\n<\/tr>\n<tr>\n<td style=\"width: 50%;\">Platz mit Strom<\/td>\n<td style=\"width: 50%;\">350 SEK<\/td>\n<\/tr>\n<\/tbody>\n<\/table>\n<p>[\/et_pb_text][et_pb_blurb use_icon=&#8220;on&#8220; font_icon=&#8220;&#xf05a;||fa||900&#8243; icon_placement=&#8220;left&#8220; image_icon_width=&#8220;50px&#8220; content_max_width=&#8220;100%&#8220; _builder_version=&#8220;4.24.0&#8243; _module_preset=&#8220;default&#8220; custom_margin=&#8220;||30px||false|false&#8220; custom_padding=&#8220;|30px||30px|false|false&#8220; locked=&#8220;off&#8220; global_colors_info=&#8220;{}&#8220;]<\/p>\n<p>Kann nicht gebucht werden, nur vorbeischauen.<\/p>\n<p>Wenn Sie sicher sein m\u00f6chten, einen Platz zu haben, k\u00f6nnen Sie gerne einen <a href=\"https:\/\/hultsfredstrandcamping.se\/campingtomt\">Campingplatz mit Strom<\/a> buchen.<\/p>\n<p>[\/et_pb_blurb][\/et_pb_column][et_pb_column type=&#8220;1_2&#8243; module_class=&#8220;image&#8220; _builder_version=&#8220;4.24.0&#8243; _module_preset=&#8220;default&#8220; global_colors_info=&#8220;{}&#8220;][et_pb_image src=&#8220;https:\/\/hultsfredstrandcamping.se\/wp-content\/uploads\/atlantis-03.jpg&#8220; alt=&#8220;Wohnmobilparkplatz Atlantis &#8211; Hultsfred Strandcamping&#8220; title_text=&#8220;Wohnmobilparkplatz Atlantis&#8220; force_fullwidth=&#8220;on&#8220; module_class=&#8220;cover &#8220; _builder_version=&#8220;4.24.2&#8243; _module_preset=&#8220;default&#8220; global_colors_info=&#8220;{}&#8220;][\/et_pb_image][\/et_pb_column][\/et_pb_row][\/et_pb_section]<\/p>\n","protected":false},"excerpt":{"rendered":"<p>Wohnmobilparkplatz Atlantis Wohnmobil Aus der B\u00fchne Atlantis des Hultsfredfestivalen ist Wohnmobilparkplatz Atlantis . K\u00fcnstler wie Robyn, Timbuktu und Lars Winnerb\u00e4ck sind hier w\u00e4hrend des Hultsfredfestivalen aufgetreten.Unser Wohnmobilparkplatz Atlantis \u2013 Camping auf klassischem Boden Beim Wohnmobilstellplatz Atlantis erhalten Sie die Faltunterlage und die mitgelieferten Unterlagen. Gerne k\u00f6nnen Sie alle Einrichtungen des Campingplatzes wie K\u00fcche, Waschplatz und [&hellip;]<\/p>\n","protected":false},"author":1,"featured_media":0,"parent":2136,"menu_order":0,"comment_status":"closed","ping_status":"closed","template":"","meta":{"_acf_changed":false,"_et_pb_use_builder":"on","_et_pb_old_content":"","_et_gb_content_width":"","footnotes":""},"class_list":["post-2151","page","type-page","status-publish","hentry"],"acf":[],"yoast_head":"<!-- This site is optimized with the Yoast SEO plugin v27.4 - https:\/\/yoast.com\/product\/yoast-seo-wordpress\/ -->\n<title>Wohnmobilparkplatz Atlantis - Hultsfred Strandcamping<\/title>\n<meta name=\"description\" content=\"Stellpl\u00e4tze f\u00fcr Wohnmobile. Camping auf legend\u00e4rem Gel\u00e4nde mit befestigten Wegen. Hier traten bereits gro\u00dfartige schwedische K\u00fcnstler im Rahmen des Hultsfred Festivals auf!\" \/>\n<meta name=\"robots\" content=\"index, follow, max-snippet:-1, max-image-preview:large, max-video-preview:-1\" \/>\n<link rel=\"canonical\" href=\"https:\/\/hultsfredstrandcamping.se\/de\/unterkunft\/stellplatz-atlantis\/\" \/>\n<meta property=\"og:locale\" content=\"de_DE\" \/>\n<meta property=\"og:type\" content=\"article\" \/>\n<meta property=\"og:title\" content=\"Wohnmobilparkplatz Atlantis - Hultsfred Strandcamping\" \/>\n<meta property=\"og:description\" content=\"Stellpl\u00e4tze f\u00fcr Wohnmobile. Camping auf legend\u00e4rem Gel\u00e4nde mit befestigten Wegen. Hier traten bereits gro\u00dfartige schwedische K\u00fcnstler im Rahmen des Hultsfred Festivals auf!\" \/>\n<meta property=\"og:url\" content=\"https:\/\/hultsfredstrandcamping.se\/de\/unterkunft\/stellplatz-atlantis\/\" \/>\n<meta property=\"og:site_name\" content=\"Hultsfred Strandcamping\" \/>\n<meta property=\"article:publisher\" content=\"https:\/\/www.facebook.com\/hultsfredstrandcamping\" \/>\n<meta property=\"article:modified_time\" content=\"2025-11-05T15:52:21+00:00\" \/>\n<script type=\"application\/ld+json\" class=\"yoast-schema-graph\">{\"@context\":\"https:\\\/\\\/schema.org\",\"@graph\":[{\"@type\":\"WebPage\",\"@id\":\"https:\\\/\\\/hultsfredstrandcamping.se\\\/de\\\/unterkunft\\\/stellplatz-atlantis\\\/\",\"url\":\"https:\\\/\\\/hultsfredstrandcamping.se\\\/de\\\/unterkunft\\\/stellplatz-atlantis\\\/\",\"name\":\"Wohnmobilparkplatz Atlantis - Hultsfred Strandcamping\",\"isPartOf\":{\"@id\":\"https:\\\/\\\/hultsfredstrandcamping.se\\\/#website\"},\"datePublished\":\"2024-01-22T15:09:33+00:00\",\"dateModified\":\"2025-11-05T15:52:21+00:00\",\"description\":\"Stellpl\u00e4tze f\u00fcr Wohnmobile. Camping auf legend\u00e4rem Gel\u00e4nde mit befestigten Wegen. Hier traten bereits gro\u00dfartige schwedische K\u00fcnstler im Rahmen des Hultsfred Festivals auf!\",\"breadcrumb\":{\"@id\":\"https:\\\/\\\/hultsfredstrandcamping.se\\\/de\\\/unterkunft\\\/stellplatz-atlantis\\\/#breadcrumb\"},\"inLanguage\":\"de\",\"potentialAction\":[{\"@type\":\"ReadAction\",\"target\":[\"https:\\\/\\\/hultsfredstrandcamping.se\\\/de\\\/unterkunft\\\/stellplatz-atlantis\\\/\"]}]},{\"@type\":\"BreadcrumbList\",\"@id\":\"https:\\\/\\\/hultsfredstrandcamping.se\\\/de\\\/unterkunft\\\/stellplatz-atlantis\\\/#breadcrumb\",\"itemListElement\":[{\"@type\":\"ListItem\",\"position\":1,\"name\":\"Hem\",\"item\":\"https:\\\/\\\/hultsfredstrandcamping.se\\\/de\\\/startsida\\\/\"},{\"@type\":\"ListItem\",\"position\":2,\"name\":\"Unterkunft\",\"item\":\"https:\\\/\\\/hultsfredstrandcamping.se\\\/de\\\/unterkunft\\\/\"},{\"@type\":\"ListItem\",\"position\":3,\"name\":\"Wohnmobilparkplatz Atlantis\"}]},{\"@type\":\"WebSite\",\"@id\":\"https:\\\/\\\/hultsfredstrandcamping.se\\\/#website\",\"url\":\"https:\\\/\\\/hultsfredstrandcamping.se\\\/\",\"name\":\"Hultsfred Strandcamping\",\"description\":\"Hultsfred Strandcamping\",\"publisher\":{\"@id\":\"https:\\\/\\\/hultsfredstrandcamping.se\\\/#organization\"},\"potentialAction\":[{\"@type\":\"SearchAction\",\"target\":{\"@type\":\"EntryPoint\",\"urlTemplate\":\"https:\\\/\\\/hultsfredstrandcamping.se\\\/?s={search_term_string}\"},\"query-input\":{\"@type\":\"PropertyValueSpecification\",\"valueRequired\":true,\"valueName\":\"search_term_string\"}}],\"inLanguage\":\"de\"},{\"@type\":\"Organization\",\"@id\":\"https:\\\/\\\/hultsfredstrandcamping.se\\\/#organization\",\"name\":\"Hultsfred Strandcamping\",\"url\":\"https:\\\/\\\/hultsfredstrandcamping.se\\\/\",\"logo\":{\"@type\":\"ImageObject\",\"inLanguage\":\"de\",\"@id\":\"https:\\\/\\\/hultsfredstrandcamping.se\\\/#\\\/schema\\\/logo\\\/image\\\/\",\"url\":\"https:\\\/\\\/hultsfredstrandcamping.se\\\/wp-content\\\/uploads\\\/Hultsfred.Strandcamping-logo.png\",\"contentUrl\":\"https:\\\/\\\/hultsfredstrandcamping.se\\\/wp-content\\\/uploads\\\/Hultsfred.Strandcamping-logo.png\",\"width\":340,\"height\":187,\"caption\":\"Hultsfred Strandcamping\"},\"image\":{\"@id\":\"https:\\\/\\\/hultsfredstrandcamping.se\\\/#\\\/schema\\\/logo\\\/image\\\/\"},\"sameAs\":[\"https:\\\/\\\/www.facebook.com\\\/hultsfredstrandcamping\",\"https:\\\/\\\/www.instagram.com\\\/hultsfredstrandcamping\\\/\"]}]}<\/script>\n<!-- \/ Yoast SEO plugin. -->","yoast_head_json":{"title":"Wohnmobilparkplatz Atlantis - Hultsfred Strandcamping","description":"Stellpl\u00e4tze f\u00fcr Wohnmobile. Camping auf legend\u00e4rem Gel\u00e4nde mit befestigten Wegen. Hier traten bereits gro\u00dfartige schwedische K\u00fcnstler im Rahmen des Hultsfred Festivals auf!","robots":{"index":"index","follow":"follow","max-snippet":"max-snippet:-1","max-image-preview":"max-image-preview:large","max-video-preview":"max-video-preview:-1"},"canonical":"https:\/\/hultsfredstrandcamping.se\/de\/unterkunft\/stellplatz-atlantis\/","og_locale":"de_DE","og_type":"article","og_title":"Wohnmobilparkplatz Atlantis - Hultsfred Strandcamping","og_description":"Stellpl\u00e4tze f\u00fcr Wohnmobile. Camping auf legend\u00e4rem Gel\u00e4nde mit befestigten Wegen. Hier traten bereits gro\u00dfartige schwedische K\u00fcnstler im Rahmen des Hultsfred Festivals auf!","og_url":"https:\/\/hultsfredstrandcamping.se\/de\/unterkunft\/stellplatz-atlantis\/","og_site_name":"Hultsfred Strandcamping","article_publisher":"https:\/\/www.facebook.com\/hultsfredstrandcamping","article_modified_time":"2025-11-05T15:52:21+00:00","schema":{"@context":"https:\/\/schema.org","@graph":[{"@type":"WebPage","@id":"https:\/\/hultsfredstrandcamping.se\/de\/unterkunft\/stellplatz-atlantis\/","url":"https:\/\/hultsfredstrandcamping.se\/de\/unterkunft\/stellplatz-atlantis\/","name":"Wohnmobilparkplatz Atlantis - Hultsfred Strandcamping","isPartOf":{"@id":"https:\/\/hultsfredstrandcamping.se\/#website"},"datePublished":"2024-01-22T15:09:33+00:00","dateModified":"2025-11-05T15:52:21+00:00","description":"Stellpl\u00e4tze f\u00fcr Wohnmobile. Camping auf legend\u00e4rem Gel\u00e4nde mit befestigten Wegen. Hier traten bereits gro\u00dfartige schwedische K\u00fcnstler im Rahmen des Hultsfred Festivals auf!","breadcrumb":{"@id":"https:\/\/hultsfredstrandcamping.se\/de\/unterkunft\/stellplatz-atlantis\/#breadcrumb"},"inLanguage":"de","potentialAction":[{"@type":"ReadAction","target":["https:\/\/hultsfredstrandcamping.se\/de\/unterkunft\/stellplatz-atlantis\/"]}]},{"@type":"BreadcrumbList","@id":"https:\/\/hultsfredstrandcamping.se\/de\/unterkunft\/stellplatz-atlantis\/#breadcrumb","itemListElement":[{"@type":"ListItem","position":1,"name":"Hem","item":"https:\/\/hultsfredstrandcamping.se\/de\/startsida\/"},{"@type":"ListItem","position":2,"name":"Unterkunft","item":"https:\/\/hultsfredstrandcamping.se\/de\/unterkunft\/"},{"@type":"ListItem","position":3,"name":"Wohnmobilparkplatz Atlantis"}]},{"@type":"WebSite","@id":"https:\/\/hultsfredstrandcamping.se\/#website","url":"https:\/\/hultsfredstrandcamping.se\/","name":"Hultsfred Strandcamping","description":"Hultsfred Strandcamping","publisher":{"@id":"https:\/\/hultsfredstrandcamping.se\/#organization"},"potentialAction":[{"@type":"SearchAction","target":{"@type":"EntryPoint","urlTemplate":"https:\/\/hultsfredstrandcamping.se\/?s={search_term_string}"},"query-input":{"@type":"PropertyValueSpecification","valueRequired":true,"valueName":"search_term_string"}}],"inLanguage":"de"},{"@type":"Organization","@id":"https:\/\/hultsfredstrandcamping.se\/#organization","name":"Hultsfred Strandcamping","url":"https:\/\/hultsfredstrandcamping.se\/","logo":{"@type":"ImageObject","inLanguage":"de","@id":"https:\/\/hultsfredstrandcamping.se\/#\/schema\/logo\/image\/","url":"https:\/\/hultsfredstrandcamping.se\/wp-content\/uploads\/Hultsfred.Strandcamping-logo.png","contentUrl":"https:\/\/hultsfredstrandcamping.se\/wp-content\/uploads\/Hultsfred.Strandcamping-logo.png","width":340,"height":187,"caption":"Hultsfred Strandcamping"},"image":{"@id":"https:\/\/hultsfredstrandcamping.se\/#\/schema\/logo\/image\/"},"sameAs":["https:\/\/www.facebook.com\/hultsfredstrandcamping","https:\/\/www.instagram.com\/hultsfredstrandcamping\/"]}]}},"_links":{"self":[{"href":"https:\/\/hultsfredstrandcamping.se\/de\/wp-json\/wp\/v2\/pages\/2151","targetHints":{"allow":["GET"]}}],"collection":[{"href":"https:\/\/hultsfredstrandcamping.se\/de\/wp-json\/wp\/v2\/pages"}],"about":[{"href":"https:\/\/hultsfredstrandcamping.se\/de\/wp-json\/wp\/v2\/types\/page"}],"author":[{"embeddable":true,"href":"https:\/\/hultsfredstrandcamping.se\/de\/wp-json\/wp\/v2\/users\/1"}],"replies":[{"embeddable":true,"href":"https:\/\/hultsfredstrandcamping.se\/de\/wp-json\/wp\/v2\/comments?post=2151"}],"version-history":[{"count":5,"href":"https:\/\/hultsfredstrandcamping.se\/de\/wp-json\/wp\/v2\/pages\/2151\/revisions"}],"predecessor-version":[{"id":3272,"href":"https:\/\/hultsfredstrandcamping.se\/de\/wp-json\/wp\/v2\/pages\/2151\/revisions\/3272"}],"up":[{"embeddable":true,"href":"https:\/\/hultsfredstrandcamping.se\/de\/wp-json\/wp\/v2\/pages\/2136"}],"wp:attachment":[{"href":"https:\/\/hultsfredstrandcamping.se\/de\/wp-json\/wp\/v2\/media?parent=2151"}],"curies":[{"name":"wp","href":"https:\/\/api.w.org\/{rel}","templated":true}]}}