{"id":2181,"date":"2024-01-25T17:34:51","date_gmt":"2024-01-25T17:34:51","guid":{"rendered":"https:\/\/hultsfredstrandcamping.se\/aktivitaten\/campingplatz\/discgolf-hultsfred\/"},"modified":"2024-03-22T14:06:51","modified_gmt":"2024-03-22T14:06:51","slug":"discgolf-hultsfred","status":"publish","type":"page","link":"https:\/\/hultsfredstrandcamping.se\/de\/aktivitaten\/campingplatz\/discgolf-hultsfred\/","title":{"rendered":"DiscGolf Hultsfred"},"content":{"rendered":"<p>[et_pb_section fb_built=&#8220;1&#8243; disabled_on=&#8220;off|off|off&#8220; module_id=&#8220;hero3&#8243; _builder_version=&#8220;4.24.0&#8243; _module_preset=&#8220;default&#8220; custom_margin=&#8220;0px||0px||false|false&#8220; custom_padding=&#8220;0px||0px||false|false&#8220; locked=&#8220;off&#8220; global_colors_info=&#8220;{}&#8220;][et_pb_row column_structure=&#8220;1_2,1_2&#8243; use_custom_gutter=&#8220;on&#8220; gutter_width=&#8220;1&#8243; make_equal=&#8220;on&#8220; _builder_version=&#8220;4.24.0&#8243; _module_preset=&#8220;default&#8220; width=&#8220;100%&#8220; max_width=&#8220;100%&#8220; custom_margin=&#8220;0px||0px||false|false&#8220; custom_padding=&#8220;0px||0px||false|false&#8220; global_colors_info=&#8220;{}&#8220;][et_pb_column type=&#8220;1_2&#8243; module_class=&#8220;vertical-align&#8220; _builder_version=&#8220;4.24.0&#8243; _module_preset=&#8220;default&#8220; background_color=&#8220;#FFFFFF&#8220; custom_padding=&#8220;100px||100px||false|false&#8220; global_colors_info=&#8220;{}&#8220;][et_pb_icon font_icon=&#8220;&#xf51f;||fa||900&#8243; icon_color=&#8220;#F3D226&#8243; _builder_version=&#8220;4.24.0&#8243; _module_preset=&#8220;default&#8220; locked=&#8220;off&#8220; global_colors_info=&#8220;{}&#8220;][\/et_pb_icon][et_pb_text _builder_version=&#8220;4.24.0&#8243; _module_preset=&#8220;default&#8220; header_font=&#8220;|700|||||||&#8220; header_text_align=&#8220;center&#8220; header_font_size=&#8220;50px&#8220; header_2_font=&#8220;|700|||||||&#8220; header_2_text_align=&#8220;center&#8220; locked=&#8220;off&#8220; global_colors_info=&#8220;{}&#8220;]<\/p>\n<h1 class=\"av-special-heading-tag\" itemprop=\"headline\">DiscGolf Hultsfred<\/h1>\n<h2>Hultsfreds DiscGolfPark direkt neben dem Campingplatz<\/h2>\n<p>Fordern Sie Familie oder Freunde zu einer 9-Loch-Runde im DiscGolfPark von Hultsfred heraus. Bei uns k\u00f6nnen Sie Allround-Scheiben f\u00fcr die Aktivit\u00e4t ausleihen! <\/p>\n<p>[\/et_pb_text][\/et_pb_column][et_pb_column type=&#8220;1_2&#8243; module_class=&#8220;image&#8220; _builder_version=&#8220;4.24.0&#8243; _module_preset=&#8220;default&#8220; global_colors_info=&#8220;{}&#8220;][et_pb_image src=&#8220;https:\/\/hultsfredstrandcamping.se\/wp-content\/uploads\/discgolf.avif&#8220; alt=&#8220;Discgolf &#8211; Hultsfred Strandcamping&#8220; title_text=&#8220;Discgolf &#8211; Hultsfred Strandcamping&#8220; force_fullwidth=&#8220;on&#8220; module_class=&#8220;cover&#8220; _builder_version=&#8220;4.24.2&#8243; _module_preset=&#8220;default&#8220; global_colors_info=&#8220;{}&#8220;][\/et_pb_image][\/et_pb_column][\/et_pb_row][\/et_pb_section][et_pb_section fb_built=&#8220;1&#8243; module_class=&#8220;graybg&#8220; _builder_version=&#8220;4.23.1&#8243; _module_preset=&#8220;default&#8220; custom_padding=&#8220;60px||100px|||&#8220; global_colors_info=&#8220;{}&#8220;][et_pb_row column_structure=&#8220;1_2,1_2&#8243; use_custom_gutter=&#8220;on&#8220; gutter_width=&#8220;1&#8243; make_equal=&#8220;on&#8220; _builder_version=&#8220;4.24.0&#8243; _module_preset=&#8220;default&#8220; background_color=&#8220;#FFFFFF&#8220; custom_margin=&#8220;40px||||false|false&#8220; custom_padding=&#8220;0px||0px||false|false&#8220; global_colors_info=&#8220;{}&#8220;][et_pb_column type=&#8220;1_2&#8243; _builder_version=&#8220;4.23.1&#8243; _module_preset=&#8220;default&#8220; global_colors_info=&#8220;{}&#8220;][et_pb_image src=&#8220;https:\/\/hultsfredstrandcamping.se\/wp-content\/uploads\/discgolf.jpg&#8220; alt=&#8220;DiscGolf&#8220; title_text=&#8220;DiscGolf&#8220; force_fullwidth=&#8220;on&#8220; module_class=&#8220;image-resize cover &#8220; _builder_version=&#8220;4.24.2&#8243; _module_preset=&#8220;default&#8220; global_colors_info=&#8220;{}&#8220;][\/et_pb_image][\/et_pb_column][et_pb_column type=&#8220;1_2&#8243; module_class=&#8220;vertical-align&#8220; _builder_version=&#8220;4.23.1&#8243; _module_preset=&#8220;default&#8220; background_enable_color=&#8220;off&#8220; global_colors_info=&#8220;{}&#8220;][et_pb_text _builder_version=&#8220;4.24.0&#8243; _module_preset=&#8220;default&#8220; global_colors_info=&#8220;{}&#8220;]<\/p>\n<h2>Frisbee-Golf im DiscGolfPark von Hultsfred<\/h2>\n<p>Spielen Sie DiscGolf im Park direkt neben dem Campingplatz. Die Nutzung des Spielfeldes f\u00fcr Spiele mit Ihren eigenen Frisbees oder Scheiben ist v\u00f6llig kostenlos! Wenn Sie Scheiben f\u00fcr das Spiel ausleihen m\u00fcssen, k\u00f6nnen Sie dies im Sommer bei uns auf dem Campingplatz tun. Wenn Sie bei uns eine Scheibe f\u00fcr das Spiel mieten, sind sowohl ein Driver als auch ein Putter inklusive!   <\/p>\n<p>Hultsfreds DiscGolfPark ist ein 9-Loch-Platz, der f\u00fcr alle Altersgruppen und Spielst\u00e4rken geeignet ist. Die neun Parcours sind flach und haben eine unterschiedliche L\u00e4nge von bis zu 100 Metern. Alle Pl\u00e4tze werden als Par-3-L\u00f6cher bewertet.  <\/p>\n<p>Zu Beginn finden Sie Informationen zu den Strecken, Techniktipps und Spielregeln.<\/p>\n<p>Lassen Sie die Runde mit einem Eis in der Sonne oder einem Kaffee aus unserem <a href=\"https:\/\/hultsfredstrandcamping.se\/de\/waffelcafe\/\">Waffelcaf\u00e9<\/a> ausklingen!<\/p>\n<h4>Preis<\/h4>\n<table border=\"1\" style=\"border-collapse: collapse; width: 100%; height: 90px;\">\n<tbody>\n<tr>\n<td style=\"width: 50%;\">Hultsfreds DiscGolfPark<\/td>\n<td style=\"width: 50%;\">FREI!<\/td>\n<\/tr>\n<tr>\n<td style=\"width: 50%;\">Disc-Verleih (1 Driver + 1 Putter)<\/td>\n<td style=\"width: 50%;\">30 SEK\/Person<\/td>\n<\/tr>\n<\/tbody>\n<\/table>\n<p>[\/et_pb_text][\/et_pb_column][\/et_pb_row][et_pb_row use_custom_gutter=&#8220;on&#8220; gutter_width=&#8220;1&#8243; make_equal=&#8220;on&#8220; _builder_version=&#8220;4.24.0&#8243; _module_preset=&#8220;default&#8220; background_color=&#8220;#FFFFFF&#8220; custom_margin=&#8220;40px||||false|false&#8220; custom_padding=&#8220;0px||0px||false|false&#8220; global_colors_info=&#8220;{}&#8220;][et_pb_column type=&#8220;4_4&#8243; _builder_version=&#8220;4.23.1&#8243; _module_preset=&#8220;default&#8220; global_colors_info=&#8220;{}&#8220;][et_pb_image src=&#8220;https:\/\/hultsfredstrandcamping.se\/wp-content\/uploads\/Hultsfreds-DiscGolfPark.jpg&#8220; alt=&#8220;Hultsfreds DiscGolfPark&#8220; title_text=&#8220;Hultsfreds DiscGolfPark&#8220; force_fullwidth=&#8220;on&#8220; _builder_version=&#8220;4.24.0&#8243; _module_preset=&#8220;default&#8220; global_colors_info=&#8220;{}&#8220;][\/et_pb_image][\/et_pb_column][\/et_pb_row][\/et_pb_section]<\/p>\n","protected":false},"excerpt":{"rendered":"<p>DiscGolf Hultsfred Hultsfreds DiscGolfPark direkt neben dem Campingplatz Fordern Sie Familie oder Freunde zu einer 9-Loch-Runde im DiscGolfPark von Hultsfred heraus. Bei uns k\u00f6nnen Sie Allround-Scheiben f\u00fcr die Aktivit\u00e4t ausleihen! Frisbee-Golf im DiscGolfPark von Hultsfred Spielen Sie DiscGolf im Park direkt neben dem Campingplatz. Die Nutzung des Spielfeldes f\u00fcr Spiele mit Ihren eigenen Frisbees oder [&hellip;]<\/p>\n","protected":false},"author":1,"featured_media":0,"parent":2178,"menu_order":0,"comment_status":"closed","ping_status":"closed","template":"","meta":{"_acf_changed":false,"_et_pb_use_builder":"on","_et_pb_old_content":"","_et_gb_content_width":"","footnotes":""},"class_list":["post-2181","page","type-page","status-publish","hentry"],"acf":[],"yoast_head":"<!-- This site is optimized with the Yoast SEO plugin v27.6 - https:\/\/yoast.com\/product\/yoast-seo-wordpress\/ -->\n<title>DiscGolf Hultsfred - Hultsfred Strandcamping<\/title>\n<meta name=\"description\" content=\"Spielen Sie DiscGolf in Hultsfred direkt neben dem Campingplatz. Auf dem Campingplatz k\u00f6nnen Sie Spielscheiben ausleihen.\" \/>\n<meta name=\"robots\" content=\"index, follow, max-snippet:-1, max-image-preview:large, max-video-preview:-1\" \/>\n<link rel=\"canonical\" href=\"https:\/\/hultsfredstrandcamping.se\/de\/aktivitaten\/campingplatz\/discgolf-hultsfred\/\" \/>\n<meta property=\"og:locale\" content=\"de_DE\" \/>\n<meta property=\"og:type\" content=\"article\" \/>\n<meta property=\"og:title\" content=\"DiscGolf Hultsfred - Hultsfred Strandcamping\" \/>\n<meta property=\"og:description\" content=\"Spielen Sie DiscGolf in Hultsfred direkt neben dem Campingplatz. Auf dem Campingplatz k\u00f6nnen Sie Spielscheiben ausleihen.\" \/>\n<meta property=\"og:url\" content=\"https:\/\/hultsfredstrandcamping.se\/de\/aktivitaten\/campingplatz\/discgolf-hultsfred\/\" \/>\n<meta property=\"og:site_name\" content=\"Hultsfred Strandcamping\" \/>\n<meta property=\"article:publisher\" content=\"https:\/\/www.facebook.com\/hultsfredstrandcamping\" \/>\n<meta property=\"article:modified_time\" content=\"2024-03-22T14:06:51+00:00\" \/>\n<script type=\"application\/ld+json\" class=\"yoast-schema-graph\">{\"@context\":\"https:\\\/\\\/schema.org\",\"@graph\":[{\"@type\":\"WebPage\",\"@id\":\"https:\\\/\\\/hultsfredstrandcamping.se\\\/de\\\/aktivitaten\\\/campingplatz\\\/discgolf-hultsfred\\\/\",\"url\":\"https:\\\/\\\/hultsfredstrandcamping.se\\\/de\\\/aktivitaten\\\/campingplatz\\\/discgolf-hultsfred\\\/\",\"name\":\"DiscGolf Hultsfred - Hultsfred Strandcamping\",\"isPartOf\":{\"@id\":\"https:\\\/\\\/hultsfredstrandcamping.se\\\/#website\"},\"datePublished\":\"2024-01-25T17:34:51+00:00\",\"dateModified\":\"2024-03-22T14:06:51+00:00\",\"description\":\"Spielen Sie DiscGolf in Hultsfred direkt neben dem Campingplatz. Auf dem Campingplatz k\u00f6nnen Sie Spielscheiben ausleihen.\",\"breadcrumb\":{\"@id\":\"https:\\\/\\\/hultsfredstrandcamping.se\\\/de\\\/aktivitaten\\\/campingplatz\\\/discgolf-hultsfred\\\/#breadcrumb\"},\"inLanguage\":\"de\",\"potentialAction\":[{\"@type\":\"ReadAction\",\"target\":[\"https:\\\/\\\/hultsfredstrandcamping.se\\\/de\\\/aktivitaten\\\/campingplatz\\\/discgolf-hultsfred\\\/\"]}]},{\"@type\":\"BreadcrumbList\",\"@id\":\"https:\\\/\\\/hultsfredstrandcamping.se\\\/de\\\/aktivitaten\\\/campingplatz\\\/discgolf-hultsfred\\\/#breadcrumb\",\"itemListElement\":[{\"@type\":\"ListItem\",\"position\":1,\"name\":\"Hem\",\"item\":\"https:\\\/\\\/hultsfredstrandcamping.se\\\/de\\\/startsida\\\/\"},{\"@type\":\"ListItem\",\"position\":2,\"name\":\"Aktivit\u00e4ten\",\"item\":\"https:\\\/\\\/hultsfredstrandcamping.se\\\/de\\\/aktivitaten\\\/\"},{\"@type\":\"ListItem\",\"position\":3,\"name\":\"Aktivit\u00e4ten auf dem Campingplatz\",\"item\":\"https:\\\/\\\/hultsfredstrandcamping.se\\\/de\\\/aktivitaten\\\/campingplatz\\\/\"},{\"@type\":\"ListItem\",\"position\":4,\"name\":\"DiscGolf Hultsfred\"}]},{\"@type\":\"WebSite\",\"@id\":\"https:\\\/\\\/hultsfredstrandcamping.se\\\/#website\",\"url\":\"https:\\\/\\\/hultsfredstrandcamping.se\\\/\",\"name\":\"Hultsfred Strandcamping\",\"description\":\"Hultsfred Strandcamping\",\"publisher\":{\"@id\":\"https:\\\/\\\/hultsfredstrandcamping.se\\\/#organization\"},\"potentialAction\":[{\"@type\":\"SearchAction\",\"target\":{\"@type\":\"EntryPoint\",\"urlTemplate\":\"https:\\\/\\\/hultsfredstrandcamping.se\\\/?s={search_term_string}\"},\"query-input\":{\"@type\":\"PropertyValueSpecification\",\"valueRequired\":true,\"valueName\":\"search_term_string\"}}],\"inLanguage\":\"de\"},{\"@type\":\"Organization\",\"@id\":\"https:\\\/\\\/hultsfredstrandcamping.se\\\/#organization\",\"name\":\"Hultsfred Strandcamping\",\"url\":\"https:\\\/\\\/hultsfredstrandcamping.se\\\/\",\"logo\":{\"@type\":\"ImageObject\",\"inLanguage\":\"de\",\"@id\":\"https:\\\/\\\/hultsfredstrandcamping.se\\\/#\\\/schema\\\/logo\\\/image\\\/\",\"url\":\"https:\\\/\\\/hultsfredstrandcamping.se\\\/wp-content\\\/uploads\\\/Hultsfred.Strandcamping-logo.png\",\"contentUrl\":\"https:\\\/\\\/hultsfredstrandcamping.se\\\/wp-content\\\/uploads\\\/Hultsfred.Strandcamping-logo.png\",\"width\":340,\"height\":187,\"caption\":\"Hultsfred Strandcamping\"},\"image\":{\"@id\":\"https:\\\/\\\/hultsfredstrandcamping.se\\\/#\\\/schema\\\/logo\\\/image\\\/\"},\"sameAs\":[\"https:\\\/\\\/www.facebook.com\\\/hultsfredstrandcamping\",\"https:\\\/\\\/www.instagram.com\\\/hultsfredstrandcamping\\\/\"]}]}<\/script>\n<!-- \/ Yoast SEO plugin. -->","yoast_head_json":{"title":"DiscGolf Hultsfred - Hultsfred Strandcamping","description":"Spielen Sie DiscGolf in Hultsfred direkt neben dem Campingplatz. Auf dem Campingplatz k\u00f6nnen Sie Spielscheiben ausleihen.","robots":{"index":"index","follow":"follow","max-snippet":"max-snippet:-1","max-image-preview":"max-image-preview:large","max-video-preview":"max-video-preview:-1"},"canonical":"https:\/\/hultsfredstrandcamping.se\/de\/aktivitaten\/campingplatz\/discgolf-hultsfred\/","og_locale":"de_DE","og_type":"article","og_title":"DiscGolf Hultsfred - Hultsfred Strandcamping","og_description":"Spielen Sie DiscGolf in Hultsfred direkt neben dem Campingplatz. Auf dem Campingplatz k\u00f6nnen Sie Spielscheiben ausleihen.","og_url":"https:\/\/hultsfredstrandcamping.se\/de\/aktivitaten\/campingplatz\/discgolf-hultsfred\/","og_site_name":"Hultsfred Strandcamping","article_publisher":"https:\/\/www.facebook.com\/hultsfredstrandcamping","article_modified_time":"2024-03-22T14:06:51+00:00","schema":{"@context":"https:\/\/schema.org","@graph":[{"@type":"WebPage","@id":"https:\/\/hultsfredstrandcamping.se\/de\/aktivitaten\/campingplatz\/discgolf-hultsfred\/","url":"https:\/\/hultsfredstrandcamping.se\/de\/aktivitaten\/campingplatz\/discgolf-hultsfred\/","name":"DiscGolf Hultsfred - Hultsfred Strandcamping","isPartOf":{"@id":"https:\/\/hultsfredstrandcamping.se\/#website"},"datePublished":"2024-01-25T17:34:51+00:00","dateModified":"2024-03-22T14:06:51+00:00","description":"Spielen Sie DiscGolf in Hultsfred direkt neben dem Campingplatz. Auf dem Campingplatz k\u00f6nnen Sie Spielscheiben ausleihen.","breadcrumb":{"@id":"https:\/\/hultsfredstrandcamping.se\/de\/aktivitaten\/campingplatz\/discgolf-hultsfred\/#breadcrumb"},"inLanguage":"de","potentialAction":[{"@type":"ReadAction","target":["https:\/\/hultsfredstrandcamping.se\/de\/aktivitaten\/campingplatz\/discgolf-hultsfred\/"]}]},{"@type":"BreadcrumbList","@id":"https:\/\/hultsfredstrandcamping.se\/de\/aktivitaten\/campingplatz\/discgolf-hultsfred\/#breadcrumb","itemListElement":[{"@type":"ListItem","position":1,"name":"Hem","item":"https:\/\/hultsfredstrandcamping.se\/de\/startsida\/"},{"@type":"ListItem","position":2,"name":"Aktivit\u00e4ten","item":"https:\/\/hultsfredstrandcamping.se\/de\/aktivitaten\/"},{"@type":"ListItem","position":3,"name":"Aktivit\u00e4ten auf dem Campingplatz","item":"https:\/\/hultsfredstrandcamping.se\/de\/aktivitaten\/campingplatz\/"},{"@type":"ListItem","position":4,"name":"DiscGolf Hultsfred"}]},{"@type":"WebSite","@id":"https:\/\/hultsfredstrandcamping.se\/#website","url":"https:\/\/hultsfredstrandcamping.se\/","name":"Hultsfred Strandcamping","description":"Hultsfred Strandcamping","publisher":{"@id":"https:\/\/hultsfredstrandcamping.se\/#organization"},"potentialAction":[{"@type":"SearchAction","target":{"@type":"EntryPoint","urlTemplate":"https:\/\/hultsfredstrandcamping.se\/?s={search_term_string}"},"query-input":{"@type":"PropertyValueSpecification","valueRequired":true,"valueName":"search_term_string"}}],"inLanguage":"de"},{"@type":"Organization","@id":"https:\/\/hultsfredstrandcamping.se\/#organization","name":"Hultsfred Strandcamping","url":"https:\/\/hultsfredstrandcamping.se\/","logo":{"@type":"ImageObject","inLanguage":"de","@id":"https:\/\/hultsfredstrandcamping.se\/#\/schema\/logo\/image\/","url":"https:\/\/hultsfredstrandcamping.se\/wp-content\/uploads\/Hultsfred.Strandcamping-logo.png","contentUrl":"https:\/\/hultsfredstrandcamping.se\/wp-content\/uploads\/Hultsfred.Strandcamping-logo.png","width":340,"height":187,"caption":"Hultsfred Strandcamping"},"image":{"@id":"https:\/\/hultsfredstrandcamping.se\/#\/schema\/logo\/image\/"},"sameAs":["https:\/\/www.facebook.com\/hultsfredstrandcamping","https:\/\/www.instagram.com\/hultsfredstrandcamping\/"]}]}},"_links":{"self":[{"href":"https:\/\/hultsfredstrandcamping.se\/de\/wp-json\/wp\/v2\/pages\/2181","targetHints":{"allow":["GET"]}}],"collection":[{"href":"https:\/\/hultsfredstrandcamping.se\/de\/wp-json\/wp\/v2\/pages"}],"about":[{"href":"https:\/\/hultsfredstrandcamping.se\/de\/wp-json\/wp\/v2\/types\/page"}],"author":[{"embeddable":true,"href":"https:\/\/hultsfredstrandcamping.se\/de\/wp-json\/wp\/v2\/users\/1"}],"replies":[{"embeddable":true,"href":"https:\/\/hultsfredstrandcamping.se\/de\/wp-json\/wp\/v2\/comments?post=2181"}],"version-history":[{"count":0,"href":"https:\/\/hultsfredstrandcamping.se\/de\/wp-json\/wp\/v2\/pages\/2181\/revisions"}],"up":[{"embeddable":true,"href":"https:\/\/hultsfredstrandcamping.se\/de\/wp-json\/wp\/v2\/pages\/2178"}],"wp:attachment":[{"href":"https:\/\/hultsfredstrandcamping.se\/de\/wp-json\/wp\/v2\/media?parent=2181"}],"curies":[{"name":"wp","href":"https:\/\/api.w.org\/{rel}","templated":true}]}}