{"id":2187,"date":"2024-01-25T17:39:05","date_gmt":"2024-01-25T17:39:05","guid":{"rendered":"https:\/\/hultsfredstrandcamping.se\/aktivitaten\/campingplatz\/ubungswege\/"},"modified":"2024-03-22T14:13:17","modified_gmt":"2024-03-22T14:13:17","slug":"ubungswege","status":"publish","type":"page","link":"https:\/\/hultsfredstrandcamping.se\/de\/aktivitaten\/campingplatz\/ubungswege\/","title":{"rendered":"\u00dcbungswege"},"content":{"rendered":"<p>[et_pb_section fb_built=&#8220;1&#8243; module_id=&#8220;hero3&#8243; _builder_version=&#8220;4.24.0&#8243; _module_preset=&#8220;default&#8220; custom_margin=&#8220;0px||0px||false|false&#8220; custom_padding=&#8220;0px||0px||false|false&#8220; global_colors_info=&#8220;{}&#8220;][et_pb_row column_structure=&#8220;1_2,1_2&#8243; use_custom_gutter=&#8220;on&#8220; gutter_width=&#8220;1&#8243; make_equal=&#8220;on&#8220; _builder_version=&#8220;4.24.0&#8243; _module_preset=&#8220;default&#8220; width=&#8220;100%&#8220; max_width=&#8220;100%&#8220; custom_margin=&#8220;0px||0px||false|false&#8220; custom_padding=&#8220;0px||0px||false|false&#8220; global_colors_info=&#8220;{}&#8220;][et_pb_column type=&#8220;1_2&#8243; module_class=&#8220;vertical-align&#8220; _builder_version=&#8220;4.24.0&#8243; _module_preset=&#8220;default&#8220; background_color=&#8220;#FFFFFF&#8220; custom_padding=&#8220;100px||100px||false|false&#8220; global_colors_info=&#8220;{}&#8220;][et_pb_icon font_icon=&#8220;&#xf6ec;||fa||900&#8243; icon_color=&#8220;#F3D226&#8243; _builder_version=&#8220;4.24.0&#8243; _module_preset=&#8220;default&#8220; locked=&#8220;off&#8220; global_colors_info=&#8220;{}&#8220;][\/et_pb_icon][et_pb_text _builder_version=&#8220;4.24.0&#8243; _module_preset=&#8220;default&#8220; header_font=&#8220;|700|||||||&#8220; header_text_align=&#8220;center&#8220; header_font_size=&#8220;50px&#8220; header_2_font=&#8220;|700|||||||&#8220; header_2_text_align=&#8220;center&#8220; global_colors_info=&#8220;{}&#8220;]<\/p>\n<h1>\u00dcbungswege<\/h1>\n<h2>Wander- oder Laufwege vom Campingplatz aus<\/h2>\n<p>[\/et_pb_text][et_pb_text _builder_version=&#8220;4.24.0&#8243; _module_preset=&#8220;default&#8220; header_font=&#8220;|700|||||||&#8220; header_text_align=&#8220;center&#8220; header_font_size=&#8220;50px&#8220; header_2_font=&#8220;|700|||||||&#8220; header_2_text_align=&#8220;center&#8220; max_width=&#8220;700px&#8220; module_alignment=&#8220;center&#8220; custom_padding=&#8220;0px||0px|||&#8220; global_colors_info=&#8220;{}&#8220;]<\/p>\n<p style=\"text-align: center;\">Wir k\u00f6nnen ein paar wundervolle \u00dcbungswege empfehlen, die vom Campingplatz aus beginnen. Die Wege sind ohne Pisten und haben eine flache Oberfl\u00e4che. Geeignet zum Laufen und Gehen.  <\/p>\n<p>[\/et_pb_text][\/et_pb_column][et_pb_column type=&#8220;1_2&#8243; module_class=&#8220;image&#8220; _builder_version=&#8220;4.24.0&#8243; _module_preset=&#8220;default&#8220; global_colors_info=&#8220;{}&#8220;][et_pb_image src=&#8220;https:\/\/hultsfredstrandcamping.se\/wp-content\/uploads\/motionsspar.avif&#8220; alt=&#8220;\u00dcbungswege &#8211; Hultsfred Strandcamping&#8220; title_text=&#8220;\u00dcbungswege &#8211; Hultsfred Strandcamping&#8220; force_fullwidth=&#8220;on&#8220; module_class=&#8220;cover&#8220; _builder_version=&#8220;4.24.2&#8243; _module_preset=&#8220;default&#8220; global_colors_info=&#8220;{}&#8220;][\/et_pb_image][\/et_pb_column][\/et_pb_row][\/et_pb_section][et_pb_section fb_built=&#8220;1&#8243; module_class=&#8220;graybg&#8220; _builder_version=&#8220;4.23.1&#8243; _module_preset=&#8220;default&#8220; custom_padding=&#8220;60px||100px|||&#8220; global_colors_info=&#8220;{}&#8220;][et_pb_row column_structure=&#8220;1_3,1_3,1_3&#8243; use_custom_gutter=&#8220;on&#8220; gutter_width=&#8220;2&#8243; make_equal=&#8220;on&#8220; module_class=&#8220;no-header-space&#8220; _builder_version=&#8220;4.24.2&#8243; _module_preset=&#8220;default&#8220; custom_padding=&#8220;40px||0px|||&#8220; locked=&#8220;off&#8220; global_colors_info=&#8220;{}&#8220;][et_pb_column type=&#8220;1_3&#8243; _builder_version=&#8220;4.23.1&#8243; _module_preset=&#8220;default&#8220; background_color=&#8220;#FFFFFF&#8220; global_colors_info=&#8220;{}&#8220;][et_pb_image src=&#8220;https:\/\/hultsfredstrandcamping.se\/wp-content\/uploads\/kloster_gard_runt.jpg&#8220; alt=&#8220;Rund um Kloster G\u00e5rd&#8220; title_text=&#8220;Rund um Kloster G\u00e5rd&#8220; show_in_lightbox=&#8220;on&#8220; show_bottom_space=&#8220;off&#8220; force_fullwidth=&#8220;on&#8220; module_class=&#8220;image-resize&#8220; _builder_version=&#8220;4.24.0&#8243; _module_preset=&#8220;default&#8220; global_colors_info=&#8220;{}&#8220;][\/et_pb_image][et_pb_text _builder_version=&#8220;4.24.0&#8243; _module_preset=&#8220;default&#8220; global_colors_info=&#8220;{}&#8220;]<\/p>\n<h2>Rund um Kloster G\u00e5rd<\/h2>\n<p class=\"time walk\">4,7 km<a href=\"https:\/\/goo.gl\/maps\/ncyYwkVne8ASTKnE6\" target=\"_blank\" rel=\"noopener\">V\u00e4gbeskrivning<\/a><\/p>\n<p>Dieser \u00dcbungspfad f\u00fchrt Sie durch die sch\u00f6nen Gebiete des Kloster G\u00e5rd und wieder zur\u00fcck durch den Stadtrand von Hultsfred. Hier haben Sie mit etwas Gl\u00fcck die M\u00f6glichkeit, Hirsche zu treffen. Ein Pfad durch Wald und Maisfeld, wo die Oberfl\u00e4che zwischen Schotterstra\u00dfe und Asphalt variiert.[\/et_pb_text][\/et_pb_column][et_pb_column type=&#8220;1_3&#8243; _builder_version=&#8220;4.23.1&#8243; _module_preset=&#8220;default&#8220; background_color=&#8220;#FFFFFF&#8220; global_colors_info=&#8220;{}&#8220;][et_pb_image src=&#8220;https:\/\/hultsfredstrandcamping.se\/wp-content\/uploads\/strandpromenaden.jpg&#8220; alt=&#8220;Der See und zur\u00fcck&#8220; title_text=&#8220;Der See und zur\u00fcck&#8220; show_in_lightbox=&#8220;on&#8220; show_bottom_space=&#8220;off&#8220; force_fullwidth=&#8220;on&#8220; module_class=&#8220;image-resize&#8220; _builder_version=&#8220;4.24.0&#8243; _module_preset=&#8220;default&#8220; global_colors_info=&#8220;{}&#8220;][\/et_pb_image][et_pb_text _builder_version=&#8220;4.24.0&#8243; _module_preset=&#8220;default&#8220; global_colors_info=&#8220;{}&#8220;]<\/p>\n<h2>Der See und zur\u00fcck<\/h2>\n<p class=\"time walk\">Bis zu 6,6 km<a href=\"https:\/\/goo.gl\/maps\/AcFFpfzQ8kGCdnBDA\" target=\"_blank\" rel=\"noopener\">V\u00e4gbeskrivning<\/a><\/p>\n<p>Wenn Sie Hultsfred am See spazieren gehen, w\u00e4hlen Sie Ihre eigene Entfernung. W\u00e4hrend dieses \u00dcbungspfads drehen Sie sich um und nehmen denselben Weg zur\u00fcck, wenn Sie mit der Entfernung zufrieden sind. Wenn Sie bis zum Trolley-Verleih und zur\u00fcck fahren, betr\u00e4gt die \u00dcbungsstrecke 6 km. W\u00e4hrend der gesamten Strecke haben Sie Seeblick und gelangen durch ein kleines Naturschutzgebiet. Der gesamte Weg verl\u00e4uft auf einer flachen Schotterstra\u00dfe.    <\/p>\n<p>[\/et_pb_text][\/et_pb_column][et_pb_column type=&#8220;1_3&#8243; _builder_version=&#8220;4.23.1&#8243; _module_preset=&#8220;default&#8220; background_color=&#8220;#FFFFFF&#8220; global_colors_info=&#8220;{}&#8220;][et_pb_image src=&#8220;https:\/\/hultsfredstrandcamping.se\/wp-content\/uploads\/karta_hultsfred_the_walk.png&#8220; alt=&#8220;Hultsfred The Walk&#8220; title_text=&#8220;Hultsfred The Walk&#8220; show_in_lightbox=&#8220;on&#8220; show_bottom_space=&#8220;off&#8220; force_fullwidth=&#8220;on&#8220; module_class=&#8220;image-resize&#8220; _builder_version=&#8220;4.24.0&#8243; _module_preset=&#8220;default&#8220; global_colors_info=&#8220;{}&#8220;][\/et_pb_image][et_pb_text _builder_version=&#8220;4.24.2&#8243; _module_preset=&#8220;default&#8220; global_colors_info=&#8220;{}&#8220;]<\/p>\n<h2>Hultsfred The Walk<\/h2>\n<p class=\"time walk\">5 km<a href=\"https:\/\/visithultsfred.se\/wp-content\/uploads\/2021\/01\/Karta_TheWalk2020.pdf\" target=\"_blank\" rel=\"noopener\">V\u00e4gbeskrivning<\/a><\/p>\n<p>Hultsfred The Walk als \u00dcbungsrunde ist perfekt f\u00fcr diejenigen, die einen sch\u00f6nen Spaziergang machen und gleichzeitig die coole Geschichte des Festivals erleben m\u00f6chten. Empfohlen, die App herunterzuladen, um eine lustige Erfahrung zu machen! <\/p>\n<p style=\"text-align: center;\"><a class=\"button\" href=\"https:\/\/hultsfredstrandcamping.se\/aktiviteter\/utflykter\/hultsfredsfestivalen\/\">Mehr lesen<\/a><\/p>\n<p>[\/et_pb_text][\/et_pb_column][\/et_pb_row][\/et_pb_section]<\/p>\n","protected":false},"excerpt":{"rendered":"<p>\u00dcbungswege Wander- oder Laufwege vom Campingplatz ausWir k\u00f6nnen ein paar wundervolle \u00dcbungswege empfehlen, die vom Campingplatz aus beginnen. Die Wege sind ohne Pisten und haben eine flache Oberfl\u00e4che. Geeignet zum Laufen und Gehen. Rund um Kloster G\u00e5rd 4,7 kmV\u00e4gbeskrivning Dieser \u00dcbungspfad f\u00fchrt Sie durch die sch\u00f6nen Gebiete des Kloster G\u00e5rd und wieder zur\u00fcck durch den [&hellip;]<\/p>\n","protected":false},"author":1,"featured_media":0,"parent":2178,"menu_order":0,"comment_status":"closed","ping_status":"closed","template":"","meta":{"_acf_changed":false,"_et_pb_use_builder":"on","_et_pb_old_content":"","_et_gb_content_width":"","footnotes":""},"class_list":["post-2187","page","type-page","status-publish","hentry"],"acf":[],"yoast_head":"<!-- This site is optimized with the Yoast SEO plugin v27.6 - https:\/\/yoast.com\/product\/yoast-seo-wordpress\/ -->\n<title>\u00dcbungswege - Hultsfred Strandcamping<\/title>\n<meta name=\"description\" content=\"Wenn Sie w\u00e4hrend Ihres Aufenthalts auf dem Campingplatz einen Trainingslauf oder einen sch\u00f6nen Spaziergang unternehmen m\u00f6chten, haben wir hier tolle Empfehlungen f\u00fcr Sie.\" \/>\n<meta name=\"robots\" content=\"index, follow, max-snippet:-1, max-image-preview:large, max-video-preview:-1\" \/>\n<link rel=\"canonical\" href=\"https:\/\/hultsfredstrandcamping.se\/de\/aktivitaten\/campingplatz\/ubungswege\/\" \/>\n<meta property=\"og:locale\" content=\"de_DE\" \/>\n<meta property=\"og:type\" content=\"article\" \/>\n<meta property=\"og:title\" content=\"\u00dcbungswege - Hultsfred Strandcamping\" \/>\n<meta property=\"og:description\" content=\"Wenn Sie w\u00e4hrend Ihres Aufenthalts auf dem Campingplatz einen Trainingslauf oder einen sch\u00f6nen Spaziergang unternehmen m\u00f6chten, haben wir hier tolle Empfehlungen f\u00fcr Sie.\" \/>\n<meta property=\"og:url\" content=\"https:\/\/hultsfredstrandcamping.se\/de\/aktivitaten\/campingplatz\/ubungswege\/\" \/>\n<meta property=\"og:site_name\" content=\"Hultsfred Strandcamping\" \/>\n<meta property=\"article:publisher\" content=\"https:\/\/www.facebook.com\/hultsfredstrandcamping\" \/>\n<meta property=\"article:modified_time\" content=\"2024-03-22T14:13:17+00:00\" \/>\n<script type=\"application\/ld+json\" class=\"yoast-schema-graph\">{\"@context\":\"https:\\\/\\\/schema.org\",\"@graph\":[{\"@type\":\"WebPage\",\"@id\":\"https:\\\/\\\/hultsfredstrandcamping.se\\\/de\\\/aktivitaten\\\/campingplatz\\\/ubungswege\\\/\",\"url\":\"https:\\\/\\\/hultsfredstrandcamping.se\\\/de\\\/aktivitaten\\\/campingplatz\\\/ubungswege\\\/\",\"name\":\"\u00dcbungswege - Hultsfred Strandcamping\",\"isPartOf\":{\"@id\":\"https:\\\/\\\/hultsfredstrandcamping.se\\\/#website\"},\"datePublished\":\"2024-01-25T17:39:05+00:00\",\"dateModified\":\"2024-03-22T14:13:17+00:00\",\"description\":\"Wenn Sie w\u00e4hrend Ihres Aufenthalts auf dem Campingplatz einen Trainingslauf oder einen sch\u00f6nen Spaziergang unternehmen m\u00f6chten, haben wir hier tolle Empfehlungen f\u00fcr Sie.\",\"breadcrumb\":{\"@id\":\"https:\\\/\\\/hultsfredstrandcamping.se\\\/de\\\/aktivitaten\\\/campingplatz\\\/ubungswege\\\/#breadcrumb\"},\"inLanguage\":\"de\",\"potentialAction\":[{\"@type\":\"ReadAction\",\"target\":[\"https:\\\/\\\/hultsfredstrandcamping.se\\\/de\\\/aktivitaten\\\/campingplatz\\\/ubungswege\\\/\"]}]},{\"@type\":\"BreadcrumbList\",\"@id\":\"https:\\\/\\\/hultsfredstrandcamping.se\\\/de\\\/aktivitaten\\\/campingplatz\\\/ubungswege\\\/#breadcrumb\",\"itemListElement\":[{\"@type\":\"ListItem\",\"position\":1,\"name\":\"Hem\",\"item\":\"https:\\\/\\\/hultsfredstrandcamping.se\\\/de\\\/startsida\\\/\"},{\"@type\":\"ListItem\",\"position\":2,\"name\":\"Aktivit\u00e4ten\",\"item\":\"https:\\\/\\\/hultsfredstrandcamping.se\\\/de\\\/aktivitaten\\\/\"},{\"@type\":\"ListItem\",\"position\":3,\"name\":\"Aktivit\u00e4ten auf dem Campingplatz\",\"item\":\"https:\\\/\\\/hultsfredstrandcamping.se\\\/de\\\/aktivitaten\\\/campingplatz\\\/\"},{\"@type\":\"ListItem\",\"position\":4,\"name\":\"\u00dcbungswege\"}]},{\"@type\":\"WebSite\",\"@id\":\"https:\\\/\\\/hultsfredstrandcamping.se\\\/#website\",\"url\":\"https:\\\/\\\/hultsfredstrandcamping.se\\\/\",\"name\":\"Hultsfred Strandcamping\",\"description\":\"Hultsfred Strandcamping\",\"publisher\":{\"@id\":\"https:\\\/\\\/hultsfredstrandcamping.se\\\/#organization\"},\"potentialAction\":[{\"@type\":\"SearchAction\",\"target\":{\"@type\":\"EntryPoint\",\"urlTemplate\":\"https:\\\/\\\/hultsfredstrandcamping.se\\\/?s={search_term_string}\"},\"query-input\":{\"@type\":\"PropertyValueSpecification\",\"valueRequired\":true,\"valueName\":\"search_term_string\"}}],\"inLanguage\":\"de\"},{\"@type\":\"Organization\",\"@id\":\"https:\\\/\\\/hultsfredstrandcamping.se\\\/#organization\",\"name\":\"Hultsfred Strandcamping\",\"url\":\"https:\\\/\\\/hultsfredstrandcamping.se\\\/\",\"logo\":{\"@type\":\"ImageObject\",\"inLanguage\":\"de\",\"@id\":\"https:\\\/\\\/hultsfredstrandcamping.se\\\/#\\\/schema\\\/logo\\\/image\\\/\",\"url\":\"https:\\\/\\\/hultsfredstrandcamping.se\\\/wp-content\\\/uploads\\\/Hultsfred.Strandcamping-logo.png\",\"contentUrl\":\"https:\\\/\\\/hultsfredstrandcamping.se\\\/wp-content\\\/uploads\\\/Hultsfred.Strandcamping-logo.png\",\"width\":340,\"height\":187,\"caption\":\"Hultsfred Strandcamping\"},\"image\":{\"@id\":\"https:\\\/\\\/hultsfredstrandcamping.se\\\/#\\\/schema\\\/logo\\\/image\\\/\"},\"sameAs\":[\"https:\\\/\\\/www.facebook.com\\\/hultsfredstrandcamping\",\"https:\\\/\\\/www.instagram.com\\\/hultsfredstrandcamping\\\/\"]}]}<\/script>\n<!-- \/ Yoast SEO plugin. -->","yoast_head_json":{"title":"\u00dcbungswege - Hultsfred Strandcamping","description":"Wenn Sie w\u00e4hrend Ihres Aufenthalts auf dem Campingplatz einen Trainingslauf oder einen sch\u00f6nen Spaziergang unternehmen m\u00f6chten, haben wir hier tolle Empfehlungen f\u00fcr Sie.","robots":{"index":"index","follow":"follow","max-snippet":"max-snippet:-1","max-image-preview":"max-image-preview:large","max-video-preview":"max-video-preview:-1"},"canonical":"https:\/\/hultsfredstrandcamping.se\/de\/aktivitaten\/campingplatz\/ubungswege\/","og_locale":"de_DE","og_type":"article","og_title":"\u00dcbungswege - Hultsfred Strandcamping","og_description":"Wenn Sie w\u00e4hrend Ihres Aufenthalts auf dem Campingplatz einen Trainingslauf oder einen sch\u00f6nen Spaziergang unternehmen m\u00f6chten, haben wir hier tolle Empfehlungen f\u00fcr Sie.","og_url":"https:\/\/hultsfredstrandcamping.se\/de\/aktivitaten\/campingplatz\/ubungswege\/","og_site_name":"Hultsfred Strandcamping","article_publisher":"https:\/\/www.facebook.com\/hultsfredstrandcamping","article_modified_time":"2024-03-22T14:13:17+00:00","schema":{"@context":"https:\/\/schema.org","@graph":[{"@type":"WebPage","@id":"https:\/\/hultsfredstrandcamping.se\/de\/aktivitaten\/campingplatz\/ubungswege\/","url":"https:\/\/hultsfredstrandcamping.se\/de\/aktivitaten\/campingplatz\/ubungswege\/","name":"\u00dcbungswege - Hultsfred Strandcamping","isPartOf":{"@id":"https:\/\/hultsfredstrandcamping.se\/#website"},"datePublished":"2024-01-25T17:39:05+00:00","dateModified":"2024-03-22T14:13:17+00:00","description":"Wenn Sie w\u00e4hrend Ihres Aufenthalts auf dem Campingplatz einen Trainingslauf oder einen sch\u00f6nen Spaziergang unternehmen m\u00f6chten, haben wir hier tolle Empfehlungen f\u00fcr Sie.","breadcrumb":{"@id":"https:\/\/hultsfredstrandcamping.se\/de\/aktivitaten\/campingplatz\/ubungswege\/#breadcrumb"},"inLanguage":"de","potentialAction":[{"@type":"ReadAction","target":["https:\/\/hultsfredstrandcamping.se\/de\/aktivitaten\/campingplatz\/ubungswege\/"]}]},{"@type":"BreadcrumbList","@id":"https:\/\/hultsfredstrandcamping.se\/de\/aktivitaten\/campingplatz\/ubungswege\/#breadcrumb","itemListElement":[{"@type":"ListItem","position":1,"name":"Hem","item":"https:\/\/hultsfredstrandcamping.se\/de\/startsida\/"},{"@type":"ListItem","position":2,"name":"Aktivit\u00e4ten","item":"https:\/\/hultsfredstrandcamping.se\/de\/aktivitaten\/"},{"@type":"ListItem","position":3,"name":"Aktivit\u00e4ten auf dem Campingplatz","item":"https:\/\/hultsfredstrandcamping.se\/de\/aktivitaten\/campingplatz\/"},{"@type":"ListItem","position":4,"name":"\u00dcbungswege"}]},{"@type":"WebSite","@id":"https:\/\/hultsfredstrandcamping.se\/#website","url":"https:\/\/hultsfredstrandcamping.se\/","name":"Hultsfred Strandcamping","description":"Hultsfred Strandcamping","publisher":{"@id":"https:\/\/hultsfredstrandcamping.se\/#organization"},"potentialAction":[{"@type":"SearchAction","target":{"@type":"EntryPoint","urlTemplate":"https:\/\/hultsfredstrandcamping.se\/?s={search_term_string}"},"query-input":{"@type":"PropertyValueSpecification","valueRequired":true,"valueName":"search_term_string"}}],"inLanguage":"de"},{"@type":"Organization","@id":"https:\/\/hultsfredstrandcamping.se\/#organization","name":"Hultsfred Strandcamping","url":"https:\/\/hultsfredstrandcamping.se\/","logo":{"@type":"ImageObject","inLanguage":"de","@id":"https:\/\/hultsfredstrandcamping.se\/#\/schema\/logo\/image\/","url":"https:\/\/hultsfredstrandcamping.se\/wp-content\/uploads\/Hultsfred.Strandcamping-logo.png","contentUrl":"https:\/\/hultsfredstrandcamping.se\/wp-content\/uploads\/Hultsfred.Strandcamping-logo.png","width":340,"height":187,"caption":"Hultsfred Strandcamping"},"image":{"@id":"https:\/\/hultsfredstrandcamping.se\/#\/schema\/logo\/image\/"},"sameAs":["https:\/\/www.facebook.com\/hultsfredstrandcamping","https:\/\/www.instagram.com\/hultsfredstrandcamping\/"]}]}},"_links":{"self":[{"href":"https:\/\/hultsfredstrandcamping.se\/de\/wp-json\/wp\/v2\/pages\/2187","targetHints":{"allow":["GET"]}}],"collection":[{"href":"https:\/\/hultsfredstrandcamping.se\/de\/wp-json\/wp\/v2\/pages"}],"about":[{"href":"https:\/\/hultsfredstrandcamping.se\/de\/wp-json\/wp\/v2\/types\/page"}],"author":[{"embeddable":true,"href":"https:\/\/hultsfredstrandcamping.se\/de\/wp-json\/wp\/v2\/users\/1"}],"replies":[{"embeddable":true,"href":"https:\/\/hultsfredstrandcamping.se\/de\/wp-json\/wp\/v2\/comments?post=2187"}],"version-history":[{"count":0,"href":"https:\/\/hultsfredstrandcamping.se\/de\/wp-json\/wp\/v2\/pages\/2187\/revisions"}],"up":[{"embeddable":true,"href":"https:\/\/hultsfredstrandcamping.se\/de\/wp-json\/wp\/v2\/pages\/2178"}],"wp:attachment":[{"href":"https:\/\/hultsfredstrandcamping.se\/de\/wp-json\/wp\/v2\/media?parent=2187"}],"curies":[{"name":"wp","href":"https:\/\/api.w.org\/{rel}","templated":true}]}}