{"id":2193,"date":"2024-01-25T17:37:34","date_gmt":"2024-01-25T16:37:34","guid":{"rendered":"https:\/\/hultsfredstrandcamping.se\/aktivitaten\/campingplatz\/kanu-hultsfred\/"},"modified":"2025-06-12T14:04:16","modified_gmt":"2025-06-12T12:04:16","slug":"kanu-hultsfred","status":"publish","type":"page","link":"https:\/\/hultsfredstrandcamping.se\/de\/aktivitaten\/campingplatz\/kanu-hultsfred\/","title":{"rendered":"Kanu mieten Hultsfred"},"content":{"rendered":"<p>[et_pb_section fb_built=&#8220;1&#8243; disabled_on=&#8220;off|off|off&#8220; module_id=&#8220;hero3&#8243; _builder_version=&#8220;4.24.0&#8243; _module_preset=&#8220;default&#8220; custom_margin=&#8220;0px||0px||false|false&#8220; custom_padding=&#8220;0px||0px||false|false&#8220; locked=&#8220;off&#8220; global_colors_info=&#8220;{}&#8220;][et_pb_row column_structure=&#8220;1_2,1_2&#8243; use_custom_gutter=&#8220;on&#8220; gutter_width=&#8220;1&#8243; make_equal=&#8220;on&#8220; _builder_version=&#8220;4.24.0&#8243; _module_preset=&#8220;default&#8220; width=&#8220;100%&#8220; max_width=&#8220;100%&#8220; custom_margin=&#8220;0px||0px||false|false&#8220; custom_padding=&#8220;0px||0px||false|false&#8220; global_colors_info=&#8220;{}&#8220;][et_pb_column type=&#8220;1_2&#8243; module_class=&#8220;vertical-align&#8220; _builder_version=&#8220;4.24.0&#8243; _module_preset=&#8220;default&#8220; background_color=&#8220;#FFFFFF&#8220; custom_padding=&#8220;100px||100px||false|false&#8220; global_colors_info=&#8220;{}&#8220;][et_pb_icon font_icon=&#8220;&#xf13d;||fa||900&#8243; icon_color=&#8220;#F3D226&#8243; _builder_version=&#8220;4.24.0&#8243; _module_preset=&#8220;default&#8220; locked=&#8220;off&#8220; global_colors_info=&#8220;{}&#8220;][\/et_pb_icon][et_pb_text _builder_version=&#8220;4.25.1&#8243; _module_preset=&#8220;default&#8220; header_font=&#8220;|700|||||||&#8220; header_text_align=&#8220;center&#8220; header_font_size=&#8220;50px&#8220; header_2_font=&#8220;|700|||||||&#8220; header_2_text_align=&#8220;center&#8220; custom_margin=&#8220;||20px||false|false&#8220; locked=&#8220;off&#8220; global_colors_info=&#8220;{}&#8220;]<\/p>\n<h1>Kanu mieten Hultsfred<\/h1>\n<h2>Jetzt online buchen!<\/h2>\n<p>Hultsfred Strandcamping bietet die Vermietung von Kanadiern an, um Hultsfreds gro\u00dfen See Hulingen zu erkunden.<\/p>\n<p>[\/et_pb_text][et_pb_code admin_label=&#8220;Aktivit\u00e4t buchen&#8220; _builder_version=&#8220;4.25.1&#8243; _module_preset=&#8220;default&#8220; text_orientation=&#8220;center&#8220; custom_padding=&#8220;0px|40px|0px|40px|false|false&#8220; global_module=&#8220;697&#8243; saved_tabs=&#8220;all&#8220; locked=&#8220;off&#8220; global_colors_info=&#8220;{}&#8220;]<script><!-- [et_pb_line_break_holder] -->  var APP_ID=\"a690e556262fbf087bd5c94634052cfda750707c66572a6155a2d8cc7d46c61f\";<!-- [et_pb_line_break_holder] -->  var WIDGET_ID=\"LOj9XwAP8T35God\";<!-- [et_pb_line_break_holder] -->  if (typeof window.outventuresSettings == \"undefined\") {window.outventuresSettings = [];}<!-- [et_pb_line_break_holder] -->  window.outventuresSettings.push({<!-- [et_pb_line_break_holder] -->    base_url: \"https:\/\/app.outventures.se\/widget\/\",<!-- [et_pb_line_break_holder] -->    app_id: APP_ID,<!-- [et_pb_line_break_holder] -->    widget_id: WIDGET_ID,<!-- [et_pb_line_break_holder] -->    floating: false,<!-- [et_pb_line_break_holder] -->    btn_text: {\"sv\":\"Boka aktivitet h\u00e4r\",\"en\":\"Book activity here\",\"de\":\"Aktivit\u00e4t buchen\"},<!-- [et_pb_line_break_holder] -->    btn_style: { \"size\": \"large\", \"bg\": \"##3f95d1\", \"color\": \"#ffffff\"},<!-- [et_pb_line_break_holder] -->    <!-- [et_pb_line_break_holder] -->  });<!-- [et_pb_line_break_holder] --><\/script><!-- [et_pb_line_break_holder] --><script id=\"ovbs-scriptLOj9XwAP8T35God\">var w=window;var d=document;var l=function(){var s=d.createElement(\"script\");s.type=\"text\/javascript\";s.async=true;s.src=\"https:\/\/app.outventures.se\/widget\/widget.js\";if(document.querySelectorAll('[src=\"' + s.src + '\"]').length == 0){var x=d.getElementsByTagName(\"script\")[0];x.parentNode.insertBefore(s, x);}};if(w.attachEvent){w.attachEvent(\"onload\",l);}else{w.addEventListener(\"load\",l,false);}<\/script>[\/et_pb_code][et_pb_text _builder_version=&#8220;4.24.0&#8243; _module_preset=&#8220;default&#8220; header_font=&#8220;|700|||||||&#8220; header_text_align=&#8220;center&#8220; header_font_size=&#8220;50px&#8220; header_2_font=&#8220;|700|||||||&#8220; header_2_text_align=&#8220;center&#8220; max_width=&#8220;700px&#8220; module_alignment=&#8220;center&#8220; custom_padding=&#8220;0px||0px|||&#8220; global_colors_info=&#8220;{}&#8220;][\/et_pb_text][\/et_pb_column][et_pb_column type=&#8220;1_2&#8243; module_class=&#8220;image&#8220; _builder_version=&#8220;4.24.0&#8243; _module_preset=&#8220;default&#8220; global_colors_info=&#8220;{}&#8220;][et_pb_image src=&#8220;https:\/\/hultsfredstrandcamping.se\/wp-content\/uploads\/kanot_aktivitet_hultsfred.avif&#8220; alt=&#8220;Kanu mieten Hultsfred&#8220; title_text=&#8220;Kanu mieten Hultsfred &#8211; Hultsfred Strandcamping&#8220; force_fullwidth=&#8220;on&#8220; module_class=&#8220;cover&#8220; _builder_version=&#8220;4.24.2&#8243; _module_preset=&#8220;default&#8220; global_colors_info=&#8220;{}&#8220;][\/et_pb_image][\/et_pb_column][\/et_pb_row][\/et_pb_section][et_pb_section fb_built=&#8220;1&#8243; module_class=&#8220;graybg&#8220; _builder_version=&#8220;4.23.1&#8243; _module_preset=&#8220;default&#8220; custom_padding=&#8220;60px||100px|||&#8220; global_colors_info=&#8220;{}&#8220;][et_pb_row column_structure=&#8220;1_2,1_2&#8243; use_custom_gutter=&#8220;on&#8220; gutter_width=&#8220;1&#8243; make_equal=&#8220;on&#8220; _builder_version=&#8220;4.24.0&#8243; _module_preset=&#8220;default&#8220; background_color=&#8220;#FFFFFF&#8220; custom_margin=&#8220;40px||||false|false&#8220; custom_padding=&#8220;0px||0px||false|false&#8220; global_colors_info=&#8220;{}&#8220;][et_pb_column type=&#8220;1_2&#8243; _builder_version=&#8220;4.23.1&#8243; _module_preset=&#8220;default&#8220; global_colors_info=&#8220;{}&#8220;][et_pb_image src=&#8220;https:\/\/hultsfredstrandcamping.se\/wp-content\/uploads\/kanot.jpg&#8220; alt=&#8220;Kanu&#8220; title_text=&#8220;Kanu&#8220; force_fullwidth=&#8220;on&#8220; module_class=&#8220;image-resize cover &#8220; _builder_version=&#8220;4.24.2&#8243; _module_preset=&#8220;default&#8220; global_colors_info=&#8220;{}&#8220;][\/et_pb_image][\/et_pb_column][et_pb_column type=&#8220;1_2&#8243; module_class=&#8220;vertical-align&#8220; _builder_version=&#8220;4.23.1&#8243; _module_preset=&#8220;default&#8220; background_enable_color=&#8220;off&#8220; global_colors_info=&#8220;{}&#8220;][et_pb_text _builder_version=&#8220;4.24.0&#8243; _module_preset=&#8220;default&#8220; global_colors_info=&#8220;{}&#8220;]<\/p>\n<h2>Paddelnde Kanadier in Hultsfred, Sm\u00e5land<\/h2>\n<p>Mieten Sie ein offenes Kanu und entdecken Sie den Hulingensee in Hultsfred.<\/p>\n<p>[\/et_pb_text][\/et_pb_column][\/et_pb_row][et_pb_row column_structure=&#8220;1_2,1_2&#8243; use_custom_gutter=&#8220;on&#8220; gutter_width=&#8220;1&#8243; make_equal=&#8220;on&#8220; _builder_version=&#8220;4.24.0&#8243; _module_preset=&#8220;default&#8220; background_color=&#8220;#FFFFFF&#8220; custom_margin=&#8220;40px||||false|false&#8220; custom_padding=&#8220;0px||0px||false|false&#8220; locked=&#8220;off&#8220; global_colors_info=&#8220;{}&#8220;][et_pb_column type=&#8220;1_2&#8243; module_class=&#8220;vertical-align&#8220; _builder_version=&#8220;4.23.1&#8243; _module_preset=&#8220;default&#8220; background_enable_color=&#8220;off&#8220; global_colors_info=&#8220;{}&#8220;][et_pb_text _builder_version=&#8220;4.24.0&#8243; _module_preset=&#8220;default&#8220; custom_padding=&#8220;||30px||false|false&#8220; global_colors_info=&#8220;{}&#8220;]<\/p>\n<h2>Preis<\/h2>\n<table border=\"1\" style=\"border-collapse: collapse; width: 100%;\">\n<tbody>\n<tr>\n<td style=\"width: 50%;\" colspan=\"2\">\n<h3>Kanu &#8211; Kanadier<\/h3>\n<\/td>\n<\/tr>\n<tr style=\"height: 24px;\">\n<td style=\"width: 50%;\">0-1h<\/td>\n<td style=\"width: 50%;\">200 SEK<\/td>\n<\/tr>\n<tr>\n<td style=\"width: 50%;\">1-2h<\/td>\n<td style=\"width: 50%;\">250 SEK<\/td>\n<\/tr>\n<tr>\n<td style=\"width: 50%;\">2-4h<\/td>\n<td style=\"width: 50%;\">300 SEK<\/td>\n<\/tr>\n<tr>\n<td style=\"width: 50%;\">Ganzen Tag<\/td>\n<td style=\"width: 50%;\">400 SEK<\/td>\n<\/tr>\n<\/tbody>\n<\/table>\n<p>[\/et_pb_text][\/et_pb_column][et_pb_column type=&#8220;1_2&#8243; module_class=&#8220;image&#8220; _builder_version=&#8220;4.24.0&#8243; _module_preset=&#8220;default&#8220; global_colors_info=&#8220;{}&#8220;][et_pb_image src=&#8220;https:\/\/hultsfredstrandcamping.se\/wp-content\/uploads\/flygfoto-2025-01.jpg&#8220; alt=&#8220;Hultsfred Strandcamping&#8220; title_text=&#8220;Hultsfred Strandcamping&#8220; force_fullwidth=&#8220;on&#8220; module_class=&#8220;image-resize cover &#8220; _builder_version=&#8220;4.27.4&#8243; _module_preset=&#8220;default&#8220; hover_enabled=&#8220;0&#8243; global_colors_info=&#8220;{}&#8220; sticky_enabled=&#8220;0&#8243;][\/et_pb_image][\/et_pb_column][\/et_pb_row][et_pb_row module_class=&#8220;header-text&#8220; _builder_version=&#8220;4.24.0&#8243; _module_preset=&#8220;default&#8220; custom_padding=&#8220;100px||||false|false&#8220; locked=&#8220;off&#8220; global_colors_info=&#8220;{}&#8220;][et_pb_column type=&#8220;4_4&#8243; _builder_version=&#8220;4.23.1&#8243; _module_preset=&#8220;default&#8220; global_colors_info=&#8220;{}&#8220;][et_pb_text module_class=&#8220;large-h2&#8243; _builder_version=&#8220;4.24.2&#8243; _module_preset=&#8220;default&#8220; header_font=&#8220;|700|||||||&#8220; header_text_align=&#8220;center&#8220; header_2_font=&#8220;|700|||||||&#8220; header_2_text_align=&#8220;center&#8220; header_2_font_size=&#8220;50px&#8220; locked=&#8220;off&#8220; global_colors_info=&#8220;{}&#8220;]<\/p>\n<h2>Beliebte Routen<\/h2>\n<p>Nat\u00fcrlich ist es in Ordnung, auf den F\u00fc\u00dfen zu paddeln und dorthin zu cruisen, wohin die Nase zeigt, aber wenn Sie Vorschl\u00e4ge f\u00fcr sch\u00f6ne Paddelrouten suchen, finden Sie sie hier.<\/p>\n<p>[\/et_pb_text][\/et_pb_column][\/et_pb_row][et_pb_row column_structure=&#8220;1_3,1_3,1_3&#8243; use_custom_gutter=&#8220;on&#8220; gutter_width=&#8220;2&#8243; make_equal=&#8220;on&#8220; module_class=&#8220;no-header-space&#8220; _builder_version=&#8220;4.24.2&#8243; _module_preset=&#8220;default&#8220; custom_padding=&#8220;40px||0px|||&#8220; locked=&#8220;off&#8220; global_colors_info=&#8220;{}&#8220;][et_pb_column type=&#8220;1_3&#8243; _builder_version=&#8220;4.23.1&#8243; _module_preset=&#8220;default&#8220; background_color=&#8220;#FFFFFF&#8220; global_colors_info=&#8220;{}&#8220;][et_pb_image src=&#8220;https:\/\/hultsfredstrandcamping.se\/wp-content\/uploads\/Paddling_rutt_amazonas.jpg&#8220; alt=&#8220;Hultsfreds Amazonas \u2013 Paddeln Sie auf dem Fluss&#8220; title_text=&#8220;Hultsfreds Amazonas&#8220; show_in_lightbox=&#8220;on&#8220; show_bottom_space=&#8220;off&#8220; force_fullwidth=&#8220;on&#8220; module_class=&#8220;image-resize&#8220; _builder_version=&#8220;4.24.0&#8243; _module_preset=&#8220;default&#8220; global_colors_info=&#8220;{}&#8220;][\/et_pb_image][et_pb_text _builder_version=&#8220;4.24.0&#8243; _module_preset=&#8220;default&#8220; global_colors_info=&#8220;{}&#8220;]<\/p>\n<h2>Hultsfreds Amazonas<\/h2>\n<h3>L\u00e4nge: ca. 1h \/ 2.700 m<\/h3>\n<p>Hultsfreds Amazonas oder auch Silberfluss genannt, ist ein spiegelglatter Fluss, der in Hulingen m\u00fcndet. Hier gibt es einige Hindernisse in Form von umgest\u00fcrzten B\u00e4umen und drei Br\u00fccken, unter denen man sich ducken muss, bevor man die Eisenbahn und einen kleinen Wasserfall erreicht. Dort dreht man um und paddelt zur\u00fcck.<\/p>\n<p>[\/et_pb_text][\/et_pb_column][et_pb_column type=&#8220;1_3&#8243; _builder_version=&#8220;4.23.1&#8243; _module_preset=&#8220;default&#8220; background_color=&#8220;#FFFFFF&#8220; global_colors_info=&#8220;{}&#8220;][et_pb_image src=&#8220;https:\/\/hultsfredstrandcamping.se\/wp-content\/uploads\/paddling_rutt_tva_oar.jpg&#8220; alt=&#8220;Zwei Inseln \u2013 Paddeln Sie um die Inseln&#8220; title_text=&#8220;Zwei Inseln&#8220; show_in_lightbox=&#8220;on&#8220; show_bottom_space=&#8220;off&#8220; force_fullwidth=&#8220;on&#8220; module_class=&#8220;image-resize&#8220; _builder_version=&#8220;4.24.0&#8243; _module_preset=&#8220;default&#8220; global_colors_info=&#8220;{}&#8220;][\/et_pb_image][et_pb_text _builder_version=&#8220;4.24.0&#8243; _module_preset=&#8220;default&#8220; global_colors_info=&#8220;{}&#8220;]<\/p>\n<h2>Zwei Inseln<\/h2>\n<h3>L\u00e4nge: ca. 1h \/ 3.600 m<\/h3>\n<p>Paddeln Sie um die beiden Inseln! Schnappen Sie sich das Paddel und gleiten Sie lautlos dahin und lauschen Sie dem Zwitschern der V\u00f6gel von den Inseln. So sch\u00f6n und friedlich!<\/p>\n<p>[\/et_pb_text][\/et_pb_column][et_pb_column type=&#8220;1_3&#8243; _builder_version=&#8220;4.23.1&#8243; _module_preset=&#8220;default&#8220; background_color=&#8220;#FFFFFF&#8220; global_colors_info=&#8220;{}&#8220;][et_pb_image src=&#8220;https:\/\/hultsfredstrandcamping.se\/wp-content\/uploads\/paddling_rutt_ovre_hulingen.jpg&#8220; alt=&#8220;Oberes Hulingen \u2013 Paddeln Sie rund um das obere Hulingen&#8220; title_text=&#8220;Oberes Hulingen&#8220; show_in_lightbox=&#8220;on&#8220; show_bottom_space=&#8220;off&#8220; force_fullwidth=&#8220;on&#8220; module_class=&#8220;image-resize&#8220; _builder_version=&#8220;4.24.0&#8243; _module_preset=&#8220;default&#8220; global_colors_info=&#8220;{}&#8220;][\/et_pb_image][et_pb_text _builder_version=&#8220;4.24.0&#8243; _module_preset=&#8220;default&#8220; global_colors_info=&#8220;{}&#8220;]<\/p>\n<h2>Oberes Hulingen<\/h2>\n<h3>L\u00e4nge: ca. 3-4h \/ 12.500 m<\/h3>\n<p>Entdecken Sie die Innenstadt aus einem neuen Blickwinkel! Paddeln Sie am Naturschutzgebiet und der Promenade entlang, wechseln Sie auf die andere Seite in Richtung J\u00e4rnudda und paddeln Sie mit der sm\u00e5l\u00e4ndischen Natur auf der rechten Seite. Das gilt, wenn Sie gegen den Uhrzeigersinn paddeln!<\/p>\n<p>[\/et_pb_text][\/et_pb_column][\/et_pb_row][\/et_pb_section]<\/p>\n","protected":false},"excerpt":{"rendered":"<p>Kanu mieten Hultsfred Jetzt online buchen! Hultsfred Strandcamping bietet die Vermietung von Kanadiern an, um Hultsfreds gro\u00dfen See Hulingen zu erkunden.Paddelnde Kanadier in Hultsfred, Sm\u00e5land Mieten Sie ein offenes Kanu und entdecken Sie den Hulingensee in Hultsfred.Preis Kanu &#8211; Kanadier 0-1h 200 SEK 1-2h 250 SEK 2-4h 300 SEK Ganzen Tag 400 SEK Beliebte Routen [&hellip;]<\/p>\n","protected":false},"author":1,"featured_media":0,"parent":2178,"menu_order":0,"comment_status":"closed","ping_status":"closed","template":"","meta":{"_acf_changed":false,"_et_pb_use_builder":"on","_et_pb_old_content":"","_et_gb_content_width":"","footnotes":""},"class_list":["post-2193","page","type-page","status-publish","hentry"],"acf":[],"yoast_head":"<!-- This site is optimized with the Yoast SEO plugin v27.4 - https:\/\/yoast.com\/product\/yoast-seo-wordpress\/ -->\n<title>Kanu mieten Hultsfred - Hultsfred Strandcamping<\/title>\n<meta name=\"description\" content=\"Bei uns kannst du Kanadier mieten und auf dem See Hulingen sowie auf dem Fluss Silver\u00e5n paddeln. Ein tolles Erlebnis f\u00fcr Familien und Freundesgruppen. Jetzt online buchen!\" \/>\n<meta name=\"robots\" content=\"index, follow, max-snippet:-1, max-image-preview:large, max-video-preview:-1\" \/>\n<link rel=\"canonical\" href=\"https:\/\/hultsfredstrandcamping.se\/de\/aktivitaten\/campingplatz\/kanu-hultsfred\/\" \/>\n<meta property=\"og:locale\" content=\"de_DE\" \/>\n<meta property=\"og:type\" content=\"article\" \/>\n<meta property=\"og:title\" content=\"Kanu mieten Hultsfred - Hultsfred Strandcamping\" \/>\n<meta property=\"og:description\" content=\"Bei uns kannst du Kanadier mieten und auf dem See Hulingen sowie auf dem Fluss Silver\u00e5n paddeln. Ein tolles Erlebnis f\u00fcr Familien und Freundesgruppen. Jetzt online buchen!\" \/>\n<meta property=\"og:url\" content=\"https:\/\/hultsfredstrandcamping.se\/de\/aktivitaten\/campingplatz\/kanu-hultsfred\/\" \/>\n<meta property=\"og:site_name\" content=\"Hultsfred Strandcamping\" \/>\n<meta property=\"article:publisher\" content=\"https:\/\/www.facebook.com\/hultsfredstrandcamping\" \/>\n<meta property=\"article:modified_time\" content=\"2025-06-12T12:04:16+00:00\" \/>\n<script type=\"application\/ld+json\" class=\"yoast-schema-graph\">{\"@context\":\"https:\\\/\\\/schema.org\",\"@graph\":[{\"@type\":\"WebPage\",\"@id\":\"https:\\\/\\\/hultsfredstrandcamping.se\\\/de\\\/aktivitaten\\\/campingplatz\\\/kanu-hultsfred\\\/\",\"url\":\"https:\\\/\\\/hultsfredstrandcamping.se\\\/de\\\/aktivitaten\\\/campingplatz\\\/kanu-hultsfred\\\/\",\"name\":\"Kanu mieten Hultsfred - Hultsfred Strandcamping\",\"isPartOf\":{\"@id\":\"https:\\\/\\\/hultsfredstrandcamping.se\\\/#website\"},\"datePublished\":\"2024-01-25T16:37:34+00:00\",\"dateModified\":\"2025-06-12T12:04:16+00:00\",\"description\":\"Bei uns kannst du Kanadier mieten und auf dem See Hulingen sowie auf dem Fluss Silver\u00e5n paddeln. Ein tolles Erlebnis f\u00fcr Familien und Freundesgruppen. Jetzt online buchen!\",\"breadcrumb\":{\"@id\":\"https:\\\/\\\/hultsfredstrandcamping.se\\\/de\\\/aktivitaten\\\/campingplatz\\\/kanu-hultsfred\\\/#breadcrumb\"},\"inLanguage\":\"de\",\"potentialAction\":[{\"@type\":\"ReadAction\",\"target\":[\"https:\\\/\\\/hultsfredstrandcamping.se\\\/de\\\/aktivitaten\\\/campingplatz\\\/kanu-hultsfred\\\/\"]}]},{\"@type\":\"BreadcrumbList\",\"@id\":\"https:\\\/\\\/hultsfredstrandcamping.se\\\/de\\\/aktivitaten\\\/campingplatz\\\/kanu-hultsfred\\\/#breadcrumb\",\"itemListElement\":[{\"@type\":\"ListItem\",\"position\":1,\"name\":\"Hem\",\"item\":\"https:\\\/\\\/hultsfredstrandcamping.se\\\/de\\\/startsida\\\/\"},{\"@type\":\"ListItem\",\"position\":2,\"name\":\"Aktivit\u00e4ten\",\"item\":\"https:\\\/\\\/hultsfredstrandcamping.se\\\/de\\\/aktivitaten\\\/\"},{\"@type\":\"ListItem\",\"position\":3,\"name\":\"Aktivit\u00e4ten auf dem Campingplatz\",\"item\":\"https:\\\/\\\/hultsfredstrandcamping.se\\\/de\\\/aktivitaten\\\/campingplatz\\\/\"},{\"@type\":\"ListItem\",\"position\":4,\"name\":\"Kanu mieten Hultsfred\"}]},{\"@type\":\"WebSite\",\"@id\":\"https:\\\/\\\/hultsfredstrandcamping.se\\\/#website\",\"url\":\"https:\\\/\\\/hultsfredstrandcamping.se\\\/\",\"name\":\"Hultsfred Strandcamping\",\"description\":\"Hultsfred Strandcamping\",\"publisher\":{\"@id\":\"https:\\\/\\\/hultsfredstrandcamping.se\\\/#organization\"},\"potentialAction\":[{\"@type\":\"SearchAction\",\"target\":{\"@type\":\"EntryPoint\",\"urlTemplate\":\"https:\\\/\\\/hultsfredstrandcamping.se\\\/?s={search_term_string}\"},\"query-input\":{\"@type\":\"PropertyValueSpecification\",\"valueRequired\":true,\"valueName\":\"search_term_string\"}}],\"inLanguage\":\"de\"},{\"@type\":\"Organization\",\"@id\":\"https:\\\/\\\/hultsfredstrandcamping.se\\\/#organization\",\"name\":\"Hultsfred Strandcamping\",\"url\":\"https:\\\/\\\/hultsfredstrandcamping.se\\\/\",\"logo\":{\"@type\":\"ImageObject\",\"inLanguage\":\"de\",\"@id\":\"https:\\\/\\\/hultsfredstrandcamping.se\\\/#\\\/schema\\\/logo\\\/image\\\/\",\"url\":\"https:\\\/\\\/hultsfredstrandcamping.se\\\/wp-content\\\/uploads\\\/Hultsfred.Strandcamping-logo.png\",\"contentUrl\":\"https:\\\/\\\/hultsfredstrandcamping.se\\\/wp-content\\\/uploads\\\/Hultsfred.Strandcamping-logo.png\",\"width\":340,\"height\":187,\"caption\":\"Hultsfred Strandcamping\"},\"image\":{\"@id\":\"https:\\\/\\\/hultsfredstrandcamping.se\\\/#\\\/schema\\\/logo\\\/image\\\/\"},\"sameAs\":[\"https:\\\/\\\/www.facebook.com\\\/hultsfredstrandcamping\",\"https:\\\/\\\/www.instagram.com\\\/hultsfredstrandcamping\\\/\"]}]}<\/script>\n<!-- \/ Yoast SEO plugin. -->","yoast_head_json":{"title":"Kanu mieten Hultsfred - Hultsfred Strandcamping","description":"Bei uns kannst du Kanadier mieten und auf dem See Hulingen sowie auf dem Fluss Silver\u00e5n paddeln. Ein tolles Erlebnis f\u00fcr Familien und Freundesgruppen. Jetzt online buchen!","robots":{"index":"index","follow":"follow","max-snippet":"max-snippet:-1","max-image-preview":"max-image-preview:large","max-video-preview":"max-video-preview:-1"},"canonical":"https:\/\/hultsfredstrandcamping.se\/de\/aktivitaten\/campingplatz\/kanu-hultsfred\/","og_locale":"de_DE","og_type":"article","og_title":"Kanu mieten Hultsfred - Hultsfred Strandcamping","og_description":"Bei uns kannst du Kanadier mieten und auf dem See Hulingen sowie auf dem Fluss Silver\u00e5n paddeln. Ein tolles Erlebnis f\u00fcr Familien und Freundesgruppen. Jetzt online buchen!","og_url":"https:\/\/hultsfredstrandcamping.se\/de\/aktivitaten\/campingplatz\/kanu-hultsfred\/","og_site_name":"Hultsfred Strandcamping","article_publisher":"https:\/\/www.facebook.com\/hultsfredstrandcamping","article_modified_time":"2025-06-12T12:04:16+00:00","schema":{"@context":"https:\/\/schema.org","@graph":[{"@type":"WebPage","@id":"https:\/\/hultsfredstrandcamping.se\/de\/aktivitaten\/campingplatz\/kanu-hultsfred\/","url":"https:\/\/hultsfredstrandcamping.se\/de\/aktivitaten\/campingplatz\/kanu-hultsfred\/","name":"Kanu mieten Hultsfred - Hultsfred Strandcamping","isPartOf":{"@id":"https:\/\/hultsfredstrandcamping.se\/#website"},"datePublished":"2024-01-25T16:37:34+00:00","dateModified":"2025-06-12T12:04:16+00:00","description":"Bei uns kannst du Kanadier mieten und auf dem See Hulingen sowie auf dem Fluss Silver\u00e5n paddeln. Ein tolles Erlebnis f\u00fcr Familien und Freundesgruppen. Jetzt online buchen!","breadcrumb":{"@id":"https:\/\/hultsfredstrandcamping.se\/de\/aktivitaten\/campingplatz\/kanu-hultsfred\/#breadcrumb"},"inLanguage":"de","potentialAction":[{"@type":"ReadAction","target":["https:\/\/hultsfredstrandcamping.se\/de\/aktivitaten\/campingplatz\/kanu-hultsfred\/"]}]},{"@type":"BreadcrumbList","@id":"https:\/\/hultsfredstrandcamping.se\/de\/aktivitaten\/campingplatz\/kanu-hultsfred\/#breadcrumb","itemListElement":[{"@type":"ListItem","position":1,"name":"Hem","item":"https:\/\/hultsfredstrandcamping.se\/de\/startsida\/"},{"@type":"ListItem","position":2,"name":"Aktivit\u00e4ten","item":"https:\/\/hultsfredstrandcamping.se\/de\/aktivitaten\/"},{"@type":"ListItem","position":3,"name":"Aktivit\u00e4ten auf dem Campingplatz","item":"https:\/\/hultsfredstrandcamping.se\/de\/aktivitaten\/campingplatz\/"},{"@type":"ListItem","position":4,"name":"Kanu mieten Hultsfred"}]},{"@type":"WebSite","@id":"https:\/\/hultsfredstrandcamping.se\/#website","url":"https:\/\/hultsfredstrandcamping.se\/","name":"Hultsfred Strandcamping","description":"Hultsfred Strandcamping","publisher":{"@id":"https:\/\/hultsfredstrandcamping.se\/#organization"},"potentialAction":[{"@type":"SearchAction","target":{"@type":"EntryPoint","urlTemplate":"https:\/\/hultsfredstrandcamping.se\/?s={search_term_string}"},"query-input":{"@type":"PropertyValueSpecification","valueRequired":true,"valueName":"search_term_string"}}],"inLanguage":"de"},{"@type":"Organization","@id":"https:\/\/hultsfredstrandcamping.se\/#organization","name":"Hultsfred Strandcamping","url":"https:\/\/hultsfredstrandcamping.se\/","logo":{"@type":"ImageObject","inLanguage":"de","@id":"https:\/\/hultsfredstrandcamping.se\/#\/schema\/logo\/image\/","url":"https:\/\/hultsfredstrandcamping.se\/wp-content\/uploads\/Hultsfred.Strandcamping-logo.png","contentUrl":"https:\/\/hultsfredstrandcamping.se\/wp-content\/uploads\/Hultsfred.Strandcamping-logo.png","width":340,"height":187,"caption":"Hultsfred Strandcamping"},"image":{"@id":"https:\/\/hultsfredstrandcamping.se\/#\/schema\/logo\/image\/"},"sameAs":["https:\/\/www.facebook.com\/hultsfredstrandcamping","https:\/\/www.instagram.com\/hultsfredstrandcamping\/"]}]}},"_links":{"self":[{"href":"https:\/\/hultsfredstrandcamping.se\/de\/wp-json\/wp\/v2\/pages\/2193","targetHints":{"allow":["GET"]}}],"collection":[{"href":"https:\/\/hultsfredstrandcamping.se\/de\/wp-json\/wp\/v2\/pages"}],"about":[{"href":"https:\/\/hultsfredstrandcamping.se\/de\/wp-json\/wp\/v2\/types\/page"}],"author":[{"embeddable":true,"href":"https:\/\/hultsfredstrandcamping.se\/de\/wp-json\/wp\/v2\/users\/1"}],"replies":[{"embeddable":true,"href":"https:\/\/hultsfredstrandcamping.se\/de\/wp-json\/wp\/v2\/comments?post=2193"}],"version-history":[{"count":9,"href":"https:\/\/hultsfredstrandcamping.se\/de\/wp-json\/wp\/v2\/pages\/2193\/revisions"}],"predecessor-version":[{"id":3139,"href":"https:\/\/hultsfredstrandcamping.se\/de\/wp-json\/wp\/v2\/pages\/2193\/revisions\/3139"}],"up":[{"embeddable":true,"href":"https:\/\/hultsfredstrandcamping.se\/de\/wp-json\/wp\/v2\/pages\/2178"}],"wp:attachment":[{"href":"https:\/\/hultsfredstrandcamping.se\/de\/wp-json\/wp\/v2\/media?parent=2193"}],"curies":[{"name":"wp","href":"https:\/\/api.w.org\/{rel}","templated":true}]}}