{"id":2196,"date":"2024-01-25T17:38:22","date_gmt":"2024-01-25T16:38:22","guid":{"rendered":"https:\/\/hultsfredstrandcamping.se\/aktivitaten\/campingplatz\/sup-hultsfred\/"},"modified":"2024-05-10T09:53:39","modified_gmt":"2024-05-10T07:53:39","slug":"sup-hultsfred","status":"publish","type":"page","link":"https:\/\/hultsfredstrandcamping.se\/de\/aktivitaten\/campingplatz\/sup-hultsfred\/","title":{"rendered":"Mieten Sie SUP Hultsfred"},"content":{"rendered":"<p>[et_pb_section fb_built=&#8220;1&#8243; disabled_on=&#8220;off|off|off&#8220; module_id=&#8220;hero3&#8243; _builder_version=&#8220;4.24.0&#8243; _module_preset=&#8220;default&#8220; custom_margin=&#8220;0px||0px||false|false&#8220; custom_padding=&#8220;0px||0px||false|false&#8220; locked=&#8220;off&#8220; global_colors_info=&#8220;{}&#8220;][et_pb_row column_structure=&#8220;1_2,1_2&#8243; use_custom_gutter=&#8220;on&#8220; gutter_width=&#8220;1&#8243; make_equal=&#8220;on&#8220; _builder_version=&#8220;4.24.0&#8243; _module_preset=&#8220;default&#8220; width=&#8220;100%&#8220; max_width=&#8220;100%&#8220; custom_margin=&#8220;0px||0px||false|false&#8220; custom_padding=&#8220;0px||0px||false|false&#8220; global_colors_info=&#8220;{}&#8220;][et_pb_column type=&#8220;1_2&#8243; module_class=&#8220;vertical-align&#8220; _builder_version=&#8220;4.24.0&#8243; _module_preset=&#8220;default&#8220; background_color=&#8220;#FFFFFF&#8220; custom_padding=&#8220;100px||100px||false|false&#8220; global_colors_info=&#8220;{}&#8220;][et_pb_icon font_icon=&#8220;&#xf773;||fa||900&#8243; icon_color=&#8220;#F3D226&#8243; _builder_version=&#8220;4.24.0&#8243; _module_preset=&#8220;default&#8220; locked=&#8220;off&#8220; global_colors_info=&#8220;{}&#8220;][\/et_pb_icon][et_pb_text _builder_version=&#8220;4.25.1&#8243; _module_preset=&#8220;default&#8220; header_font=&#8220;|700|||||||&#8220; header_text_align=&#8220;center&#8220; header_font_size=&#8220;50px&#8220; header_2_font=&#8220;|700|||||||&#8220; header_2_text_align=&#8220;center&#8220; custom_padding=&#8220;||20px||false|false&#8220; locked=&#8220;off&#8220; global_colors_info=&#8220;{}&#8220;]<\/p>\n<h1>Mieten Sie <strong>SUP<\/strong> Hultsfred<\/h1>\n<h2>Jetzt online buchen!<\/h2>\n<p>Bei uns k\u00f6nnen Sie <strong>Stand Up Paddleboards<\/strong> mieten und einen wunderbaren Ausflug unternehmen, der Abenteuer mit Bewegung verbindet! Paddeln Sie im See Hulingen in der N\u00e4he des Campingplatzes, hinaus zu den kleinen Inseln oder erkunden Sie das glitzernde und abenteuerliche Silver\u00e5n, wenn Sie eine gr\u00f6\u00dfere Herausforderung suchen.<\/p>\n<p>[\/et_pb_text][et_pb_code admin_label=&#8220;Aktivit\u00e4t buchen&#8220; _builder_version=&#8220;4.25.1&#8243; _module_preset=&#8220;default&#8220; text_orientation=&#8220;center&#8220; custom_padding=&#8220;0px|40px|0px|40px|false|false&#8220; global_module=&#8220;697&#8243; saved_tabs=&#8220;all&#8220; locked=&#8220;off&#8220; global_colors_info=&#8220;{}&#8220;]<script><!-- [et_pb_line_break_holder] -->  var APP_ID=\"a690e556262fbf087bd5c94634052cfda750707c66572a6155a2d8cc7d46c61f\";<!-- [et_pb_line_break_holder] -->  var WIDGET_ID=\"LOj9XwAP8T35God\";<!-- [et_pb_line_break_holder] -->  if (typeof window.outventuresSettings == \"undefined\") {window.outventuresSettings = [];}<!-- [et_pb_line_break_holder] -->  window.outventuresSettings.push({<!-- [et_pb_line_break_holder] -->    base_url: \"https:\/\/app.outventures.se\/widget\/\",<!-- [et_pb_line_break_holder] -->    app_id: APP_ID,<!-- [et_pb_line_break_holder] -->    widget_id: WIDGET_ID,<!-- [et_pb_line_break_holder] -->    floating: false,<!-- [et_pb_line_break_holder] -->    btn_text: {\"sv\":\"Boka aktivitet h\u00e4r\",\"en\":\"Book activity here\",\"de\":\"Aktivit\u00e4t buchen\"},<!-- [et_pb_line_break_holder] -->    btn_style: { \"size\": \"large\", \"bg\": \"##3f95d1\", \"color\": \"#ffffff\"},<!-- [et_pb_line_break_holder] -->    <!-- [et_pb_line_break_holder] -->  });<!-- [et_pb_line_break_holder] --><\/script><!-- [et_pb_line_break_holder] --><script id=\"ovbs-scriptLOj9XwAP8T35God\">var w=window;var d=document;var l=function(){var s=d.createElement(\"script\");s.type=\"text\/javascript\";s.async=true;s.src=\"https:\/\/app.outventures.se\/widget\/widget.js\";if(document.querySelectorAll('[src=\"' + s.src + '\"]').length == 0){var x=d.getElementsByTagName(\"script\")[0];x.parentNode.insertBefore(s, x);}};if(w.attachEvent){w.attachEvent(\"onload\",l);}else{w.addEventListener(\"load\",l,false);}<\/script>[\/et_pb_code][\/et_pb_column][et_pb_column type=&#8220;1_2&#8243; module_class=&#8220;image&#8220; _builder_version=&#8220;4.24.0&#8243; _module_preset=&#8220;default&#8220; global_colors_info=&#8220;{}&#8220;][et_pb_image src=&#8220;https:\/\/hultsfredstrandcamping.se\/wp-content\/uploads\/stand_up_paddleboard.avif&#8220; alt=&#8220;Mieten Sie SUP (Stand Up Paddleboards) Hultsfred&#8220; title_text=&#8220;Mieten Sie SUP &#8211; Hultsfred Strandcamping&#8220; force_fullwidth=&#8220;on&#8220; module_class=&#8220;cover&#8220; _builder_version=&#8220;4.24.2&#8243; _module_preset=&#8220;default&#8220; global_colors_info=&#8220;{}&#8220;][\/et_pb_image][\/et_pb_column][\/et_pb_row][\/et_pb_section][et_pb_section fb_built=&#8220;1&#8243; module_class=&#8220;graybg&#8220; _builder_version=&#8220;4.23.1&#8243; _module_preset=&#8220;default&#8220; custom_padding=&#8220;60px||100px|||&#8220; global_colors_info=&#8220;{}&#8220;][et_pb_row column_structure=&#8220;1_2,1_2&#8243; use_custom_gutter=&#8220;on&#8220; gutter_width=&#8220;1&#8243; make_equal=&#8220;on&#8220; _builder_version=&#8220;4.24.0&#8243; _module_preset=&#8220;default&#8220; background_enable_color=&#8220;off&#8220; custom_margin=&#8220;40px||||false|false&#8220; custom_padding=&#8220;0px||0px||false|false&#8220; locked=&#8220;off&#8220; global_colors_info=&#8220;{}&#8220;][et_pb_column type=&#8220;1_2&#8243; _builder_version=&#8220;4.23.1&#8243; _module_preset=&#8220;default&#8220; global_colors_info=&#8220;{}&#8220;][et_pb_image src=&#8220;https:\/\/hultsfredstrandcamping.se\/wp-content\/uploads\/SUP-02.jpg&#8220; alt=&#8220;Stand-Up-Paddleboard&#8220; title_text=&#8220;Stand-Up-Paddleboard&#8220; force_fullwidth=&#8220;on&#8220; module_class=&#8220;image-resize&#8220; _builder_version=&#8220;4.24.0&#8243; _module_preset=&#8220;default&#8220; global_colors_info=&#8220;{}&#8220;][\/et_pb_image][\/et_pb_column][et_pb_column type=&#8220;1_2&#8243; module_class=&#8220;vertical-align&#8220; _builder_version=&#8220;4.24.0&#8243; _module_preset=&#8220;default&#8220; background_color=&#8220;#FFFFFF&#8220; global_colors_info=&#8220;{}&#8220;][et_pb_text _builder_version=&#8220;4.24.0&#8243; _module_preset=&#8220;default&#8220; global_colors_info=&#8220;{}&#8220;]<\/p>\n<h2>Paddeln Sie SUP in Hultsfred, Sm\u00e5land<\/h2>\n<p>Bei uns k\u00f6nnen Sie ein Stand-Up-Paddleboard mieten und Ihr Gleichgewicht \u00fcben, Sport treiben oder einfach den See und die Natur erkunden. Buchen Sie ganz einfach online oder kommen Sie an der Rezeption vorbei und leihen Sie Ihr SUP aus.<\/p>\n<h3>Muss ich auf dem Campingplatz ans\u00e4ssig sein?<\/h3>\n<p>Auf keinen Fall, jeder, der m\u00f6chte, ist auf Hultsfred Strandcamping willkommen, um die Natur, unser Caf\u00e9 und unsere Aktivit\u00e4ten zu genie\u00dfen.<\/p>\n<h3>Altersgrenze <\/h3>\n<p>Wir haben eine Altersgrenze von 18 Jahren f\u00fcr diejenigen, die unsere Wasseraktivit\u00e4ten mieten. Wenn Sie j\u00fcnger als 18 Jahre sind, ist das in Ordnung, solange Sie von einer Person begleitet werden, die \u00fcber 18 Jahre alt ist.<\/p>\n<h3>Wie viele SUPs haben wir?<\/h3>\n<p>Wir haben 10 Stand-Up-Paddleboards. Wenn Sie eine gr\u00f6\u00dfere Gruppe sind, die ein Outdoor-Abenteuer erleben m\u00f6chte, k\u00f6nnen Sie gerne anrufen und buchen. Ansonsten buchen Sie SUP am einfachsten hier \u00fcber unsere Online-Buchung.<\/p>\n<h3>Was ist im SUP-Verleih enthalten?<\/h3>\n<p>Wenn Sie bei Hultsfred Strandcamping ein SUP mieten, ist Folgendes im Preis inbegriffen: Board, Paddel und Schwimmweste.<\/p>\n<p>[\/et_pb_text][\/et_pb_column][\/et_pb_row][et_pb_row column_structure=&#8220;1_2,1_2&#8243; use_custom_gutter=&#8220;on&#8220; gutter_width=&#8220;1&#8243; make_equal=&#8220;on&#8220; _builder_version=&#8220;4.24.0&#8243; _module_preset=&#8220;default&#8220; background_color=&#8220;#FFFFFF&#8220; custom_margin=&#8220;40px||||false|false&#8220; custom_padding=&#8220;0px||0px||false|false&#8220; locked=&#8220;off&#8220; global_colors_info=&#8220;{}&#8220;][et_pb_column type=&#8220;1_2&#8243; module_class=&#8220;vertical-align&#8220; _builder_version=&#8220;4.23.1&#8243; _module_preset=&#8220;default&#8220; background_enable_color=&#8220;off&#8220; global_colors_info=&#8220;{}&#8220;][et_pb_text _builder_version=&#8220;4.24.0&#8243; _module_preset=&#8220;default&#8220; custom_padding=&#8220;||30px||false|false&#8220; global_colors_info=&#8220;{}&#8220;]<\/p>\n<h2>Preis<\/h2>\n<table border=\"1\" style=\"border-collapse: collapse; width: 100%; margin-top: 20px; height: 161px;\">\n<tbody>\n<tr>\n<td colspan=\"2\">\n<h3>Stand-Up-Paddleboard<\/h3>\n<\/td>\n<\/tr>\n<tr>\n<td style=\"width: 50%;\">0-1h<\/td>\n<td style=\"width: 50%;\">175 SEK<\/td>\n<\/tr>\n<tr>\n<td style=\"width: 50%;\">1-2h<\/td>\n<td style=\"width: 50%;\">200 SEK<\/td>\n<\/tr>\n<tr>\n<td style=\"width: 50%;\">2-4h<\/td>\n<td style=\"width: 50%;\">300 SEK<\/td>\n<\/tr>\n<tr>\n<td style=\"width: 50%;\">Ganzen Tag<\/td>\n<td style=\"width: 50%;\">400 SEK<\/td>\n<\/tr>\n<\/tbody>\n<\/table>\n<p>[\/et_pb_text][\/et_pb_column][et_pb_column type=&#8220;1_2&#8243; module_class=&#8220;image&#8220; _builder_version=&#8220;4.24.0&#8243; _module_preset=&#8220;default&#8220; global_colors_info=&#8220;{}&#8220;][et_pb_image src=&#8220;https:\/\/hultsfredstrandcamping.se\/wp-content\/uploads\/SUP-01.jpg&#8220; alt=&#8220;Stand-Up-Paddleboard&#8220; title_text=&#8220;Stand-Up-Paddleboard&#8220; force_fullwidth=&#8220;on&#8220; module_class=&#8220;cover &#8220; _builder_version=&#8220;4.24.0&#8243; _module_preset=&#8220;default&#8220; global_colors_info=&#8220;{}&#8220;][\/et_pb_image][\/et_pb_column][\/et_pb_row][et_pb_row module_class=&#8220;header-text&#8220; _builder_version=&#8220;4.24.0&#8243; _module_preset=&#8220;default&#8220; custom_padding=&#8220;100px||||false|false&#8220; locked=&#8220;off&#8220; global_colors_info=&#8220;{}&#8220;][et_pb_column type=&#8220;4_4&#8243; _builder_version=&#8220;4.23.1&#8243; _module_preset=&#8220;default&#8220; global_colors_info=&#8220;{}&#8220;][et_pb_text module_class=&#8220;large-h2&#8243; _builder_version=&#8220;4.24.2&#8243; _module_preset=&#8220;default&#8220; header_font=&#8220;|700|||||||&#8220; header_text_align=&#8220;center&#8220; header_2_font=&#8220;|700|||||||&#8220; header_2_text_align=&#8220;center&#8220; header_2_font_size=&#8220;50px&#8220; locked=&#8220;off&#8220; global_colors_info=&#8220;{}&#8220;]<\/p>\n<h2>Beliebte Gebiete f\u00fcr SUP<\/h2>\n<p>Etwas au\u00dferhalb des Campingplatzes und des Badebereichs haben Sie einen sehr guten Bereich, um die Ausr\u00fcstung kennenzulernen. Hier ist es lang und flach und eignet sich gut f\u00fcr den Anf\u00e4nger, um seine ersten Paddel zu nehmen und sein Gleichgewicht zu finden.<\/p>\n<p>Wenn Sie weiter hinaus m\u00f6chten, empfehlen wir Ihnen, zu den kleinen Inseln zu paddeln. Wenn Sie eine echte Herausforderung suchen, umrunden Sie den oberen Teil des Sees Hulingen, wo Sie am Zentrum vorbeipaddeln k\u00f6nnen.<\/p>\n<p>[\/et_pb_text][\/et_pb_column][\/et_pb_row][et_pb_row column_structure=&#8220;1_2,1_2&#8243; use_custom_gutter=&#8220;on&#8220; gutter_width=&#8220;2&#8243; make_equal=&#8220;on&#8220; module_class=&#8220;no-header-space&#8220; _builder_version=&#8220;4.24.2&#8243; _module_preset=&#8220;default&#8220; custom_padding=&#8220;40px||0px|||&#8220; locked=&#8220;off&#8220; global_colors_info=&#8220;{}&#8220;][et_pb_column type=&#8220;1_2&#8243; _builder_version=&#8220;4.23.1&#8243; _module_preset=&#8220;default&#8220; background_color=&#8220;#FFFFFF&#8220; global_colors_info=&#8220;{}&#8220;][et_pb_image src=&#8220;https:\/\/hultsfredstrandcamping.se\/wp-content\/uploads\/paddling_rutt_tva_oar.jpg&#8220; alt=&#8220;Zwei Inseln \u2013 Paddeln Sie um die Inseln&#8220; title_text=&#8220;Zwei Inseln&#8220; show_in_lightbox=&#8220;on&#8220; show_bottom_space=&#8220;off&#8220; force_fullwidth=&#8220;on&#8220; module_class=&#8220;image-resize&#8220; _builder_version=&#8220;4.24.0&#8243; _module_preset=&#8220;default&#8220; global_colors_info=&#8220;{}&#8220;][\/et_pb_image][et_pb_text _builder_version=&#8220;4.24.0&#8243; _module_preset=&#8220;default&#8220; global_colors_info=&#8220;{}&#8220;]<\/p>\n<h2>Zwei Inseln<\/h2>\n<h3>L\u00e4nge: ca. 1h \/ 3.600 m<\/h3>\n<p>Wenn Sie sich mit der Ausr\u00fcstung vertraut f\u00fchlen, paddeln Sie doch einfach los zu den beiden kleinen Inseln! An Tagen mit ruhigem Wasser ist es wunderbar, hinauszupaddeln und die Natur und das Zwitschern der V\u00f6gel zu genie\u00dfen. W\u00e4hlen Sie selbst, welche Route Sie rund um die Inseln nehmen m\u00f6chten.<\/p>\n<p>[\/et_pb_text][\/et_pb_column][et_pb_column type=&#8220;1_2&#8243; _builder_version=&#8220;4.23.1&#8243; _module_preset=&#8220;default&#8220; background_color=&#8220;#FFFFFF&#8220; global_colors_info=&#8220;{}&#8220;][et_pb_image src=&#8220;https:\/\/hultsfredstrandcamping.se\/wp-content\/uploads\/paddling_rutt_ovre_hulingen.jpg&#8220; alt=&#8220;Oberes Hulingen \u2013 Paddeln Sie rund um das obere Hulingen&#8220; title_text=&#8220;Oberes Hulingen&#8220; show_in_lightbox=&#8220;on&#8220; show_bottom_space=&#8220;off&#8220; force_fullwidth=&#8220;on&#8220; module_class=&#8220;image-resize&#8220; _builder_version=&#8220;4.24.0&#8243; _module_preset=&#8220;default&#8220; global_colors_info=&#8220;{}&#8220;][\/et_pb_image][et_pb_text _builder_version=&#8220;4.24.0&#8243; _module_preset=&#8220;default&#8220; global_colors_info=&#8220;{}&#8220;]<\/p>\n<h2>Oberes Hulingen<\/h2>\n<h3>L\u00e4nge: ca. 3-4h \/ 12.500 m<\/h3>\n<p>Lust auf einen l\u00e4ngeren Ausflug mit dem SUP und eine echte Herausforderung? Paddeln Sie um den oberen Teil von Hulingen. Dies ist f\u00fcr diejenigen, die schon einmal gepaddelt sind und den ganzen Tag drau\u00dfen sein m\u00f6chten. Packen Sie einen Kaffee\/ein Mittagessen in einen wasserdichten Beutel und suchen Sie sich einen Platz am See, an dem Sie eine dringend ben\u00f6tigte Pause einlegen k\u00f6nnen.<\/p>\n<p>[\/et_pb_text][\/et_pb_column][\/et_pb_row][\/et_pb_section]<\/p>\n","protected":false},"excerpt":{"rendered":"<p>Mieten Sie SUP Hultsfred Jetzt online buchen! Bei uns k\u00f6nnen Sie Stand Up Paddleboards mieten und einen wunderbaren Ausflug unternehmen, der Abenteuer mit Bewegung verbindet! Paddeln Sie im See Hulingen in der N\u00e4he des Campingplatzes, hinaus zu den kleinen Inseln oder erkunden Sie das glitzernde und abenteuerliche Silver\u00e5n, wenn Sie eine gr\u00f6\u00dfere Herausforderung suchen.Paddeln Sie [&hellip;]<\/p>\n","protected":false},"author":1,"featured_media":0,"parent":2178,"menu_order":0,"comment_status":"closed","ping_status":"closed","template":"","meta":{"_acf_changed":false,"_et_pb_use_builder":"on","_et_pb_old_content":"","_et_gb_content_width":"","footnotes":""},"class_list":["post-2196","page","type-page","status-publish","hentry"],"acf":[],"yoast_head":"<!-- This site is optimized with the Yoast SEO plugin v27.4 - https:\/\/yoast.com\/product\/yoast-seo-wordpress\/ -->\n<title>Mieten Sie SUP Hultsfred - Hultsfred Strandcamping<\/title>\n<meta name=\"description\" content=\"Bei uns k\u00f6nnen Sie Stand Up Paddleboards (SUP) mieten und auf dem H\u00fclingensee herumgleiten. Eine wunderbare Aktivit\u00e4t in der Natur.\" \/>\n<meta name=\"robots\" content=\"index, follow, max-snippet:-1, max-image-preview:large, max-video-preview:-1\" \/>\n<link rel=\"canonical\" href=\"https:\/\/hultsfredstrandcamping.se\/de\/aktivitaten\/campingplatz\/sup-hultsfred\/\" \/>\n<meta property=\"og:locale\" content=\"de_DE\" \/>\n<meta property=\"og:type\" content=\"article\" \/>\n<meta property=\"og:title\" content=\"Mieten Sie SUP Hultsfred - Hultsfred Strandcamping\" \/>\n<meta property=\"og:description\" content=\"Bei uns k\u00f6nnen Sie Stand Up Paddleboards (SUP) mieten und auf dem H\u00fclingensee herumgleiten. Eine wunderbare Aktivit\u00e4t in der Natur.\" \/>\n<meta property=\"og:url\" content=\"https:\/\/hultsfredstrandcamping.se\/de\/aktivitaten\/campingplatz\/sup-hultsfred\/\" \/>\n<meta property=\"og:site_name\" content=\"Hultsfred Strandcamping\" \/>\n<meta property=\"article:publisher\" content=\"https:\/\/www.facebook.com\/hultsfredstrandcamping\" \/>\n<meta property=\"article:modified_time\" content=\"2024-05-10T07:53:39+00:00\" \/>\n<script type=\"application\/ld+json\" class=\"yoast-schema-graph\">{\"@context\":\"https:\\\/\\\/schema.org\",\"@graph\":[{\"@type\":\"WebPage\",\"@id\":\"https:\\\/\\\/hultsfredstrandcamping.se\\\/de\\\/aktivitaten\\\/campingplatz\\\/sup-hultsfred\\\/\",\"url\":\"https:\\\/\\\/hultsfredstrandcamping.se\\\/de\\\/aktivitaten\\\/campingplatz\\\/sup-hultsfred\\\/\",\"name\":\"Mieten Sie SUP Hultsfred - Hultsfred Strandcamping\",\"isPartOf\":{\"@id\":\"https:\\\/\\\/hultsfredstrandcamping.se\\\/#website\"},\"datePublished\":\"2024-01-25T16:38:22+00:00\",\"dateModified\":\"2024-05-10T07:53:39+00:00\",\"description\":\"Bei uns k\u00f6nnen Sie Stand Up Paddleboards (SUP) mieten und auf dem H\u00fclingensee herumgleiten. Eine wunderbare Aktivit\u00e4t in der Natur.\",\"breadcrumb\":{\"@id\":\"https:\\\/\\\/hultsfredstrandcamping.se\\\/de\\\/aktivitaten\\\/campingplatz\\\/sup-hultsfred\\\/#breadcrumb\"},\"inLanguage\":\"de\",\"potentialAction\":[{\"@type\":\"ReadAction\",\"target\":[\"https:\\\/\\\/hultsfredstrandcamping.se\\\/de\\\/aktivitaten\\\/campingplatz\\\/sup-hultsfred\\\/\"]}]},{\"@type\":\"BreadcrumbList\",\"@id\":\"https:\\\/\\\/hultsfredstrandcamping.se\\\/de\\\/aktivitaten\\\/campingplatz\\\/sup-hultsfred\\\/#breadcrumb\",\"itemListElement\":[{\"@type\":\"ListItem\",\"position\":1,\"name\":\"Hem\",\"item\":\"https:\\\/\\\/hultsfredstrandcamping.se\\\/de\\\/startsida\\\/\"},{\"@type\":\"ListItem\",\"position\":2,\"name\":\"Aktivit\u00e4ten\",\"item\":\"https:\\\/\\\/hultsfredstrandcamping.se\\\/de\\\/aktivitaten\\\/\"},{\"@type\":\"ListItem\",\"position\":3,\"name\":\"Aktivit\u00e4ten auf dem Campingplatz\",\"item\":\"https:\\\/\\\/hultsfredstrandcamping.se\\\/de\\\/aktivitaten\\\/campingplatz\\\/\"},{\"@type\":\"ListItem\",\"position\":4,\"name\":\"Mieten Sie SUP Hultsfred\"}]},{\"@type\":\"WebSite\",\"@id\":\"https:\\\/\\\/hultsfredstrandcamping.se\\\/#website\",\"url\":\"https:\\\/\\\/hultsfredstrandcamping.se\\\/\",\"name\":\"Hultsfred Strandcamping\",\"description\":\"Hultsfred Strandcamping\",\"publisher\":{\"@id\":\"https:\\\/\\\/hultsfredstrandcamping.se\\\/#organization\"},\"potentialAction\":[{\"@type\":\"SearchAction\",\"target\":{\"@type\":\"EntryPoint\",\"urlTemplate\":\"https:\\\/\\\/hultsfredstrandcamping.se\\\/?s={search_term_string}\"},\"query-input\":{\"@type\":\"PropertyValueSpecification\",\"valueRequired\":true,\"valueName\":\"search_term_string\"}}],\"inLanguage\":\"de\"},{\"@type\":\"Organization\",\"@id\":\"https:\\\/\\\/hultsfredstrandcamping.se\\\/#organization\",\"name\":\"Hultsfred Strandcamping\",\"url\":\"https:\\\/\\\/hultsfredstrandcamping.se\\\/\",\"logo\":{\"@type\":\"ImageObject\",\"inLanguage\":\"de\",\"@id\":\"https:\\\/\\\/hultsfredstrandcamping.se\\\/#\\\/schema\\\/logo\\\/image\\\/\",\"url\":\"https:\\\/\\\/hultsfredstrandcamping.se\\\/wp-content\\\/uploads\\\/Hultsfred.Strandcamping-logo.png\",\"contentUrl\":\"https:\\\/\\\/hultsfredstrandcamping.se\\\/wp-content\\\/uploads\\\/Hultsfred.Strandcamping-logo.png\",\"width\":340,\"height\":187,\"caption\":\"Hultsfred Strandcamping\"},\"image\":{\"@id\":\"https:\\\/\\\/hultsfredstrandcamping.se\\\/#\\\/schema\\\/logo\\\/image\\\/\"},\"sameAs\":[\"https:\\\/\\\/www.facebook.com\\\/hultsfredstrandcamping\",\"https:\\\/\\\/www.instagram.com\\\/hultsfredstrandcamping\\\/\"]}]}<\/script>\n<!-- \/ Yoast SEO plugin. -->","yoast_head_json":{"title":"Mieten Sie SUP Hultsfred - Hultsfred Strandcamping","description":"Bei uns k\u00f6nnen Sie Stand Up Paddleboards (SUP) mieten und auf dem H\u00fclingensee herumgleiten. Eine wunderbare Aktivit\u00e4t in der Natur.","robots":{"index":"index","follow":"follow","max-snippet":"max-snippet:-1","max-image-preview":"max-image-preview:large","max-video-preview":"max-video-preview:-1"},"canonical":"https:\/\/hultsfredstrandcamping.se\/de\/aktivitaten\/campingplatz\/sup-hultsfred\/","og_locale":"de_DE","og_type":"article","og_title":"Mieten Sie SUP Hultsfred - Hultsfred Strandcamping","og_description":"Bei uns k\u00f6nnen Sie Stand Up Paddleboards (SUP) mieten und auf dem H\u00fclingensee herumgleiten. Eine wunderbare Aktivit\u00e4t in der Natur.","og_url":"https:\/\/hultsfredstrandcamping.se\/de\/aktivitaten\/campingplatz\/sup-hultsfred\/","og_site_name":"Hultsfred Strandcamping","article_publisher":"https:\/\/www.facebook.com\/hultsfredstrandcamping","article_modified_time":"2024-05-10T07:53:39+00:00","schema":{"@context":"https:\/\/schema.org","@graph":[{"@type":"WebPage","@id":"https:\/\/hultsfredstrandcamping.se\/de\/aktivitaten\/campingplatz\/sup-hultsfred\/","url":"https:\/\/hultsfredstrandcamping.se\/de\/aktivitaten\/campingplatz\/sup-hultsfred\/","name":"Mieten Sie SUP Hultsfred - Hultsfred Strandcamping","isPartOf":{"@id":"https:\/\/hultsfredstrandcamping.se\/#website"},"datePublished":"2024-01-25T16:38:22+00:00","dateModified":"2024-05-10T07:53:39+00:00","description":"Bei uns k\u00f6nnen Sie Stand Up Paddleboards (SUP) mieten und auf dem H\u00fclingensee herumgleiten. Eine wunderbare Aktivit\u00e4t in der Natur.","breadcrumb":{"@id":"https:\/\/hultsfredstrandcamping.se\/de\/aktivitaten\/campingplatz\/sup-hultsfred\/#breadcrumb"},"inLanguage":"de","potentialAction":[{"@type":"ReadAction","target":["https:\/\/hultsfredstrandcamping.se\/de\/aktivitaten\/campingplatz\/sup-hultsfred\/"]}]},{"@type":"BreadcrumbList","@id":"https:\/\/hultsfredstrandcamping.se\/de\/aktivitaten\/campingplatz\/sup-hultsfred\/#breadcrumb","itemListElement":[{"@type":"ListItem","position":1,"name":"Hem","item":"https:\/\/hultsfredstrandcamping.se\/de\/startsida\/"},{"@type":"ListItem","position":2,"name":"Aktivit\u00e4ten","item":"https:\/\/hultsfredstrandcamping.se\/de\/aktivitaten\/"},{"@type":"ListItem","position":3,"name":"Aktivit\u00e4ten auf dem Campingplatz","item":"https:\/\/hultsfredstrandcamping.se\/de\/aktivitaten\/campingplatz\/"},{"@type":"ListItem","position":4,"name":"Mieten Sie SUP Hultsfred"}]},{"@type":"WebSite","@id":"https:\/\/hultsfredstrandcamping.se\/#website","url":"https:\/\/hultsfredstrandcamping.se\/","name":"Hultsfred Strandcamping","description":"Hultsfred Strandcamping","publisher":{"@id":"https:\/\/hultsfredstrandcamping.se\/#organization"},"potentialAction":[{"@type":"SearchAction","target":{"@type":"EntryPoint","urlTemplate":"https:\/\/hultsfredstrandcamping.se\/?s={search_term_string}"},"query-input":{"@type":"PropertyValueSpecification","valueRequired":true,"valueName":"search_term_string"}}],"inLanguage":"de"},{"@type":"Organization","@id":"https:\/\/hultsfredstrandcamping.se\/#organization","name":"Hultsfred Strandcamping","url":"https:\/\/hultsfredstrandcamping.se\/","logo":{"@type":"ImageObject","inLanguage":"de","@id":"https:\/\/hultsfredstrandcamping.se\/#\/schema\/logo\/image\/","url":"https:\/\/hultsfredstrandcamping.se\/wp-content\/uploads\/Hultsfred.Strandcamping-logo.png","contentUrl":"https:\/\/hultsfredstrandcamping.se\/wp-content\/uploads\/Hultsfred.Strandcamping-logo.png","width":340,"height":187,"caption":"Hultsfred Strandcamping"},"image":{"@id":"https:\/\/hultsfredstrandcamping.se\/#\/schema\/logo\/image\/"},"sameAs":["https:\/\/www.facebook.com\/hultsfredstrandcamping","https:\/\/www.instagram.com\/hultsfredstrandcamping\/"]}]}},"_links":{"self":[{"href":"https:\/\/hultsfredstrandcamping.se\/de\/wp-json\/wp\/v2\/pages\/2196","targetHints":{"allow":["GET"]}}],"collection":[{"href":"https:\/\/hultsfredstrandcamping.se\/de\/wp-json\/wp\/v2\/pages"}],"about":[{"href":"https:\/\/hultsfredstrandcamping.se\/de\/wp-json\/wp\/v2\/types\/page"}],"author":[{"embeddable":true,"href":"https:\/\/hultsfredstrandcamping.se\/de\/wp-json\/wp\/v2\/users\/1"}],"replies":[{"embeddable":true,"href":"https:\/\/hultsfredstrandcamping.se\/de\/wp-json\/wp\/v2\/comments?post=2196"}],"version-history":[{"count":10,"href":"https:\/\/hultsfredstrandcamping.se\/de\/wp-json\/wp\/v2\/pages\/2196\/revisions"}],"predecessor-version":[{"id":2842,"href":"https:\/\/hultsfredstrandcamping.se\/de\/wp-json\/wp\/v2\/pages\/2196\/revisions\/2842"}],"up":[{"embeddable":true,"href":"https:\/\/hultsfredstrandcamping.se\/de\/wp-json\/wp\/v2\/pages\/2178"}],"wp:attachment":[{"href":"https:\/\/hultsfredstrandcamping.se\/de\/wp-json\/wp\/v2\/media?parent=2196"}],"curies":[{"name":"wp","href":"https:\/\/api.w.org\/{rel}","templated":true}]}}