{"id":2199,"date":"2024-01-25T17:38:30","date_gmt":"2024-01-25T16:38:30","guid":{"rendered":"https:\/\/hultsfredstrandcamping.se\/aktivitaten\/campingplatz\/tretboot-hultsfred\/"},"modified":"2025-06-12T14:04:01","modified_gmt":"2025-06-12T12:04:01","slug":"tretboot-hultsfred","status":"publish","type":"page","link":"https:\/\/hultsfredstrandcamping.se\/de\/aktivitaten\/campingplatz\/tretboot-hultsfred\/","title":{"rendered":"Tretboot mieten Hultsfred"},"content":{"rendered":"<p>[et_pb_section fb_built=&#8220;1&#8243; disabled_on=&#8220;off|off|off&#8220; module_id=&#8220;hero3&#8243; _builder_version=&#8220;4.24.0&#8243; _module_preset=&#8220;default&#8220; custom_margin=&#8220;0px||0px||false|false&#8220; custom_padding=&#8220;0px||0px||false|false&#8220; locked=&#8220;off&#8220; global_colors_info=&#8220;{}&#8220;][et_pb_row column_structure=&#8220;1_2,1_2&#8243; use_custom_gutter=&#8220;on&#8220; gutter_width=&#8220;1&#8243; make_equal=&#8220;on&#8220; _builder_version=&#8220;4.24.0&#8243; _module_preset=&#8220;default&#8220; width=&#8220;100%&#8220; max_width=&#8220;100%&#8220; custom_margin=&#8220;0px||0px||false|false&#8220; custom_padding=&#8220;0px||0px||false|false&#8220; global_colors_info=&#8220;{}&#8220;][et_pb_column type=&#8220;1_2&#8243; module_class=&#8220;vertical-align&#8220; _builder_version=&#8220;4.24.0&#8243; _module_preset=&#8220;default&#8220; background_color=&#8220;#FFFFFF&#8220; custom_padding=&#8220;100px||100px||false|false&#8220; global_colors_info=&#8220;{}&#8220;][et_pb_icon font_icon=&#8220;&#xf13d;||fa||900&#8243; icon_color=&#8220;#F3D226&#8243; _builder_version=&#8220;4.24.0&#8243; _module_preset=&#8220;default&#8220; locked=&#8220;off&#8220; global_colors_info=&#8220;{}&#8220;][\/et_pb_icon][et_pb_text _builder_version=&#8220;4.25.1&#8243; _module_preset=&#8220;default&#8220; header_font=&#8220;|700|||||||&#8220; header_text_align=&#8220;center&#8220; header_font_size=&#8220;50px&#8220; header_2_font=&#8220;|700|||||||&#8220; header_2_text_align=&#8220;center&#8220; custom_padding=&#8220;||20px||false|false&#8220; locked=&#8220;off&#8220; global_colors_info=&#8220;{}&#8220;]<\/p>\n<h1>Tretboot mieten Hultsfred<\/h1>\n<h2>Jetzt online buchen!<\/h2>\n<p>Bei uns k\u00f6nnt ihr Tretboote mieten! Die perfekte Aktivit\u00e4t f\u00fcr Familien oder Freundesgruppen an einem sonnigen Tag! Jedes Tretboot hat 5 Sitzpl\u00e4tze.<\/p>\n<p>[\/et_pb_text][et_pb_code admin_label=&#8220;Aktivit\u00e4t buchen&#8220; _builder_version=&#8220;4.25.1&#8243; _module_preset=&#8220;default&#8220; text_orientation=&#8220;center&#8220; custom_padding=&#8220;0px|40px|0px|40px|false|false&#8220; global_module=&#8220;697&#8243; saved_tabs=&#8220;all&#8220; global_colors_info=&#8220;{}&#8220;]<script><!-- [et_pb_line_break_holder] -->  var APP_ID=\"a690e556262fbf087bd5c94634052cfda750707c66572a6155a2d8cc7d46c61f\";<!-- [et_pb_line_break_holder] -->  var WIDGET_ID=\"LOj9XwAP8T35God\";<!-- [et_pb_line_break_holder] -->  if (typeof window.outventuresSettings == \"undefined\") {window.outventuresSettings = [];}<!-- [et_pb_line_break_holder] -->  window.outventuresSettings.push({<!-- [et_pb_line_break_holder] -->    base_url: \"https:\/\/app.outventures.se\/widget\/\",<!-- [et_pb_line_break_holder] -->    app_id: APP_ID,<!-- [et_pb_line_break_holder] -->    widget_id: WIDGET_ID,<!-- [et_pb_line_break_holder] -->    floating: false,<!-- [et_pb_line_break_holder] -->    btn_text: {\"sv\":\"Boka aktivitet h\u00e4r\",\"en\":\"Book activity here\",\"de\":\"Aktivit\u00e4t buchen\"},<!-- [et_pb_line_break_holder] -->    btn_style: { \"size\": \"large\", \"bg\": \"##3f95d1\", \"color\": \"#ffffff\"},<!-- [et_pb_line_break_holder] -->    <!-- [et_pb_line_break_holder] -->  });<!-- [et_pb_line_break_holder] --><\/script><!-- [et_pb_line_break_holder] --><script id=\"ovbs-scriptLOj9XwAP8T35God\">var w=window;var d=document;var l=function(){var s=d.createElement(\"script\");s.type=\"text\/javascript\";s.async=true;s.src=\"https:\/\/app.outventures.se\/widget\/widget.js\";if(document.querySelectorAll('[src=\"' + s.src + '\"]').length == 0){var x=d.getElementsByTagName(\"script\")[0];x.parentNode.insertBefore(s, x);}};if(w.attachEvent){w.attachEvent(\"onload\",l);}else{w.addEventListener(\"load\",l,false);}<\/script>[\/et_pb_code][\/et_pb_column][et_pb_column type=&#8220;1_2&#8243; module_class=&#8220;image&#8220; _builder_version=&#8220;4.24.0&#8243; _module_preset=&#8220;default&#8220; global_colors_info=&#8220;{}&#8220;][et_pb_image src=&#8220;https:\/\/hultsfredstrandcamping.se\/wp-content\/uploads\/trampbat.avif&#8220; alt=&#8220;Tretboot mieten Hultsfred &#8211; Hultsfred Strandcamping&#8220; title_text=&#8220;Tretboot mieten Hultsfred &#8211; Hultsfred Strandcamping&#8220; force_fullwidth=&#8220;on&#8220; module_class=&#8220;cover&#8220; _builder_version=&#8220;4.24.2&#8243; _module_preset=&#8220;default&#8220; global_colors_info=&#8220;{}&#8220;][\/et_pb_image][\/et_pb_column][\/et_pb_row][\/et_pb_section][et_pb_section fb_built=&#8220;1&#8243; module_class=&#8220;graybg&#8220; _builder_version=&#8220;4.23.1&#8243; _module_preset=&#8220;default&#8220; custom_padding=&#8220;60px||100px|||&#8220; global_colors_info=&#8220;{}&#8220;][et_pb_row column_structure=&#8220;1_2,1_2&#8243; use_custom_gutter=&#8220;on&#8220; gutter_width=&#8220;1&#8243; make_equal=&#8220;on&#8220; _builder_version=&#8220;4.24.0&#8243; _module_preset=&#8220;default&#8220; background_color=&#8220;#FFFFFF&#8220; custom_margin=&#8220;40px||||false|false&#8220; custom_padding=&#8220;0px||0px||false|false&#8220; global_colors_info=&#8220;{}&#8220;][et_pb_column type=&#8220;1_2&#8243; _builder_version=&#8220;4.23.1&#8243; _module_preset=&#8220;default&#8220; global_colors_info=&#8220;{}&#8220;][et_pb_image src=&#8220;https:\/\/hultsfredstrandcamping.se\/wp-content\/uploads\/trampbat.jpg&#8220; alt=&#8220;Tretboot&#8220; title_text=&#8220;Tretboot&#8220; force_fullwidth=&#8220;on&#8220; module_class=&#8220;image-resize cover &#8220; _builder_version=&#8220;4.24.2&#8243; _module_preset=&#8220;default&#8220; global_colors_info=&#8220;{}&#8220;][\/et_pb_image][\/et_pb_column][et_pb_column type=&#8220;1_2&#8243; module_class=&#8220;vertical-align&#8220; _builder_version=&#8220;4.23.1&#8243; _module_preset=&#8220;default&#8220; background_enable_color=&#8220;off&#8220; global_colors_info=&#8220;{}&#8220;][et_pb_text _builder_version=&#8220;4.24.0&#8243; _module_preset=&#8220;default&#8220; global_colors_info=&#8220;{}&#8220;]<\/p>\n<h2>Tretboot in Hultsfred, Sm\u00e5land<\/h2>\n<p>Mieten Sie ein Tretboot an der Rezeption und buchen Sie es jetzt online. Eine Aktivit\u00e4t mit fremdartigem Flair an einem warmen und sonnigen Tag!<\/p>\n<p>[\/et_pb_text][\/et_pb_column][\/et_pb_row][et_pb_row column_structure=&#8220;1_2,1_2&#8243; use_custom_gutter=&#8220;on&#8220; gutter_width=&#8220;1&#8243; make_equal=&#8220;on&#8220; _builder_version=&#8220;4.24.0&#8243; _module_preset=&#8220;default&#8220; background_color=&#8220;#FFFFFF&#8220; custom_margin=&#8220;40px||||false|false&#8220; custom_padding=&#8220;0px||0px||false|false&#8220; locked=&#8220;off&#8220; global_colors_info=&#8220;{}&#8220;][et_pb_column type=&#8220;1_2&#8243; module_class=&#8220;vertical-align&#8220; _builder_version=&#8220;4.23.1&#8243; _module_preset=&#8220;default&#8220; background_enable_color=&#8220;off&#8220; global_colors_info=&#8220;{}&#8220;][et_pb_text _builder_version=&#8220;4.24.0&#8243; _module_preset=&#8220;default&#8220; custom_padding=&#8220;||30px||false|false&#8220; global_colors_info=&#8220;{}&#8220;]<\/p>\n<h2>Preis<\/h2>\n<table border=\"1\" style=\"border-collapse: collapse; width: 100%;\">\n<tbody>\n<tr>\n<td style=\"width: 50%;\" colspan=\"2\">\n<h3>Tretboot<\/h3>\n<\/td>\n<\/tr>\n<tr style=\"height: 24px;\">\n<td style=\"width: 50%;\">0-1h<\/td>\n<td style=\"width: 50%;\">250 SEK<\/td>\n<\/tr>\n<tr>\n<td style=\"width: 50%;\">1-2h<\/td>\n<td style=\"width: 50%;\">300 SEK<\/td>\n<\/tr>\n<tr>\n<td style=\"width: 50%;\">2-4h<\/td>\n<td style=\"width: 50%;\">400 SEK<\/td>\n<\/tr>\n<tr>\n<td style=\"width: 50%;\">Ganzen Tag<\/td>\n<td style=\"width: 50%;\">500 SEK<\/td>\n<\/tr>\n<\/tbody>\n<\/table>\n<p>[\/et_pb_text][\/et_pb_column][et_pb_column type=&#8220;1_2&#8243; module_class=&#8220;image&#8220; _builder_version=&#8220;4.24.0&#8243; _module_preset=&#8220;default&#8220; global_colors_info=&#8220;{}&#8220;][et_pb_image src=&#8220;https:\/\/hultsfredstrandcamping.se\/wp-content\/uploads\/flygfoto-2025-01.jpg&#8220; alt=&#8220;Hultsfred Strandcamping&#8220; title_text=&#8220;Hultsfred Strandcamping&#8220; force_fullwidth=&#8220;on&#8220; module_class=&#8220;cover &#8220; _builder_version=&#8220;4.27.4&#8243; _module_preset=&#8220;default&#8220; hover_enabled=&#8220;0&#8243; global_colors_info=&#8220;{}&#8220; sticky_enabled=&#8220;0&#8243;][\/et_pb_image][\/et_pb_column][\/et_pb_row][\/et_pb_section]<\/p>\n","protected":false},"excerpt":{"rendered":"<p>Tretboot mieten Hultsfred Jetzt online buchen! Bei uns k\u00f6nnt ihr Tretboote mieten! Die perfekte Aktivit\u00e4t f\u00fcr Familien oder Freundesgruppen an einem sonnigen Tag! Jedes Tretboot hat 5 Sitzpl\u00e4tze.Tretboot in Hultsfred, Sm\u00e5land Mieten Sie ein Tretboot an der Rezeption und buchen Sie es jetzt online. Eine Aktivit\u00e4t mit fremdartigem Flair an einem warmen und sonnigen Tag!Preis [&hellip;]<\/p>\n","protected":false},"author":1,"featured_media":0,"parent":2178,"menu_order":0,"comment_status":"closed","ping_status":"closed","template":"","meta":{"_acf_changed":false,"_et_pb_use_builder":"on","_et_pb_old_content":"","_et_gb_content_width":"","footnotes":""},"class_list":["post-2199","page","type-page","status-publish","hentry"],"acf":[],"yoast_head":"<!-- This site is optimized with the Yoast SEO plugin v27.4 - https:\/\/yoast.com\/product\/yoast-seo-wordpress\/ -->\n<title>Tretboot mieten Hultsfred - Hultsfred Strandcamping<\/title>\n<meta name=\"description\" content=\"Bei uns k\u00f6nnt ihr Tretboote mieten! Die perfekte Aktivit\u00e4t f\u00fcr Familien oder Freundesgruppen an einem sonnigen Tag! Eine Aktivit\u00e4t mit echtem Urlaubsfeeling. Jetzt online buchen!\" \/>\n<meta name=\"robots\" content=\"index, follow, max-snippet:-1, max-image-preview:large, max-video-preview:-1\" \/>\n<link rel=\"canonical\" href=\"https:\/\/hultsfredstrandcamping.se\/de\/aktivitaten\/campingplatz\/tretboot-hultsfred\/\" \/>\n<meta property=\"og:locale\" content=\"de_DE\" \/>\n<meta property=\"og:type\" content=\"article\" \/>\n<meta property=\"og:title\" content=\"Tretboot mieten Hultsfred - Hultsfred Strandcamping\" \/>\n<meta property=\"og:description\" content=\"Bei uns k\u00f6nnt ihr Tretboote mieten! Die perfekte Aktivit\u00e4t f\u00fcr Familien oder Freundesgruppen an einem sonnigen Tag! Eine Aktivit\u00e4t mit echtem Urlaubsfeeling. Jetzt online buchen!\" \/>\n<meta property=\"og:url\" content=\"https:\/\/hultsfredstrandcamping.se\/de\/aktivitaten\/campingplatz\/tretboot-hultsfred\/\" \/>\n<meta property=\"og:site_name\" content=\"Hultsfred Strandcamping\" \/>\n<meta property=\"article:publisher\" content=\"https:\/\/www.facebook.com\/hultsfredstrandcamping\" \/>\n<meta property=\"article:modified_time\" content=\"2025-06-12T12:04:01+00:00\" \/>\n<script type=\"application\/ld+json\" class=\"yoast-schema-graph\">{\"@context\":\"https:\\\/\\\/schema.org\",\"@graph\":[{\"@type\":\"WebPage\",\"@id\":\"https:\\\/\\\/hultsfredstrandcamping.se\\\/de\\\/aktivitaten\\\/campingplatz\\\/tretboot-hultsfred\\\/\",\"url\":\"https:\\\/\\\/hultsfredstrandcamping.se\\\/de\\\/aktivitaten\\\/campingplatz\\\/tretboot-hultsfred\\\/\",\"name\":\"Tretboot mieten Hultsfred - Hultsfred Strandcamping\",\"isPartOf\":{\"@id\":\"https:\\\/\\\/hultsfredstrandcamping.se\\\/#website\"},\"datePublished\":\"2024-01-25T16:38:30+00:00\",\"dateModified\":\"2025-06-12T12:04:01+00:00\",\"description\":\"Bei uns k\u00f6nnt ihr Tretboote mieten! Die perfekte Aktivit\u00e4t f\u00fcr Familien oder Freundesgruppen an einem sonnigen Tag! Eine Aktivit\u00e4t mit echtem Urlaubsfeeling. Jetzt online buchen!\",\"breadcrumb\":{\"@id\":\"https:\\\/\\\/hultsfredstrandcamping.se\\\/de\\\/aktivitaten\\\/campingplatz\\\/tretboot-hultsfred\\\/#breadcrumb\"},\"inLanguage\":\"de\",\"potentialAction\":[{\"@type\":\"ReadAction\",\"target\":[\"https:\\\/\\\/hultsfredstrandcamping.se\\\/de\\\/aktivitaten\\\/campingplatz\\\/tretboot-hultsfred\\\/\"]}]},{\"@type\":\"BreadcrumbList\",\"@id\":\"https:\\\/\\\/hultsfredstrandcamping.se\\\/de\\\/aktivitaten\\\/campingplatz\\\/tretboot-hultsfred\\\/#breadcrumb\",\"itemListElement\":[{\"@type\":\"ListItem\",\"position\":1,\"name\":\"Hem\",\"item\":\"https:\\\/\\\/hultsfredstrandcamping.se\\\/de\\\/startsida\\\/\"},{\"@type\":\"ListItem\",\"position\":2,\"name\":\"Aktivit\u00e4ten\",\"item\":\"https:\\\/\\\/hultsfredstrandcamping.se\\\/de\\\/aktivitaten\\\/\"},{\"@type\":\"ListItem\",\"position\":3,\"name\":\"Aktivit\u00e4ten auf dem Campingplatz\",\"item\":\"https:\\\/\\\/hultsfredstrandcamping.se\\\/de\\\/aktivitaten\\\/campingplatz\\\/\"},{\"@type\":\"ListItem\",\"position\":4,\"name\":\"Tretboot mieten Hultsfred\"}]},{\"@type\":\"WebSite\",\"@id\":\"https:\\\/\\\/hultsfredstrandcamping.se\\\/#website\",\"url\":\"https:\\\/\\\/hultsfredstrandcamping.se\\\/\",\"name\":\"Hultsfred Strandcamping\",\"description\":\"Hultsfred Strandcamping\",\"publisher\":{\"@id\":\"https:\\\/\\\/hultsfredstrandcamping.se\\\/#organization\"},\"potentialAction\":[{\"@type\":\"SearchAction\",\"target\":{\"@type\":\"EntryPoint\",\"urlTemplate\":\"https:\\\/\\\/hultsfredstrandcamping.se\\\/?s={search_term_string}\"},\"query-input\":{\"@type\":\"PropertyValueSpecification\",\"valueRequired\":true,\"valueName\":\"search_term_string\"}}],\"inLanguage\":\"de\"},{\"@type\":\"Organization\",\"@id\":\"https:\\\/\\\/hultsfredstrandcamping.se\\\/#organization\",\"name\":\"Hultsfred Strandcamping\",\"url\":\"https:\\\/\\\/hultsfredstrandcamping.se\\\/\",\"logo\":{\"@type\":\"ImageObject\",\"inLanguage\":\"de\",\"@id\":\"https:\\\/\\\/hultsfredstrandcamping.se\\\/#\\\/schema\\\/logo\\\/image\\\/\",\"url\":\"https:\\\/\\\/hultsfredstrandcamping.se\\\/wp-content\\\/uploads\\\/Hultsfred.Strandcamping-logo.png\",\"contentUrl\":\"https:\\\/\\\/hultsfredstrandcamping.se\\\/wp-content\\\/uploads\\\/Hultsfred.Strandcamping-logo.png\",\"width\":340,\"height\":187,\"caption\":\"Hultsfred Strandcamping\"},\"image\":{\"@id\":\"https:\\\/\\\/hultsfredstrandcamping.se\\\/#\\\/schema\\\/logo\\\/image\\\/\"},\"sameAs\":[\"https:\\\/\\\/www.facebook.com\\\/hultsfredstrandcamping\",\"https:\\\/\\\/www.instagram.com\\\/hultsfredstrandcamping\\\/\"]}]}<\/script>\n<!-- \/ Yoast SEO plugin. -->","yoast_head_json":{"title":"Tretboot mieten Hultsfred - Hultsfred Strandcamping","description":"Bei uns k\u00f6nnt ihr Tretboote mieten! Die perfekte Aktivit\u00e4t f\u00fcr Familien oder Freundesgruppen an einem sonnigen Tag! Eine Aktivit\u00e4t mit echtem Urlaubsfeeling. Jetzt online buchen!","robots":{"index":"index","follow":"follow","max-snippet":"max-snippet:-1","max-image-preview":"max-image-preview:large","max-video-preview":"max-video-preview:-1"},"canonical":"https:\/\/hultsfredstrandcamping.se\/de\/aktivitaten\/campingplatz\/tretboot-hultsfred\/","og_locale":"de_DE","og_type":"article","og_title":"Tretboot mieten Hultsfred - Hultsfred Strandcamping","og_description":"Bei uns k\u00f6nnt ihr Tretboote mieten! Die perfekte Aktivit\u00e4t f\u00fcr Familien oder Freundesgruppen an einem sonnigen Tag! Eine Aktivit\u00e4t mit echtem Urlaubsfeeling. Jetzt online buchen!","og_url":"https:\/\/hultsfredstrandcamping.se\/de\/aktivitaten\/campingplatz\/tretboot-hultsfred\/","og_site_name":"Hultsfred Strandcamping","article_publisher":"https:\/\/www.facebook.com\/hultsfredstrandcamping","article_modified_time":"2025-06-12T12:04:01+00:00","schema":{"@context":"https:\/\/schema.org","@graph":[{"@type":"WebPage","@id":"https:\/\/hultsfredstrandcamping.se\/de\/aktivitaten\/campingplatz\/tretboot-hultsfred\/","url":"https:\/\/hultsfredstrandcamping.se\/de\/aktivitaten\/campingplatz\/tretboot-hultsfred\/","name":"Tretboot mieten Hultsfred - Hultsfred Strandcamping","isPartOf":{"@id":"https:\/\/hultsfredstrandcamping.se\/#website"},"datePublished":"2024-01-25T16:38:30+00:00","dateModified":"2025-06-12T12:04:01+00:00","description":"Bei uns k\u00f6nnt ihr Tretboote mieten! Die perfekte Aktivit\u00e4t f\u00fcr Familien oder Freundesgruppen an einem sonnigen Tag! Eine Aktivit\u00e4t mit echtem Urlaubsfeeling. Jetzt online buchen!","breadcrumb":{"@id":"https:\/\/hultsfredstrandcamping.se\/de\/aktivitaten\/campingplatz\/tretboot-hultsfred\/#breadcrumb"},"inLanguage":"de","potentialAction":[{"@type":"ReadAction","target":["https:\/\/hultsfredstrandcamping.se\/de\/aktivitaten\/campingplatz\/tretboot-hultsfred\/"]}]},{"@type":"BreadcrumbList","@id":"https:\/\/hultsfredstrandcamping.se\/de\/aktivitaten\/campingplatz\/tretboot-hultsfred\/#breadcrumb","itemListElement":[{"@type":"ListItem","position":1,"name":"Hem","item":"https:\/\/hultsfredstrandcamping.se\/de\/startsida\/"},{"@type":"ListItem","position":2,"name":"Aktivit\u00e4ten","item":"https:\/\/hultsfredstrandcamping.se\/de\/aktivitaten\/"},{"@type":"ListItem","position":3,"name":"Aktivit\u00e4ten auf dem Campingplatz","item":"https:\/\/hultsfredstrandcamping.se\/de\/aktivitaten\/campingplatz\/"},{"@type":"ListItem","position":4,"name":"Tretboot mieten Hultsfred"}]},{"@type":"WebSite","@id":"https:\/\/hultsfredstrandcamping.se\/#website","url":"https:\/\/hultsfredstrandcamping.se\/","name":"Hultsfred Strandcamping","description":"Hultsfred Strandcamping","publisher":{"@id":"https:\/\/hultsfredstrandcamping.se\/#organization"},"potentialAction":[{"@type":"SearchAction","target":{"@type":"EntryPoint","urlTemplate":"https:\/\/hultsfredstrandcamping.se\/?s={search_term_string}"},"query-input":{"@type":"PropertyValueSpecification","valueRequired":true,"valueName":"search_term_string"}}],"inLanguage":"de"},{"@type":"Organization","@id":"https:\/\/hultsfredstrandcamping.se\/#organization","name":"Hultsfred Strandcamping","url":"https:\/\/hultsfredstrandcamping.se\/","logo":{"@type":"ImageObject","inLanguage":"de","@id":"https:\/\/hultsfredstrandcamping.se\/#\/schema\/logo\/image\/","url":"https:\/\/hultsfredstrandcamping.se\/wp-content\/uploads\/Hultsfred.Strandcamping-logo.png","contentUrl":"https:\/\/hultsfredstrandcamping.se\/wp-content\/uploads\/Hultsfred.Strandcamping-logo.png","width":340,"height":187,"caption":"Hultsfred Strandcamping"},"image":{"@id":"https:\/\/hultsfredstrandcamping.se\/#\/schema\/logo\/image\/"},"sameAs":["https:\/\/www.facebook.com\/hultsfredstrandcamping","https:\/\/www.instagram.com\/hultsfredstrandcamping\/"]}]}},"_links":{"self":[{"href":"https:\/\/hultsfredstrandcamping.se\/de\/wp-json\/wp\/v2\/pages\/2199","targetHints":{"allow":["GET"]}}],"collection":[{"href":"https:\/\/hultsfredstrandcamping.se\/de\/wp-json\/wp\/v2\/pages"}],"about":[{"href":"https:\/\/hultsfredstrandcamping.se\/de\/wp-json\/wp\/v2\/types\/page"}],"author":[{"embeddable":true,"href":"https:\/\/hultsfredstrandcamping.se\/de\/wp-json\/wp\/v2\/users\/1"}],"replies":[{"embeddable":true,"href":"https:\/\/hultsfredstrandcamping.se\/de\/wp-json\/wp\/v2\/comments?post=2199"}],"version-history":[{"count":7,"href":"https:\/\/hultsfredstrandcamping.se\/de\/wp-json\/wp\/v2\/pages\/2199\/revisions"}],"predecessor-version":[{"id":3135,"href":"https:\/\/hultsfredstrandcamping.se\/de\/wp-json\/wp\/v2\/pages\/2199\/revisions\/3135"}],"up":[{"embeddable":true,"href":"https:\/\/hultsfredstrandcamping.se\/de\/wp-json\/wp\/v2\/pages\/2178"}],"wp:attachment":[{"href":"https:\/\/hultsfredstrandcamping.se\/de\/wp-json\/wp\/v2\/media?parent=2199"}],"curies":[{"name":"wp","href":"https:\/\/api.w.org\/{rel}","templated":true}]}}